{"id":2584,"date":"2026-03-24T14:42:13","date_gmt":"2026-03-24T14:42:13","guid":{"rendered":"https:\/\/minervainstitute.fi\/?page_id=2584"},"modified":"2026-03-24T15:17:25","modified_gmt":"2026-03-24T15:17:25","slug":"lediga-tjanster","status":"publish","type":"page","link":"https:\/\/minervainstitute.fi\/sv\/lediga-tjanster\/","title":{"rendered":"Lediga tj\u00e4nster"},"content":{"rendered":"<p><div class=\"fusion-fullwidth fullwidth-box fusion-builder-row-1 fusion-flex-container has-pattern-background has-mask-background nonhundred-percent-fullwidth non-hundred-percent-height-scrolling\" style=\"--awb-border-radius-top-left:0px;--awb-border-radius-top-right:0px;--awb-border-radius-bottom-right:0px;--awb-border-radius-bottom-left:0px;--awb-flex-wrap:wrap;\" ><div class=\"fusion-builder-row fusion-row fusion-flex-align-items-flex-start fusion-flex-content-wrap\" style=\"max-width:1248px;margin-left: calc(-4% \/ 2 );margin-right: calc(-4% \/ 2 );\"><div class=\"fusion-layout-column fusion_builder_column fusion-builder-column-0 fusion_builder_column_1_1 1_1 fusion-flex-column\" style=\"--awb-bg-size:cover;--awb-width-large:100%;--awb-margin-top-large:0px;--awb-spacing-right-large:1.92%;--awb-margin-bottom-large:20px;--awb-spacing-left-large:1.92%;--awb-width-medium:100%;--awb-order-medium:0;--awb-spacing-right-medium:1.92%;--awb-spacing-left-medium:1.92%;--awb-width-small:100%;--awb-order-small:0;--awb-spacing-right-small:1.92%;--awb-spacing-left-small:1.92%;\" data-scroll-devices=\"small-visibility,medium-visibility,large-visibility\"><div class=\"fusion-column-wrapper fusion-column-has-shadow fusion-flex-justify-content-flex-start fusion-content-layout-column\"><div class=\"fusion-text fusion-text-1\" style=\"--awb-max-width:75ch;--awb-max-width-medium:75ch;\"><h1>Skapa framtidens forskning p\u00e5 Medicinska forskningsinstitutet Minerva!<\/h1>\n<\/div><div class=\"fusion-separator\" style=\"align-self: flex-start;margin-right:auto;margin-top:10px;margin-bottom:20px;width:100%;max-width:35%;\"><div class=\"fusion-separator-border sep-single sep-solid\" style=\"--awb-height:20px;--awb-amount:20px;--awb-sep-color:var(--awb-color6);border-color:var(--awb-color6);border-top-width:3px;\"><\/div><\/div><div class=\"fusion-separator fusion-full-width-sep\" style=\"align-self: center;margin-left: auto;margin-right: auto;margin-top:20px;width:100%;\"><\/div><div class=\"fusion-text fusion-text-2\" style=\"--awb-max-width:80ch;--awb-max-width-medium:80ch;\"><h3>Medicinska forskningsinstitutet Minerva<\/h3>\n<p>Vi p\u00e5 Minerva \u00e4r alltid nyfikna p\u00e5 nya talanger och forskare som delar v\u00e5r passion f\u00f6r vetenskap. Vi s\u00f6ker dig som vill utmana dig sj\u00e4lv och ta forskningen till n\u00e4sta niv\u00e5 tillsammans med oss.<\/p>\n<h3>S\u00e5 s\u00f6ker du jobb p\u00e5 Minerva<\/h3>\n<p>Just nu har vi inga lediga tj\u00e4nster. Du kan dock skicka in en \u00f6ppen ans\u00f6kan via formul\u00e4ret nedan.<\/p>\n<p>Observera att du endast kan ans\u00f6ka via v\u00e5rt ans\u00f6kningsformul\u00e4r. Vi behandlar inga ans\u00f6kningar som skickas per e-post.<\/p>\n<h3>Pro gradu-avhandling, doktorsavhandling eller sommarjobb<\/h3>\n<p>Minerva erbjuder m\u00f6jligheter \u00e4ven f\u00f6r studerande och forskare i b\u00f6rjan av sin karri\u00e4r. Vi anst\u00e4ller sommarstuderande till v\u00e5ra olika forskningsgrupper, men antalet lediga platser och fokusomr\u00e5den varierar fr\u00e5n \u00e5r till \u00e5r.<\/p>\n<p>Det \u00e4r ocks\u00e5 m\u00f6jligt att genomf\u00f6ra sin doktorsavhandling eller pro gradu-avhandling vid Minerva.<\/p>\n<h3>Forskningsgrupper p\u00e5 Minerva<\/h3>\n<p>Minerva har tio olika forskningsgrupper. Grupperna arbetar med olika teman, fr\u00e5n hj\u00e4rt- och k\u00e4rlforskning till epigenomik. Du kan l\u00e4sa mer om forskningsgrupperna och deras teman p\u00e5 sidan Forskningsgrupper [LINK].<\/p>\n<h3>\u00c4r du intresserad av att bli en av oss?<\/h3>\n<p>Fyll i formul\u00e4ret nedan och ange tydligt vilken typ av anst\u00e4llning eller uppdrag du \u00e4r intresserad av: forskartj\u00e4nst, sommarjobb, doktorsavhandling, pro gradu-avhandling inom en specifik forskningsgrupp eller en \u00f6ppen ans\u00f6kan.<\/p>\n<\/div><\/div><\/div><\/div><\/div><div class=\"fusion-fullwidth fullwidth-box fusion-builder-row-2 fusion-flex-container has-pattern-background has-mask-background nonhundred-percent-fullwidth non-hundred-percent-height-scrolling\" style=\"--awb-border-radius-top-left:0px;--awb-border-radius-top-right:0px;--awb-border-radius-bottom-right:0px;--awb-border-radius-bottom-left:0px;--awb-margin-top:30px;--awb-margin-top-medium:30px;--awb-margin-top-small:20px;--awb-flex-wrap:wrap;\" ><div class=\"fusion-builder-row fusion-row fusion-flex-align-items-flex-start fusion-flex-content-wrap\" style=\"max-width:1248px;margin-left: calc(-4% \/ 2 );margin-right: calc(-4% \/ 2 );\"><div class=\"fusion-layout-column fusion_builder_column fusion-builder-column-1 fusion_builder_column_3_4 3_4 fusion-flex-column\" style=\"--awb-bg-size:cover;--awb-width-large:75%;--awb-margin-top-large:0px;--awb-spacing-right-large:2.56%;--awb-margin-bottom-large:20px;--awb-spacing-left-large:2.56%;--awb-width-medium:80%;--awb-order-medium:0;--awb-spacing-right-medium:2.4%;--awb-spacing-left-medium:2.4%;--awb-width-small:100%;--awb-order-small:0;--awb-spacing-right-small:1.92%;--awb-spacing-left-small:1.92%;\" data-scroll-devices=\"small-visibility,medium-visibility,large-visibility\"><div class=\"fusion-column-wrapper fusion-column-has-shadow fusion-flex-justify-content-flex-start fusion-content-layout-column\"><div class=\"fusion-form fusion-form-builder fusion-form-form-wrapper fusion-form-2571\" style=\"--awb-tooltip-text-color:#ffffff;--awb-tooltip-background-color:#333333;--awb-form-border-color:var(--awb-color4);--awb-required-field-symbol-deco:none;\" data-form-id=\"2571\" data-config=\"{&quot;form_id&quot;:2571,&quot;form_post_id&quot;:2571,&quot;post_id&quot;:2584,&quot;form_type&quot;:&quot;ajax&quot;,&quot;confirmation_type&quot;:[&quot;message&quot;],&quot;redirect_url&quot;:&quot;&quot;,&quot;redirect_timeout&quot;:&quot;0&quot;,&quot;field_labels&quot;:{&quot;name&quot;:&quot;Namn&quot;,&quot;email&quot;:&quot;E-post&quot;,&quot;phone_number&quot;:&quot;Telefonnummer&quot;,&quot;application_choice&quot;:&quot;V\\u00e4lj det som passar b\\u00e4st in p\\u00e5 dig:&quot;,&quot;interest_group&quot;:&quot;Vilken forskningsgrupp \\u00e4r du intresserad av? (Du kan v\\u00e4lja flera)&quot;,&quot;introduction&quot;:&quot;Ber\\u00e4tta kort om dig sj\\u00e4lv och varf\\u00f6r du vill arbeta p\\u00e5 Minerva&quot;,&quot;previous_work_experience&quot;:&quot;Beskriv din tidigare arbetslivserfarenhet, din forskarbakgrund eller dina studier&quot;,&quot;store_information&quot;:&quot;Datasamtycke&quot;},&quot;field_logics&quot;:{&quot;name&quot;:&quot;&quot;,&quot;email&quot;:&quot;&quot;,&quot;phone_number&quot;:&quot;&quot;,&quot;application_choice&quot;:&quot;&quot;,&quot;interest_group&quot;:&quot;&quot;,&quot;introduction&quot;:&quot;&quot;,&quot;previous_work_experience&quot;:&quot;&quot;,&quot;store_information&quot;:&quot;&quot;,&quot;submit_1&quot;:&quot;&quot;,&quot;notice_1&quot;:&quot;&quot;},&quot;field_types&quot;:{&quot;hypot_field&quot;:&quot;honeypot&quot;,&quot;name&quot;:&quot;text&quot;,&quot;email&quot;:&quot;email&quot;,&quot;phone_number&quot;:&quot;phone_number&quot;,&quot;application_choice&quot;:&quot;radio&quot;,&quot;interest_group&quot;:&quot;checkbox&quot;,&quot;introduction&quot;:&quot;textarea&quot;,&quot;previous_work_experience&quot;:&quot;textarea&quot;,&quot;store_information&quot;:&quot;consent&quot;,&quot;submit_1&quot;:&quot;submit&quot;,&quot;notice_1&quot;:&quot;notice&quot;},&quot;nonce_method&quot;:&quot;ajax&quot;,&quot;form_views&quot;:&quot;&quot;,&quot;form_views_counting&quot;:&quot;&quot;}\"><form action=\"https:\/\/minervainstitute.fi\/sv\/lediga-tjanster\/\" method=\"post\" class=\"fusion-form fusion-form-2571\"><div class=\"fusion-fullwidth fullwidth-box fusion-builder-row-2-1 fusion-flex-container has-pattern-background has-mask-background nonhundred-percent-fullwidth non-hundred-percent-height-scrolling\" style=\"--awb-border-radius-top-left:0px;--awb-border-radius-top-right:0px;--awb-border-radius-bottom-right:0px;--awb-border-radius-bottom-left:0px;--awb-padding-top:20px;--awb-padding-right:30px;--awb-padding-bottom:20px;--awb-padding-left:30px;--awb-padding-top-medium:20px;--awb-padding-right-medium:30px;--awb-padding-bottom-medium:20px;--awb-padding-left-medium:30px;--awb-padding-top-small:20px;--awb-padding-right-small:30px;--awb-padding-bottom-small:20px;--awb-padding-left-small:30px;--awb-background-color:var(--awb-color3);--awb-flex-wrap:wrap;\" ><div class=\"fusion-builder-row fusion-row fusion-flex-align-items-flex-start fusion-flex-content-wrap\" style=\"width:104% !important;max-width:104% !important;margin-left: calc(-4% \/ 2 );margin-right: calc(-4% \/ 2 );\"><div class=\"fusion-layout-column fusion_builder_column fusion-builder-column-2 fusion_builder_column_1_1 1_1 fusion-flex-column\" style=\"--awb-bg-color:transparent;--awb-bg-color-hover:transparent;--awb-bg-size:cover;--awb-width-large:100%;--awb-flex-grow:0;--awb-flex-shrink:0;--awb-margin-top-large:0px;--awb-spacing-right-large:1.92%;--awb-margin-bottom-large:20px;--awb-spacing-left-large:1.92%;--awb-width-medium:100%;--awb-order-medium:0;--awb-flex-grow-medium:0;--awb-flex-shrink-medium:0;--awb-spacing-right-medium:1.92%;--awb-spacing-left-medium:1.92%;--awb-width-small:100%;--awb-order-small:0;--awb-flex-grow-small:0;--awb-flex-shrink-small:0;--awb-spacing-right-small:1.92%;--awb-spacing-left-small:1.92%;\" data-scroll-devices=\"small-visibility,medium-visibility,large-visibility\"><div class=\"fusion-column-wrapper fusion-column-has-shadow fusion-flex-justify-content-flex-start fusion-content-layout-column\"><div class=\"fusion-form-field fusion-form-honeypot-field fusion-form-label-above\" style=\"\" data-form-id=\"2571\"><input type=\"hidden\" tabindex=\"-1\" name=\"hypot_field\" class=\"fusion-form-input\" autocomplete=\"hypot-69d81470e349c\" aria-hidden=\"true\" data-fusion-is-honeypot=\"true\"><\/div><div class=\"fusion-form-field fusion-form-text-field fusion-form-label-above\" style=\"\" data-form-id=\"2571\"><div class=\"fusion-form-label-wrapper\"><label for=\"name\">Namn <abbr class=\"fusion-form-element-required\" title=\"required\">*<\/abbr><\/label><\/div><input type=\"text\" autocomplete=\"name\" name=\"name\" id=\"name\" value=\"\"  class=\"fusion-form-input\" required=\"true\" aria-required=\"true\" data-holds-private-data=\"false\" minlength=\"0\"\/><\/div><div class=\"fusion-form-field fusion-form-email-field fusion-form-label-above\" style=\"\" data-form-id=\"2571\"><div class=\"fusion-form-label-wrapper\"><label for=\"email\">E-post <abbr class=\"fusion-form-element-required\" title=\"required\">*<\/abbr><\/label><\/div><input type=\"email\" autocomplete=\"email\" name=\"email\" id=\"email\" value=\"\"  class=\"fusion-form-input\" required=\"true\" aria-required=\"true\" data-holds-private-data=\"false\"\/><\/div><div class=\"fusion-form-field fusion-form-phone-number-field fusion-form-label-above\" style=\"\" data-form-id=\"2571\"><div class=\"fusion-form-label-wrapper\"><label for=\"phone_number\">Telefonnummer<\/label><\/div><input type=\"tel\" autocomplete=\"mobile\" name=\"phone_number\" id=\"phone_number\" value=\"\"  class=\"fusion-form-input\" data-holds-private-data=\"false\"\/><\/div><div class=\"fusion-form-field fusion-form-radio-field fusion-form-label-above\" style=\"\" data-form-id=\"2571\"><fieldset><legend class=\"fusion-form-label-wrapper\"><span class=\"label\">V\u00e4lj det som passar b\u00e4st in p\u00e5 dig: <abbr class=\"fusion-form-element-required\" title=\"required\">*<\/abbr><\/span><\/legend><div class=\"fusion-form-radio\"><input tabindex=\"\" id=\"radio-application_choice-1-0\" type=\"radio\" value=\"Jag s\u00f6ker en ledig tj\u00e4nst som forskare\" name=\"application_choice\" class=\"fusion-form-input\" required=\"true\" aria-required=\"true\" data-holds-private-data=\"false\"\/><label for=\"radio-application_choice-1-0\">Jag s\u00f6ker en ledig tj\u00e4nst som forskare<\/label><\/div><div class=\"fusion-form-radio\"><input tabindex=\"\" id=\"radio-application_choice-1-1\" type=\"radio\" value=\"Sommarjobb p\u00e5 Minerva\" name=\"application_choice\" class=\"fusion-form-input\" required=\"true\" aria-required=\"true\" data-holds-private-data=\"false\"\/><label for=\"radio-application_choice-1-1\">Sommarjobb p\u00e5 Minerva<\/label><\/div><div class=\"fusion-form-radio\"><input tabindex=\"\" id=\"radio-application_choice-1-2\" type=\"radio\" value=\"Doktorsavhandling p\u00e5 Minerva\" name=\"application_choice\" class=\"fusion-form-input\" required=\"true\" aria-required=\"true\" data-holds-private-data=\"false\"\/><label for=\"radio-application_choice-1-2\">Doktorsavhandling p\u00e5 Minerva<\/label><\/div><div class=\"fusion-form-radio\"><input tabindex=\"\" id=\"radio-application_choice-1-3\" type=\"radio\" value=\"Pro gradu-avhandling\" name=\"application_choice\" class=\"fusion-form-input\" required=\"true\" aria-required=\"true\" data-holds-private-data=\"false\"\/><label for=\"radio-application_choice-1-3\">Pro gradu-avhandling<\/label><\/div><div class=\"fusion-form-radio\"><input tabindex=\"\" id=\"radio-application_choice-1-4\" type=\"radio\" value=\"\u00d6ppen ans\u00f6kan\" name=\"application_choice\" class=\"fusion-form-input\" required=\"true\" aria-required=\"true\" data-holds-private-data=\"false\"\/><label for=\"radio-application_choice-1-4\">\u00d6ppen ans\u00f6kan<\/label><\/div><\/fieldset><\/div><div class=\"fusion-form-field fusion-form-checkbox-field fusion-form-label-above\" style=\"\" data-form-id=\"2571\"><fieldset data-awb-fieldset-min-required=\"1\" data-awb-fieldset-max-required=\"0\" data-awb-fieldset-error=\"Please select at least 1 checkbox from this field.\"><legend class=\"fusion-form-label-wrapper\"><span class=\"label\">Vilken forskningsgrupp \u00e4r du intresserad av? (Du kan v\u00e4lja flera) <abbr class=\"fusion-form-element-required\" title=\"Please select at least 1 checkbox from this field.\">*<\/abbr><\/span><\/legend><div class=\"fusion-form-checkbox\"><input tabindex=\"\" id=\"checkbox-interest_group-1-0\" type=\"checkbox\" value=\"Hj\u00e4rt- och njursjukdomar i diabetes\" name=\"interest_group[]\" class=\"fusion-form-input\" data-holds-private-data=\"false\"\/><label for=\"checkbox-interest_group-1-0\">Hj\u00e4rt- och njursjukdomar i diabetes<\/label><\/div><div class=\"fusion-form-checkbox\"><input tabindex=\"\" id=\"checkbox-interest_group-1-1\" type=\"checkbox\" value=\"Kardiovaskul\u00e4r sjukdom hos barn och unga\" name=\"interest_group[]\" class=\"fusion-form-input\" data-holds-private-data=\"false\"\/><label for=\"checkbox-interest_group-1-1\">Kardiovaskul\u00e4r sjukdom hos barn och unga<\/label><\/div><div class=\"fusion-form-checkbox\"><input tabindex=\"\" id=\"checkbox-interest_group-1-2\" type=\"checkbox\" value=\"Hj\u00e4rt- och k\u00e4rlforskning\" name=\"interest_group[]\" class=\"fusion-form-input\" data-holds-private-data=\"false\"\/><label for=\"checkbox-interest_group-1-2\">Hj\u00e4rt- och k\u00e4rlforskning<\/label><\/div><div class=\"fusion-form-checkbox\"><input tabindex=\"\" id=\"checkbox-interest_group-1-3\" type=\"checkbox\" value=\"Cellul\u00e4r neurovetenskap\" name=\"interest_group[]\" class=\"fusion-form-input\" data-holds-private-data=\"false\"\/><label for=\"checkbox-interest_group-1-3\">Cellul\u00e4r neurovetenskap<\/label><\/div><div class=\"fusion-form-checkbox\"><input tabindex=\"\" id=\"checkbox-interest_group-1-4\" type=\"checkbox\" value=\"Epigenomik av komplexa egenskaper\" name=\"interest_group[]\" class=\"fusion-form-input\" data-holds-private-data=\"false\"\/><label for=\"checkbox-interest_group-1-4\">Epigenomik av komplexa egenskaper<\/label><\/div><div class=\"fusion-form-checkbox\"><input tabindex=\"\" id=\"checkbox-interest_group-1-5\" type=\"checkbox\" value=\"Fettleversjukdom och diabetes\" name=\"interest_group[]\" class=\"fusion-form-input\" data-holds-private-data=\"false\"\/><label for=\"checkbox-interest_group-1-5\">Fettleversjukdom och diabetes<\/label><\/div><div class=\"fusion-form-checkbox\"><input tabindex=\"\" id=\"checkbox-interest_group-1-6\" type=\"checkbox\" value=\"Lipidsignalering och homeostas\" name=\"interest_group[]\" class=\"fusion-form-input\" data-holds-private-data=\"false\"\/><label for=\"checkbox-interest_group-1-6\">Lipidsignalering och homeostas<\/label><\/div><div class=\"fusion-form-checkbox\"><input tabindex=\"\" id=\"checkbox-interest_group-1-7\" type=\"checkbox\" value=\"Membranbiologi\" name=\"interest_group[]\" class=\"fusion-form-input\" data-holds-private-data=\"false\"\/><label for=\"checkbox-interest_group-1-7\">Membranbiologi<\/label><\/div><div class=\"fusion-form-checkbox\"><input tabindex=\"\" id=\"checkbox-interest_group-1-8\" type=\"checkbox\" value=\"\u00c4mnesoms\u00e4ttning\" name=\"interest_group[]\" class=\"fusion-form-input\" data-holds-private-data=\"false\"\/><label for=\"checkbox-interest_group-1-8\">\u00c4mnesoms\u00e4ttning<\/label><\/div><div class=\"fusion-form-checkbox\"><input tabindex=\"\" id=\"checkbox-interest_group-1-9\" type=\"checkbox\" value=\"Associerad group: Neuronal signalering\" name=\"interest_group[]\" class=\"fusion-form-input\" data-holds-private-data=\"false\"\/><label for=\"checkbox-interest_group-1-9\">Associerad group: Neuronal signalering<\/label><\/div><div class=\"fusion-form-checkbox\"><input tabindex=\"\" id=\"checkbox-interest_group-1-10\" type=\"checkbox\" value=\"Alla grupper\" name=\"interest_group[]\" class=\"fusion-form-input\" data-holds-private-data=\"false\"\/><label for=\"checkbox-interest_group-1-10\">Alla grupper<\/label><\/div><\/fieldset><\/div><div class=\"fusion-form-field fusion-form-textarea-field fusion-form-label-above\" style=\"\" data-form-id=\"2571\"><label for=\"introduction\">Ber\u00e4tta kort om dig sj\u00e4lv och varf\u00f6r du vill arbeta p\u00e5 Minerva <abbr class=\"fusion-form-element-required\" title=\"required\">*<\/abbr><\/label><textarea cols=\"40\" autocomplete=\"off\"  minlength=\"0\"  rows=\"3\" tabindex=\"\" id=\"introduction\" name=\"introduction\" class=\"fusion-form-input\" required=\"true\" aria-required=\"true\" data-holds-private-data=\"false\"><\/textarea><\/div><div class=\"fusion-form-field fusion-form-textarea-field fusion-form-label-above\" style=\"\" data-form-id=\"2571\"><label for=\"previous_work_experience\">Beskriv din tidigare arbetslivserfarenhet, din forskarbakgrund eller dina studier <abbr class=\"fusion-form-element-required\" title=\"required\">*<\/abbr><\/label><textarea cols=\"40\" autocomplete=\"off\"  minlength=\"0\"  rows=\"3\" tabindex=\"\" id=\"previous_work_experience\" name=\"previous_work_experience\" class=\"fusion-form-input\" required=\"true\" aria-required=\"true\" data-holds-private-data=\"false\"><\/textarea><\/div><div class=\"fusion-form-field fusion-form-consent-field fusion-form-label-above\" style=\"\" data-form-id=\"2571\"><div class=\"fusion-form-label-wrapper\"><label for=\"store_information\">Datasamtycke <abbr class=\"fusion-form-element-required\" title=\"required\">*<\/abbr><\/label><\/div><div class=\"fusion-form-checkbox option-inline\"><input tabindex=\"\" id=\"store_information\" type=\"checkbox\" value=\"1\" name=\"store_information\" class=\"fusion-form-input\" required=\"true\" aria-required=\"true\"\/><label for=\"store_information\">Jag accepterar att mina uppgifter behandlas i enlighet med <a href=\"https:\/\/minervainstitute.fi\/sv\/dataskyddsbeskrivning\/\" target=\"_blank\">integritetspolicyn<\/a>.<\/label><\/div><\/div><div class=\"fusion-form-field fusion-form-submit-field fusion-form-label-above\" style=\"\" data-form-id=\"2571\"><div ><button type=\"submit\" class=\"fusion-button button-flat fusion-button-default-size button-default fusion-button-default button-1 fusion-button-default-span  button-default form-form-submit\" data-form-number=\"2571\" tabindex=\"\"><span class=\"fusion-button-text awb-button__text awb-button__text--default\">Skicka in ans\u00f6kan<\/span><\/button><\/div><\/div><div class=\"form-submission-notices data-notice_1\" id=\"fusion-notices-1\"><div class=\"fusion-alert alert success alert-success fusion-alert-center fusion-form-response fusion-form-response-success awb-alert-native-link-color alert-dismissable awb-alert-close-boxed\" role=\"alert\"><div class=\"fusion-alert-content-wrapper\"><span class=\"alert-icon\"><i class=\"awb-icon-check-circle\" aria-hidden=\"true\"><\/i><\/span><span class=\"fusion-alert-content\">Tack f\u00f6r din ans\u00f6kan! Vi har tagit emot dina uppgifter.<\/span><\/div><button type=\"button\" class=\"close toggle-alert\" data-dismiss=\"alert\" aria-label=\"Close\">&times;<\/button><\/div><div class=\"fusion-alert alert error alert-danger fusion-alert-center fusion-form-response fusion-form-response-error awb-alert-native-link-color alert-dismissable awb-alert-close-boxed\" role=\"alert\"><div class=\"fusion-alert-content-wrapper\"><span class=\"alert-icon\"><i class=\"awb-icon-exclamation-triangle\" aria-hidden=\"true\"><\/i><\/span><span class=\"fusion-alert-content\">Ett fel uppstod n\u00e4r ans\u00f6kan skickades. V\u00e4nligen f\u00f6rs\u00f6k igen om en liten stund.<\/span><\/div><button type=\"button\" class=\"close toggle-alert\" data-dismiss=\"alert\" aria-label=\"Close\">&times;<\/button><\/div><\/div><\/div><\/div><\/div><\/div><input type=\"hidden\" name=\"fusion_privacy_store_ip_ua\" value=\"false\"><input type=\"hidden\" name=\"fusion_privacy_expiration_interval\" value=\"48\"><input type=\"hidden\" name=\"privacy_expiration_action\" value=\"anonymize\"><\/form><\/div><\/div><\/div><\/div><\/div><\/p>\n","protected":false},"excerpt":{"rendered":"","protected":false},"author":7,"featured_media":0,"parent":0,"menu_order":0,"comment_status":"closed","ping_status":"closed","template":"100-width.php","meta":{"footnotes":""},"class_list":["post-2584","page","type-page","status-publish","hentry"],"_links":{"self":[{"href":"https:\/\/minervainstitute.fi\/sv\/wp-json\/wp\/v2\/pages\/2584","targetHints":{"allow":["GET"]}}],"collection":[{"href":"https:\/\/minervainstitute.fi\/sv\/wp-json\/wp\/v2\/pages"}],"about":[{"href":"https:\/\/minervainstitute.fi\/sv\/wp-json\/wp\/v2\/types\/page"}],"author":[{"embeddable":true,"href":"https:\/\/minervainstitute.fi\/sv\/wp-json\/wp\/v2\/users\/7"}],"replies":[{"embeddable":true,"href":"https:\/\/minervainstitute.fi\/sv\/wp-json\/wp\/v2\/comments?post=2584"}],"version-history":[{"count":4,"href":"https:\/\/minervainstitute.fi\/sv\/wp-json\/wp\/v2\/pages\/2584\/revisions"}],"predecessor-version":[{"id":2601,"href":"https:\/\/minervainstitute.fi\/sv\/wp-json\/wp\/v2\/pages\/2584\/revisions\/2601"}],"wp:attachment":[{"href":"https:\/\/minervainstitute.fi\/sv\/wp-json\/wp\/v2\/media?parent=2584"}],"curies":[{"name":"wp","href":"https:\/\/api.w.org\/{rel}","templated":true}]}}