{"id":2307,"date":"2025-09-15T12:50:32","date_gmt":"2025-09-15T12:50:32","guid":{"rendered":"https:\/\/minervainstitute.fi\/?page_id=2307"},"modified":"2026-03-24T15:02:06","modified_gmt":"2026-03-24T15:02:06","slug":"dataskyddsbeskrivning","status":"publish","type":"page","link":"https:\/\/minervainstitute.fi\/sv\/dataskyddsbeskrivning\/","title":{"rendered":"Dataskyddsbeskrivning"},"content":{"rendered":"<p><div class=\"fusion-fullwidth fullwidth-box fusion-builder-row-1 fusion-flex-container has-pattern-background has-mask-background nonhundred-percent-fullwidth non-hundred-percent-height-scrolling\" style=\"--awb-border-radius-top-left:0px;--awb-border-radius-top-right:0px;--awb-border-radius-bottom-right:0px;--awb-border-radius-bottom-left:0px;--awb-flex-wrap:wrap;\" ><div class=\"fusion-builder-row fusion-row fusion-flex-align-items-flex-start fusion-flex-content-wrap\" style=\"max-width:1248px;margin-left: calc(-4% \/ 2 );margin-right: calc(-4% \/ 2 );\"><div class=\"fusion-layout-column fusion_builder_column fusion-builder-column-0 fusion_builder_column_1_3 1_3 fusion-flex-column\" style=\"--awb-bg-size:cover;--awb-width-large:33.333333333333%;--awb-margin-top-large:0px;--awb-spacing-right-large:5.76%;--awb-margin-bottom-large:20px;--awb-spacing-left-large:5.76%;--awb-width-medium:33.333333333333%;--awb-order-medium:0;--awb-spacing-right-medium:5.76%;--awb-spacing-left-medium:5.76%;--awb-width-small:100%;--awb-order-small:0;--awb-spacing-right-small:1.92%;--awb-spacing-left-small:1.92%;\"><div class=\"fusion-column-wrapper fusion-column-has-shadow fusion-flex-justify-content-flex-start fusion-content-layout-column\"><div class=\"fusion-text fusion-text-1\"><h1 class=\"p1\">Dataskyddsbeskrivning<\/h1>\n<\/div><div class=\"fusion-separator\" style=\"align-self: flex-start;margin-right:auto;margin-top:10px;margin-bottom:20px;width:100%;max-width:80%;\"><div class=\"fusion-separator-border sep-single sep-solid\" style=\"--awb-height:20px;--awb-amount:20px;--awb-sep-color:var(--awb-color6);border-color:var(--awb-color6);border-top-width:3px;\"><\/div><\/div><\/div><\/div><\/div><\/div><div class=\"fusion-fullwidth fullwidth-box fusion-builder-row-2 fusion-flex-container has-pattern-background has-mask-background nonhundred-percent-fullwidth non-hundred-percent-height-scrolling\" style=\"--awb-border-radius-top-left:0px;--awb-border-radius-top-right:0px;--awb-border-radius-bottom-right:0px;--awb-border-radius-bottom-left:0px;--awb-flex-wrap:wrap;\" ><div class=\"fusion-builder-row fusion-row fusion-flex-align-items-flex-start fusion-flex-content-wrap\" style=\"max-width:1248px;margin-left: calc(-4% \/ 2 );margin-right: calc(-4% \/ 2 );\"><div class=\"fusion-layout-column fusion_builder_column fusion-builder-column-1 fusion_builder_column_1_1 1_1 fusion-flex-column\" style=\"--awb-bg-size:cover;--awb-width-large:100%;--awb-margin-top-large:0px;--awb-spacing-right-large:1.92%;--awb-margin-bottom-large:20px;--awb-spacing-left-large:1.92%;--awb-width-medium:100%;--awb-order-medium:0;--awb-spacing-right-medium:1.92%;--awb-spacing-left-medium:1.92%;--awb-width-small:100%;--awb-order-small:0;--awb-spacing-right-small:1.92%;--awb-spacing-left-small:1.92%;\"><div class=\"fusion-column-wrapper fusion-column-has-shadow fusion-flex-justify-content-flex-start fusion-content-layout-column\"><div class=\"fusion-text fusion-text-2\" style=\"--awb-max-width:65ch;\"><h3 class=\"p1\">Registrets namn<\/h3>\n<p class=\"p1\">Evenemang arrangerade av Minervastiftelsen sr &amp; Medicinska forskningsinstitutet Minerva<\/p>\n<p class=\"p1\">Jobbans\u00f6kningar skickade till Minervastiftelsen sr &amp; Medicinska forskningsinstitutet Minerva<\/p>\n<h3 class=\"p1\">Registeransvarig<\/h3>\n<p class=\"p1\">Minervastiftelsen sr &amp; Medicinska forskningsinstitutet Minerva<br \/>\nFO-nummer: 0127208-3<br \/>\nStockholmsgatan 8<br \/>\nFI-00290 Helsingfors<\/p>\n<h3 class=\"p1\">Kontaktuppgifter till dataskyddsansvarig<b><br \/>\n<\/b><\/h3>\n<p class=\"p1\">Cia Olsson<br \/>\ncia.olsson@minervainstitute.fi<\/p>\n<h3 class=\"p1\">Syfte med registret (ber\u00e4ttigat intresse)<b><br \/>\n<\/b><\/h3>\n<p class=\"p1\">Behandlingen av personuppgifter baseras p\u00e5 den registeransvariges ber\u00e4ttigade intresse som uppst\u00e5r i samband med evenemangsregistreringen och inskickade jobbans\u00f6kningar.<\/p>\n<h2 class=\"p2\">Syfte med behandlingen av personuppgifter<\/h2>\n<p class=\"p1\">Vi samlar in de personuppgifter som beh\u00f6vs f\u00f6r att arrangera evenemanget och informera om evenemanget, samt f\u00f6r att ta emot och hantera jobbans\u00f6kningar.<\/p>\n<p class=\"p1\">Personuppgifterna anv\u00e4nds endast i de syften som best\u00e4mts p\u00e5 f\u00f6rhand. Dessa syften \u00e4r:<\/p>\n<ul class=\"ul1\">\n<li class=\"li3\">Arrangera evenemanget och f\u00f6r att tillm\u00f6tesg\u00e5 specialbehov<\/li>\n<li class=\"li3\">Informera om evenemanget<\/li>\n<li class=\"li3\">Fakturera f\u00f6r evenemanget<\/li>\n<li class=\"li3\">Samla in respons om evenemanget<\/li>\n<li class=\"li3\">Marknadsf\u00f6ra liknande evenemang<\/li>\n<\/ul>\n<h3 class=\"p4\">Fotografering vid evenemang<\/h3>\n<p class=\"p1\">Det \u00e4r till\u00e5tet att fotografera och\/eller filma vid Minervastiftelsens\/Medicinska forskningsinstitutet Minervas evenemang. Fotografier\/filmer kan publiceras p\u00e5 stiftelsens\/forskningsinstitutets webbsidor, sociala medier eller i<b>\u00a0<\/b>andra publikationer om stiftelsen\/forskningsinstitutet. Materialet anv\u00e4nds inte i kommersiellt syfte och \u00f6verl\u00e5tes inte \u00e5t tredje part.<\/p>\n<p class=\"p1\">Deltagare p\u00e5 evenemangen har r\u00e4tt att mots\u00e4tta sig att bildmaterial, d\u00e4r hen f\u00f6rekommer,\u00a0anv\u00e4nds\u00a0p\u00e5 Minervastiftelsens\/ Medicinska forskningsinstitutet Minervas webbsidor, i sociala medier eller i andra publikationer om stiftelsen\/forskningsinstitutet. \u00d6nskem\u00e5l om att inte bli fotograferad kan framf\u00f6ras genom att kontakta ansvarig person f\u00f6r evenemanget eller genom att kryssa i alternativet att man inte vill bli fotograferad i samband med anm\u00e4lan.<\/p>\n<h2 class=\"p2\">Registrets informationsinneh\u00e5ll<\/h2>\n<p class=\"p1\">Uppgifterna samlas in personligen i samband med anm\u00e4lan till evenemanget. De personuppgifter som samlas in inkluderar namn, e-postadress, organisation, uppgifter om specialkost samt information om deltagande i evenemanget. Vilka uppgifter som samlas in kan variera beroende p\u00e5 evenemang, men endast n\u00f6dv\u00e4ndiga och \u00e4ndam\u00e5lsenliga uppgifter samlas in.\u00a0 Uppgifterna samlas in i samband med anm\u00e4lan till evenemanget p\u00e5 evenemangsspecifika blanketter. \u00c4ven uppgifter som uppgetts via e-post, per telefon eller p\u00e5 plats kan lagras, ifall de beh\u00f6vs f\u00f6r arrangemanget.<\/p>\n<p class=\"p1\">Uppgifter om jobbans\u00f6kan samlas in n\u00e4r personer skickar in sin ans\u00f6kan via v\u00e5r webbplats. Dessa inkluderar namn, e-postadress och den bakgrundsinformation som de v\u00e4ljer att bifoga, s\u00e5som utbildning och arbetshistorik. Vi samlar endast in det som \u00e4r n\u00f6dv\u00e4ndigt. Information som l\u00e4mnas via e-post, telefon eller personligen kan ocks\u00e5 komma att lagras om den \u00e4r relevant f\u00f6r ans\u00f6kningsprocessen.<\/p>\n<h3 class=\"p1\">Hur l\u00e4nge uppgifterna bevaras<b><br \/>\n<\/b><\/h3>\n<p class=\"p1\">Anm\u00e4lningsuppgifter bevaras i tv\u00e5 \u00e5r. Kontaktuppgifter kan anv\u00e4ndas f\u00f6r att skicka information om framtida evenemang inom samma omr\u00e5de efter att evenemanget har avslutats.<\/p>\n<h3 class=\"p1\">Till vem \u00f6verl\u00e4mnar vi uppgifter?<b><\/b><\/h3>\n<p class=\"p1\">Vi kan delvis outsourca behandlingen av personuppgifter till en tredje part, s\u00e5 som en evenemangsarrang\u00f6r, och d\u00e5 garanterar vi med v\u00e5ra avtalsarrangemang att personuppgifterna behandlas enligt dataskyddslagstiftningen och p\u00e5 ett i \u00f6vrigt korrekt s\u00e4tt. Tredje part kan vara till exempel en akt\u00f6r som ansvarar f\u00f6r evenemangets lokaler, s\u00e4kerhet eller traktering.<\/p>\n<h3 class=\"p1\">Flyttning av data till l\u00e4nder utanf\u00f6r Europeiska unionen (EU) eller det Europeiska ekonomiska samarbetsomr\u00e5det (EES)<b><br \/>\n<\/b><\/h3>\n<p class=\"p1\">Uppgifter utl\u00e4mnas inte till l\u00e4nder utanf\u00f6r EU eller Europeiska ekonomiska samarbetsomr\u00e5det.<\/p>\n<h2 class=\"p2\">R\u00e4tt till insyn<\/h2>\n<ul class=\"ul1\">\n<li class=\"li3\">Var och en har r\u00e4tt att kontrollera om de finns i Minervastiftelsens\/ Medicinska forskningsinstitutet Minervas register.<\/li>\n<li class=\"li3\">Beg\u00e4ran om att f\u00e5 utl\u00e4mnat informationen ska g\u00f6ras skriftligt och den ska vara undertecknad av personen som ber att f\u00e5 utl\u00e4mnat sina uppgifter.<\/li>\n<li class=\"li3\">Den registeransvarige har r\u00e4tt att be den som l\u00e4mnat beg\u00e4ran om att f\u00e5 kontrollera sina uppgifter om att bestyrka sin identitet.<\/li>\n<li class=\"li3\">Beg\u00e4ran besvaras inom en m\u00e5nad fr\u00e5n att den mottagits.<\/li>\n<li class=\"li3\">Beg\u00e4ran ska adresseras till Cia Olsson (cia.olsson@minervainstitute.fi) eller med post till adress Medicinska forskningsinstitutet Minerva, Stockholmsgatan 8, 00290 Helsingfors. Vi ber v\u00e4nligen beteckna p\u00e5 brevet \u201cBeg\u00e4ran att kontrollera personuppgiftregistrets information\u201d.<\/li>\n<\/ul>\n<h3 class=\"p1\">R\u00e4tt att kr\u00e4va r\u00e4ttelse av en uppgift<b><br \/>\n<\/b><\/h3>\n<p class=\"p1\">En felaktig uppgift i registret ska r\u00e4ttas till p\u00e5 en specificerad beg\u00e4ran av en registrerad.<\/p>\n<h3 class=\"p1\">R\u00e4tt att beg\u00e4ra radering<b><br \/>\n<\/b><\/h3>\n<p class=\"p1\">Den registrerade har r\u00e4tt att beg\u00e4ra att personuppgifter raderas om:<\/p>\n<ul class=\"ul1\">\n<li class=\"li3\">Den registrerade mots\u00e4tter sig behandlingen och det inte finns n\u00e5got ber\u00e4ttigat sk\u00e4l eller r\u00e4ttslig grund f\u00f6r fortsatt behandling av uppgifterna.<\/li>\n<li class=\"li3\">Behandlingen av uppgifter \u00e4r lagstridigt.<\/li>\n<\/ul>\n<h3 class=\"p1\">R\u00e4tt till dataportabilitet<b><br \/>\n<\/b><\/h3>\n<p class=\"p1\">Den registrerade har inte r\u00e4tt att f\u00e5 sina uppgifter \u00f6verf\u00f6rda till en annan registeransvarig.<\/p>\n<h3 class=\"p1\">R\u00e4tt att l\u00e4mna in ett klagom\u00e5l<\/h3>\n<p class=\"p1\">Den registrerade har r\u00e4tt att l\u00e4mna in ett klagom\u00e5l till \u00f6vervakningsmyndigheten ifall denna anser att behandlingen av personinformationen strider emot EU:s dataskyddsf\u00f6rordning.<\/p>\n<\/div><\/div><\/div><\/div><\/div><\/p>\n","protected":false},"excerpt":{"rendered":"","protected":false},"author":5,"featured_media":0,"parent":0,"menu_order":0,"comment_status":"closed","ping_status":"closed","template":"100-width.php","meta":{"footnotes":""},"class_list":["post-2307","page","type-page","status-publish","hentry"],"_links":{"self":[{"href":"https:\/\/minervainstitute.fi\/sv\/wp-json\/wp\/v2\/pages\/2307","targetHints":{"allow":["GET"]}}],"collection":[{"href":"https:\/\/minervainstitute.fi\/sv\/wp-json\/wp\/v2\/pages"}],"about":[{"href":"https:\/\/minervainstitute.fi\/sv\/wp-json\/wp\/v2\/types\/page"}],"author":[{"embeddable":true,"href":"https:\/\/minervainstitute.fi\/sv\/wp-json\/wp\/v2\/users\/5"}],"replies":[{"embeddable":true,"href":"https:\/\/minervainstitute.fi\/sv\/wp-json\/wp\/v2\/comments?post=2307"}],"version-history":[{"count":6,"href":"https:\/\/minervainstitute.fi\/sv\/wp-json\/wp\/v2\/pages\/2307\/revisions"}],"predecessor-version":[{"id":2602,"href":"https:\/\/minervainstitute.fi\/sv\/wp-json\/wp\/v2\/pages\/2307\/revisions\/2602"}],"wp:attachment":[{"href":"https:\/\/minervainstitute.fi\/sv\/wp-json\/wp\/v2\/media?parent=2307"}],"curies":[{"name":"wp","href":"https:\/\/api.w.org\/{rel}","templated":true}]}}