{"id":845,"date":"2023-12-12T12:39:36","date_gmt":"2023-12-12T12:39:36","guid":{"rendered":"https:\/\/dev.minervainstitute.fi\/rasvamaksasairaus-ja-diabetes\/"},"modified":"2024-01-20T19:51:37","modified_gmt":"2024-01-20T19:51:37","slug":"rasvamaksasairaus-ja-diabetes","status":"publish","type":"page","link":"https:\/\/minervainstitute.fi\/fi\/tutkimusryhmat\/rasvamaksasairaus-ja-diabetes\/","title":{"rendered":"Rasvamaksasairaus ja diabetes"},"content":{"rendered":"<p><div class=\"fusion-fullwidth fullwidth-box fusion-builder-row-1 fusion-flex-container has-pattern-background has-mask-background nonhundred-percent-fullwidth non-hundred-percent-height-scrolling\" style=\"--awb-border-radius-top-left:0px;--awb-border-radius-top-right:0px;--awb-border-radius-bottom-right:0px;--awb-border-radius-bottom-left:0px;--awb-margin-bottom:50px;--awb-flex-wrap:wrap;\" ><div class=\"fusion-builder-row fusion-row fusion-flex-align-items-flex-start fusion-flex-content-wrap\" style=\"max-width:1248px;margin-left: calc(-4% \/ 2 );margin-right: calc(-4% \/ 2 );\"><div class=\"fusion-layout-column fusion_builder_column fusion-builder-column-0 fusion_builder_column_3_5 3_5 fusion-flex-column\" style=\"--awb-bg-size:cover;--awb-width-large:60%;--awb-margin-top-large:0px;--awb-spacing-right-large:3.2%;--awb-margin-bottom-large:20px;--awb-spacing-left-large:3.2%;--awb-width-medium:60%;--awb-order-medium:0;--awb-spacing-right-medium:3.2%;--awb-spacing-left-medium:3.2%;--awb-width-small:100%;--awb-order-small:0;--awb-spacing-right-small:1.92%;--awb-spacing-left-small:1.92%;\"><div class=\"fusion-column-wrapper fusion-column-has-shadow fusion-flex-justify-content-flex-start fusion-content-layout-column\"><div class=\"fusion-text fusion-text-1\"><h1>Rasvamaksasairaus ja diabetes<\/h1>\n<\/div><div class=\"fusion-separator\" style=\"align-self: flex-start;margin-right:auto;margin-top:10px;margin-bottom:20px;width:100%;max-width:35%;\"><div class=\"fusion-separator-border sep-single sep-solid\" style=\"--awb-height:20px;--awb-amount:20px;--awb-sep-color:var(--awb-color6);border-color:var(--awb-color6);border-top-width:3px;\"><\/div><\/div><div class=\"fusion-text fusion-text-2\" style=\"--awb-margin-top:30px;\"><p>P\u00e4\u00e4tavoitteena on tutkia rasvamaksataudin ja diabeteksen patogeneesi\u00e4 ihmisiss\u00e4 keskittym\u00e4ll\u00e4 erityisesti maksan mitokondrioiden aineenvaihdunnan rooliin.<\/p>\n<div>\n<p>Ei-alkoholiper\u00e4inen rasvamaksatauti (NAFLD) on monimuotoinen. Ns. metaboliseen oireyhtym\u00e4\u00e4n liittyv\u00e4 NAFLD ennakoi sek\u00e4 pitk\u00e4lle edennytt\u00e4 maksasairautta ett\u00e4 aineenvaihduntasairautta (tyypin 2 diabetesta). Sen sijaan yleiset geenimuutokset (PNPLA3, TM6SF2 ja MBOAT7) altistavat ainoastaan maksasairauksille. Olemme hiljattain osoittaneet, ett\u00e4 metaboliseen oireyhtym\u00e4\u00e4n liittyv\u00e4n rasvamaksataudin ja geenimuutoksiin liittyv\u00e4n rasvamaksataudin syntymekanismit ovat pohjimmiltaan erilaisia. Metaboliseen rasvamaksatautiin liittyy substraattiylim\u00e4\u00e4r\u00e4 sek\u00e4 rasvakudoksen lipolyysin ja maksassa tapahtuvan rasvan uudismuodostuksen <span lang=\"EN-US\">(de novo -lipogeneesi)<\/span> kiihtyminen.    Sit\u00e4 vastoin n\u00e4it\u00e4 ei havaita geenimuutoksiin liittyv\u00e4ss\u00e4 rasvamaksassa. Siihen liittyy sen sijaan pelkistynyt maksan mitokondrioiden hapetus-pelkistystila, joka aiheuttaa mitokondrioiden toimintah\u00e4iri\u00f6n. <span lang=\"EN-US\"><\/span> <\/p>\n<\/div>\n<div>\n<p><span lang=\"EN-US\"> <\/span>Teemme kliinist\u00e4 tutkimusta rasvamaksataudin ja diabeteksen syntymekanismeihin liittyen yhdist\u00e4m\u00e4ll\u00e4 uusia merkkiainemenetelmi\u00e4, metabolomiikkaa ja genetiikkaa.    <\/p>\n<\/div>\n<div>\n<p><span lang=\"EN-US\">K\u00e4yt\u00e4mme tutkimuksessa lis\u00e4ksi laajojen biopankkiaineistojen analyysej\u00e4 vahvistaaksemme hypoteesimme v\u00e4est\u00f6tasolla. K\u00e4yt\u00e4mme my\u00f6s hiiri- ja solumalleja selvitt\u00e4\u00e4ksemme taustalla olevia molekulaarisia mekanismeja. <\/span><\/p>\n<\/div>\n<\/div><\/div><\/div><div class=\"fusion-layout-column fusion_builder_column fusion-builder-column-1 fusion_builder_column_2_5 2_5 fusion-flex-column fusion-no-small-visibility\" style=\"--awb-padding-bottom:4%;--awb-overflow:hidden;--awb-bg-color:var(--awb-color3);--awb-bg-color-hover:var(--awb-color3);--awb-bg-size:cover;--awb-border-radius:100px 0px 0px 0px;--awb-width-large:40%;--awb-margin-top-large:0px;--awb-spacing-right-large:4.8%;--awb-margin-bottom-large:20px;--awb-spacing-left-large:4.8%;--awb-width-medium:40%;--awb-order-medium:0;--awb-spacing-right-medium:4.8%;--awb-spacing-left-medium:4.8%;--awb-width-small:100%;--awb-order-small:0;--awb-spacing-right-small:1.92%;--awb-spacing-left-small:1.92%;\" data-scroll-devices=\"small-visibility,medium-visibility,large-visibility\"><div class=\"fusion-column-wrapper fusion-column-has-shadow fusion-flex-justify-content-flex-start fusion-content-layout-column\"><div class=\"fusion-image-element \" style=\"--awb-caption-title-font-family:var(--h2_typography-font-family);--awb-caption-title-font-weight:var(--h2_typography-font-weight);--awb-caption-title-font-style:var(--h2_typography-font-style);--awb-caption-title-size:var(--h2_typography-font-size);--awb-caption-title-transform:var(--h2_typography-text-transform);--awb-caption-title-line-height:var(--h2_typography-line-height);--awb-caption-title-letter-spacing:var(--h2_typography-letter-spacing);\"><span class=\" fusion-imageframe imageframe-none imageframe-1 hover-type-none\"><img decoding=\"async\" width=\"1200\" height=\"799\" title=\"Panu_Luukkonen\" src=\"https:\/\/minervainstitute.fi\/wp-content\/uploads\/2023\/12\/Panu_Luukkonen.jpg\" alt class=\"img-responsive wp-image-618\" srcset=\"https:\/\/minervainstitute.fi\/wp-content\/uploads\/2023\/12\/Panu_Luukkonen-200x133.jpg 200w, https:\/\/minervainstitute.fi\/wp-content\/uploads\/2023\/12\/Panu_Luukkonen-400x266.jpg 400w, https:\/\/minervainstitute.fi\/wp-content\/uploads\/2023\/12\/Panu_Luukkonen-600x400.jpg 600w, https:\/\/minervainstitute.fi\/wp-content\/uploads\/2023\/12\/Panu_Luukkonen-800x533.jpg 800w, https:\/\/minervainstitute.fi\/wp-content\/uploads\/2023\/12\/Panu_Luukkonen.jpg 1200w\" sizes=\"(max-width: 640px) 100vw, 600px\" \/><\/span><\/div><div class=\"fusion-text fusion-text-3\" style=\"--awb-margin-top:30px;--awb-margin-right:30px;--awb-margin-left:30px;\"><h3>Ryhm\u00e4njohtaja<\/h3>\n<p>Panu Luukkonen, LT, dosentti<br \/>\npanu.luukkonen@helsinki.fi<\/p>\n<\/div><div class=\"fusion-text fusion-text-4\" style=\"--awb-margin-right:30px;--awb-margin-left:30px;\"><h3>Ryhm\u00e4nj\u00e4senet<\/h3>\n<p>Hannele Yki-J\u00e4rvinen, LT, FRCP, professori<br \/>\nKimmo Porthan, LT, dosentti<br \/>\nLaura Gran\u00f6, LT<br \/>\nSirkku J\u00e4ntti, FT<br \/>\nMari Lahelma, LT<br \/>\nP.A. Nidhina Haridas, PhD<br \/>\nNoora Ahlholm, LL<br \/>\nSami Qadri, LL<br \/>\nRiikka Sane, LL<br \/>\nMari Jokinen, FM<br \/>\nJuho Asteljoki, FK<br \/>\nNova Hongisto, FK<br \/>\nAnni Poikola, l\u00e4\u00e4ketieteen opiskelija<br \/>\nDaniel Segercrantz, l\u00e4\u00e4ketieteen opiskelija<br \/>\nAila Karioja-Kallio, tutkimushoitaja<br \/>\nP\u00e4ivi Ihamuotila, tutkimushoitaja<\/p>\n<\/div><\/div><\/div><div class=\"fusion-layout-column fusion_builder_column fusion-builder-column-2 fusion_builder_column_1_1 1_1 fusion-flex-column\" style=\"--awb-bg-size:cover;--awb-width-large:100%;--awb-margin-top-large:0px;--awb-spacing-right-large:1.92%;--awb-margin-bottom-large:20px;--awb-spacing-left-large:1.92%;--awb-width-medium:100%;--awb-order-medium:0;--awb-spacing-right-medium:1.92%;--awb-spacing-left-medium:1.92%;--awb-width-small:100%;--awb-order-small:0;--awb-spacing-right-small:1.92%;--awb-spacing-left-small:1.92%;\"><div class=\"fusion-column-wrapper fusion-column-has-shadow fusion-flex-justify-content-flex-start fusion-content-layout-column\"><div class=\"fusion-text fusion-text-5\"><\/div><\/div><\/div><div class=\"fusion-layout-column fusion_builder_column fusion-builder-column-3 fusion_builder_column_2_5 2_5 fusion-flex-column fusion-no-medium-visibility fusion-no-large-visibility\" style=\"--awb-padding-bottom:4%;--awb-overflow:hidden;--awb-bg-color:var(--awb-color3);--awb-bg-color-hover:var(--awb-color3);--awb-bg-size:cover;--awb-border-radius:100px 0px 0px 0px;--awb-width-large:40%;--awb-margin-top-large:0px;--awb-spacing-right-large:4.8%;--awb-margin-bottom-large:20px;--awb-spacing-left-large:4.8%;--awb-width-medium:40%;--awb-order-medium:0;--awb-spacing-right-medium:4.8%;--awb-spacing-left-medium:4.8%;--awb-width-small:100%;--awb-order-small:0;--awb-spacing-right-small:1.92%;--awb-spacing-left-small:1.92%;\" data-scroll-devices=\"small-visibility,medium-visibility,large-visibility\"><div class=\"fusion-column-wrapper fusion-column-has-shadow fusion-flex-justify-content-flex-start fusion-content-layout-column\"><div class=\"fusion-image-element \" style=\"--awb-caption-title-font-family:var(--h2_typography-font-family);--awb-caption-title-font-weight:var(--h2_typography-font-weight);--awb-caption-title-font-style:var(--h2_typography-font-style);--awb-caption-title-size:var(--h2_typography-font-size);--awb-caption-title-transform:var(--h2_typography-text-transform);--awb-caption-title-line-height:var(--h2_typography-line-height);--awb-caption-title-letter-spacing:var(--h2_typography-letter-spacing);\"><span class=\" fusion-imageframe imageframe-none imageframe-2 hover-type-none\"><img decoding=\"async\" width=\"1200\" height=\"799\" title=\"Panu_Luukkonen\" src=\"https:\/\/minervainstitute.fi\/wp-content\/uploads\/2023\/12\/Panu_Luukkonen.jpg\" alt class=\"img-responsive wp-image-618\" srcset=\"https:\/\/minervainstitute.fi\/wp-content\/uploads\/2023\/12\/Panu_Luukkonen-200x133.jpg 200w, https:\/\/minervainstitute.fi\/wp-content\/uploads\/2023\/12\/Panu_Luukkonen-400x266.jpg 400w, https:\/\/minervainstitute.fi\/wp-content\/uploads\/2023\/12\/Panu_Luukkonen-600x400.jpg 600w, https:\/\/minervainstitute.fi\/wp-content\/uploads\/2023\/12\/Panu_Luukkonen-800x533.jpg 800w, https:\/\/minervainstitute.fi\/wp-content\/uploads\/2023\/12\/Panu_Luukkonen.jpg 1200w\" sizes=\"(max-width: 640px) 100vw, 600px\" \/><\/span><\/div><div class=\"fusion-text fusion-text-6\" style=\"--awb-margin-top:30px;--awb-margin-right:30px;--awb-margin-left:30px;\"><h3>Ryhm\u00e4njohtaja<\/h3>\n<p>Panu Luukkonen, LT, dosentti<br \/>\npanu.luukkonen@helsinki.fi<\/p>\n<\/div><div class=\"fusion-text fusion-text-7\" style=\"--awb-margin-right:30px;--awb-margin-left:30px;\"><h3>Ryhm\u00e4nj\u00e4senet<\/h3>\n<p>Hannele Yki-J\u00e4rvinen, LT, FRCP, professori<br \/>\nKimmo Porthan, LT, dosentti<br \/>\nLaura Gran\u00f6, LT<br \/>\nSirkku J\u00e4ntti, FT<br \/>\nMari Lahelma, LT<br \/>\nP.A. Nidhina Haridas, PhD<br \/>\nNoora Ahlholm, LL<br \/>\nSami Qadri, LL<br \/>\nRiikka Sane, LL<br \/>\nMari Jokinen, FM<br \/>\nJuho Asteljoki, FK<br \/>\nNova Hongisto, FK<br \/>\nAnni Poikola, l\u00e4\u00e4ketieteen opiskelija<br \/>\nDaniel Segercrantz, l\u00e4\u00e4ketieteen opiskelija<br \/>\nAila Karioja-Kallio, tutkimushoitaja<br \/>\nP\u00e4ivi Ihamuotila, tutkimushoitaja<\/p>\n<\/div><\/div><\/div><\/div><\/div><div class=\"fusion-fullwidth fullwidth-box fusion-builder-row-2 fusion-flex-container has-pattern-background has-mask-background nonhundred-percent-fullwidth non-hundred-percent-height-scrolling\" style=\"--awb-border-radius-top-left:0px;--awb-border-radius-top-right:0px;--awb-border-radius-bottom-right:0px;--awb-border-radius-bottom-left:0px;--awb-padding-top:50px;--awb-padding-bottom:50px;--awb-background-color:var(--awb-color3);--awb-flex-wrap:wrap;\" ><div class=\"fusion-builder-row fusion-row fusion-flex-align-items-flex-start fusion-flex-content-wrap\" style=\"max-width:1248px;margin-left: calc(-4% \/ 2 );margin-right: calc(-4% \/ 2 );\"><div class=\"fusion-layout-column fusion_builder_column fusion-builder-column-4 fusion_builder_column_1_1 1_1 fusion-flex-column\" style=\"--awb-bg-size:cover;--awb-width-large:100%;--awb-margin-top-large:0px;--awb-spacing-right-large:1.92%;--awb-margin-bottom-large:20px;--awb-spacing-left-large:1.92%;--awb-width-medium:100%;--awb-order-medium:0;--awb-spacing-right-medium:1.92%;--awb-spacing-left-medium:1.92%;--awb-width-small:100%;--awb-order-small:0;--awb-spacing-right-small:1.92%;--awb-spacing-left-small:1.92%;\"><div class=\"fusion-column-wrapper fusion-column-has-shadow fusion-flex-justify-content-flex-start fusion-content-layout-column\"><div class=\"fusion-text fusion-text-8\"><h3>Valikoidut julkaisut<\/h3>\n<\/div><div class=\"fusion-separator\" style=\"align-self: flex-start;margin-right:auto;margin-bottom:30px;width:100%;max-width:20%;\"><div class=\"fusion-separator-border sep-single sep-solid\" style=\"--awb-height:20px;--awb-amount:20px;--awb-sep-color:var(--awb-color6);border-color:var(--awb-color6);border-top-width:3px;\"><\/div><\/div><div class=\"fusion-text fusion-text-9\"><p style=\"font-weight: 400;\">Luukkonen PK, Porthan K, Ahlholm N, Rosqvist F, Dufour S, Zhang XM, Lehtim\u00e4ki TE, Sepp\u00e4nen W, Orho-Melander M, Hodson L, Petersen KF, Shulman GI, Yki-J\u00e4rvinen H. The PNPLA3 I148M variant increases ketogenesis and decreases hepatic de novo lipogenesis and mitochondrial function in humans. Cell Metab. 2023:S1550-4131(23)00377-7.<\/p>\n<p style=\"font-weight: 400;\">Luukkonen PK, Sakuma I, Gaspar RC, Mooring M, Nasiri A, Kahn M, Zhang XM, Zhang D, Sammalkorpi H, Penttil\u00e4 AK, Orho-Melander M, Arola J, Juuti A, Zhang X, Yimlamai D, Yki-J\u00e4rvinen H, Petersen KF, Shulman GI. Inhibition of HSD17B13 protects against liver fibrosis by inhibition of pyrimidine catabolism in nonalcoholic steatohepatitis. Proc Natl Acad Sci U S A. 2023;120(4):e2217543120.<\/p>\n<p style=\"font-weight: 400;\">Tamaki N*, Ahlholm N*, Luukkonen PK, Porthan K, Sharpton SR, Ajmera V, Kono Y, Dave S, Ahmed A, Sundaram V, Wilkinson MJ, Patton H, Gupta H, Cervantes V, Hernandez C, Lopez SJ, Loomba R, Baumgartner A, Richards L, Arkkila PE, Nemes K, Isoniemi H, Yki-J\u00e4rvinen H, Loomba R. Risk of advanced fibrosis in first-degree relatives of patients with nonalcoholic fatty liver disease. J Clin Invest. 2022;132(21):e162513.<\/p>\n<p style=\"font-weight: 400;\">Luukkonen PK, Qadri S, Ahlholm N, Porthan K, M\u00e4nnist\u00f6 V, Sammalkorpi H, Penttil\u00e4 AK, Hakkarainen A, Lehtim\u00e4ki TE, Gaggini M, Gastaldelli A, Ala-Korpela M, Orho-Melander M, Arola J, Juuti A, Pihlajam\u00e4ki J, Hodson L, Yki-J\u00e4rvinen H. Distinct Contributions of Metabolic Dysfunction and Genetic Risk Factors in the Pathogenesis of Non-Alcoholic Fatty Liver Disease. J Hepatol. 2022;76(3):526-535.<\/p>\n<p style=\"font-weight: 400;\">Yki-J\u00e4rvinen H, Luukkonen PK, Hodson L, Moore JB. Dietary carbohydrates and fats in NAFLD. Nat Rev Gastroenterol Hepatol. 2021;18(11):770-786.<\/p>\n<p style=\"font-weight: 400;\">Luukkonen PK, Dufour S, Lyu K, Zhang XM, Hakkarainen A, Lehtim\u00e4ki TE, Cline GW, Petersen KF, Shulman GI*, Yki-J\u00e4rvinen H*. Effect of a ketogenic diet on hepatic steatosis and hepatic mitochondrial metabolism in nonalcoholic fatty liver disease. Proc Natl Acad Sci U S A. 2020;117(13):7347-7354.<\/p>\n<p style=\"font-weight: 400;\">Luukkonen PK, Tukiainen T, Juuti A, Sammalkorpi H, Nidhina Haridas PA, Niemel\u00e4 O, Arola J, Orho-Melander M, Hakkarainen A, Kovanen PT, Dwivedi O, Groop L, Hodson L, Gastaldelli A, Hy\u00f6tyl\u00e4inen T, Oresic M, Yki-J\u00e4rvinen H. Hydroxysteroid 17-\u03b2 dehydrogenase increases phospholipids and protects against fibrosis in nonalcoholic fatty liver disease. JCI Insight. 2020;5(5).<\/p>\n<p style=\"font-weight: 400;\">Luukkonen PK*, Nick A*, H\u00f6ltt\u00e4-Vuori M, Thiele C, Isokuortti E, Lallukka-Br\u00fcck S, Zhou Y, Hakkarainen A, Lundbom N, Peltonen M, Orho-Melander M, Ore\u0161i\u010d M, Hy\u00f6tyl\u00e4inen T, Hodson L, Ikonen E, Yki-J\u00e4rvinen H. Human PNPLA3-I148M variant increases hepatic retention of polyunsaturated fatty acids. JCI Insight. 2019;4(16):e127902.<\/p>\n<p style=\"font-weight: 400;\">Luukkonen PK, S\u00e4devirta S, Zhou Y, Kayser B, Ali A, Ahonen L, Lallukka S, Pelloux V,Gaggini M, Jian C, Hakkarainen A, Lundbom N, Gylling H, Salonen A, Ore\u0161i\u010d M, Hy\u00f6tyl\u00e4inen T, Orho-Melander M, Rissanen A, Gastaldelli A, Cl\u00e9ment K, Hodson L, Yki-J\u00e4rvinen H. Saturated Fat is More Metabolically Harmful for the Human Liver than Unsaturated Fat or Simple Sugars. Diabetes Care. 2018;41(8):1732-1739.<\/p>\n<p style=\"font-weight: 400;\">Luukkonen PK*, Zhou Y*, S\u00e4devirta S, Leivonen M, Arola J, Ore\u0161i\u010d M, Hy\u00f6tyl\u00e4inen T, Yki-J\u00e4rvinen H. Hepatic ceramides dissociate steatosis and insulin resistance in patients with non-alcoholic fatty liver disease. J Hepatol. 2016;64:1167-75.<\/p>\n<\/div><\/div><\/div><\/div><\/div><div class=\"fusion-fullwidth fullwidth-box fusion-builder-row-3 fusion-flex-container has-pattern-background has-mask-background nonhundred-percent-fullwidth non-hundred-percent-height-scrolling\" style=\"--awb-border-radius-top-left:0px;--awb-border-radius-top-right:0px;--awb-border-radius-bottom-right:0px;--awb-border-radius-bottom-left:0px;--awb-margin-top:50px;--awb-flex-wrap:wrap;\" ><div class=\"fusion-builder-row fusion-row fusion-flex-align-items-flex-start fusion-flex-content-wrap\" style=\"max-width:1248px;margin-left: calc(-4% \/ 2 );margin-right: calc(-4% \/ 2 );\"><div class=\"fusion-layout-column fusion_builder_column fusion-builder-column-5 fusion_builder_column_1_1 1_1 fusion-flex-column\" style=\"--awb-bg-size:cover;--awb-width-large:100%;--awb-margin-top-large:0px;--awb-spacing-right-large:1.92%;--awb-margin-bottom-large:20px;--awb-spacing-left-large:1.92%;--awb-width-medium:100%;--awb-order-medium:0;--awb-spacing-right-medium:1.92%;--awb-spacing-left-medium:1.92%;--awb-width-small:100%;--awb-order-small:0;--awb-spacing-right-small:1.92%;--awb-spacing-left-small:1.92%;\"><div class=\"fusion-column-wrapper fusion-column-has-shadow fusion-flex-justify-content-flex-start fusion-content-layout-column\"><div class=\"fusion-text fusion-text-10\"><h3>Rahoittajat<\/h3>\n<\/div><div class=\"fusion-separator\" style=\"align-self: flex-start;margin-right:auto;margin-bottom:30px;width:100%;max-width:15%;\"><div class=\"fusion-separator-border sep-single sep-solid\" style=\"--awb-height:20px;--awb-amount:20px;--awb-sep-color:var(--awb-color6);border-color:var(--awb-color6);border-top-width:3px;\"><\/div><\/div><div class=\"fusion-text fusion-text-11\"><p>Suomen Akatemia<br \/>\nEmil Aaltosen S\u00e4\u00e4ti\u00f6<br \/>\nEU Horizon 2020, Liver Investigation: Testing Marker Utility in Steatohepatitis (LITMUS)<br \/>\nValtion tutkimusrahoitus &#8211; Finnish Government Research Funding<br \/>\nSuomen L\u00e4\u00e4ketieteen S\u00e4\u00e4ti\u00f6 &#8211; Finnish Medical Foundation<br \/>\nInstrumentariumin Tiedes\u00e4\u00e4ti\u00f6 &#8211; Science Foundation<br \/>\nNovo Nordisk Foundation<br \/>\nOrionin Tutkimuss\u00e4\u00e4ti\u00f6 &#8211; Orion Research Foundation<br \/>\nSigrid Jus\u00e9liuksen S\u00e4\u00e4ti\u00f6<br \/>\nHelsingin yliopisto<\/p>\n<\/div><\/div><\/div><\/div><\/div><div class=\"fusion-fullwidth fullwidth-box fusion-builder-row-4 fusion-flex-container has-pattern-background has-mask-background nonhundred-percent-fullwidth non-hundred-percent-height-scrolling\" style=\"--awb-border-radius-top-left:0px;--awb-border-radius-top-right:0px;--awb-border-radius-bottom-right:0px;--awb-border-radius-bottom-left:0px;--awb-margin-top:50px;--awb-flex-wrap:wrap;\" ><div class=\"fusion-builder-row fusion-row fusion-flex-align-items-flex-start fusion-flex-content-wrap\" style=\"max-width:1248px;margin-left: calc(-4% \/ 2 );margin-right: calc(-4% \/ 2 );\"><div class=\"fusion-layout-column fusion_builder_column fusion-builder-column-6 fusion_builder_column_1_1 1_1 fusion-flex-column\" style=\"--awb-bg-size:cover;--awb-width-large:100%;--awb-margin-top-large:0px;--awb-spacing-right-large:1.92%;--awb-margin-bottom-large:20px;--awb-spacing-left-large:1.92%;--awb-width-medium:100%;--awb-order-medium:0;--awb-spacing-right-medium:1.92%;--awb-spacing-left-medium:1.92%;--awb-width-small:100%;--awb-order-small:0;--awb-spacing-right-small:1.92%;--awb-spacing-left-small:1.92%;\"><div class=\"fusion-column-wrapper fusion-column-has-shadow fusion-flex-justify-content-flex-start fusion-content-layout-column\"><div class=\"fusion-text fusion-text-12\"><h3>Seuraa<\/h3>\n<\/div><div class=\"fusion-separator\" style=\"align-self: flex-start;margin-right:auto;margin-bottom:30px;width:100%;max-width:15%;\"><div class=\"fusion-separator-border sep-single sep-solid\" style=\"--awb-height:20px;--awb-amount:20px;--awb-sep-color:var(--awb-color6);border-color:var(--awb-color6);border-top-width:3px;\"><\/div><\/div><div class=\"fusion-text fusion-text-13\"><p>Visit the group\u2019s website at the <a href=\"https:\/\/www.helsinki.fi\/en\/researchgroups\/diabetes-and-non-alcoholic-fatty-liver-disease\">University of Helsinki<\/a><\/p>\n<\/div><\/div><\/div><\/div><\/div><\/p>\n","protected":false},"excerpt":{"rendered":"","protected":false},"author":1,"featured_media":0,"parent":875,"menu_order":0,"comment_status":"closed","ping_status":"closed","template":"100-width.php","meta":{"footnotes":""},"class_list":["post-845","page","type-page","status-publish","hentry"],"_links":{"self":[{"href":"https:\/\/minervainstitute.fi\/fi\/wp-json\/wp\/v2\/pages\/845","targetHints":{"allow":["GET"]}}],"collection":[{"href":"https:\/\/minervainstitute.fi\/fi\/wp-json\/wp\/v2\/pages"}],"about":[{"href":"https:\/\/minervainstitute.fi\/fi\/wp-json\/wp\/v2\/types\/page"}],"author":[{"embeddable":true,"href":"https:\/\/minervainstitute.fi\/fi\/wp-json\/wp\/v2\/users\/1"}],"replies":[{"embeddable":true,"href":"https:\/\/minervainstitute.fi\/fi\/wp-json\/wp\/v2\/comments?post=845"}],"version-history":[{"count":2,"href":"https:\/\/minervainstitute.fi\/fi\/wp-json\/wp\/v2\/pages\/845\/revisions"}],"predecessor-version":[{"id":847,"href":"https:\/\/minervainstitute.fi\/fi\/wp-json\/wp\/v2\/pages\/845\/revisions\/847"}],"up":[{"embeddable":true,"href":"https:\/\/minervainstitute.fi\/fi\/wp-json\/wp\/v2\/pages\/875"}],"wp:attachment":[{"href":"https:\/\/minervainstitute.fi\/fi\/wp-json\/wp\/v2\/media?parent=845"}],"curies":[{"name":"wp","href":"https:\/\/api.w.org\/{rel}","templated":true}]}}