{"id":808,"date":"2023-12-12T12:38:23","date_gmt":"2023-12-12T12:38:23","guid":{"rendered":"https:\/\/dev.minervainstitute.fi\/lasten-ja-nuorten-sydan-ja-verisuonitaudit\/"},"modified":"2025-01-10T11:32:26","modified_gmt":"2025-01-10T11:32:26","slug":"lasten-ja-nuorten-sydan-ja-verisuonitaudit","status":"publish","type":"page","link":"https:\/\/minervainstitute.fi\/fi\/tutkimusryhmat\/lasten-ja-nuorten-sydan-ja-verisuonitaudit\/","title":{"rendered":"Lasten ja nuorten syd\u00e4n- ja verisuonitaudit"},"content":{"rendered":"<p><div class=\"fusion-fullwidth fullwidth-box fusion-builder-row-1 fusion-flex-container has-pattern-background has-mask-background nonhundred-percent-fullwidth non-hundred-percent-height-scrolling\" style=\"--awb-border-radius-top-left:0px;--awb-border-radius-top-right:0px;--awb-border-radius-bottom-right:0px;--awb-border-radius-bottom-left:0px;--awb-margin-bottom:50px;--awb-flex-wrap:wrap;\" ><div class=\"fusion-builder-row fusion-row fusion-flex-align-items-flex-start fusion-flex-content-wrap\" style=\"max-width:1248px;margin-left: calc(-4% \/ 2 );margin-right: calc(-4% \/ 2 );\"><div class=\"fusion-layout-column fusion_builder_column fusion-builder-column-0 fusion_builder_column_3_5 3_5 fusion-flex-column\" style=\"--awb-bg-size:cover;--awb-width-large:60%;--awb-margin-top-large:0px;--awb-spacing-right-large:3.2%;--awb-margin-bottom-large:20px;--awb-spacing-left-large:3.2%;--awb-width-medium:60%;--awb-order-medium:0;--awb-spacing-right-medium:3.2%;--awb-spacing-left-medium:3.2%;--awb-width-small:100%;--awb-order-small:0;--awb-spacing-right-small:1.92%;--awb-spacing-left-small:1.92%;\"><div class=\"fusion-column-wrapper fusion-column-has-shadow fusion-flex-justify-content-flex-start fusion-content-layout-column\"><div class=\"fusion-text fusion-text-1\"><h1>Lasten ja nuorten syd\u00e4n- ja verisuonitaudit<\/h1>\n<\/div><div class=\"fusion-separator\" style=\"align-self: flex-start;margin-right:auto;margin-top:10px;margin-bottom:20px;width:100%;max-width:35%;\"><div class=\"fusion-separator-border sep-single sep-solid\" style=\"--awb-height:20px;--awb-amount:20px;--awb-sep-color:var(--awb-color6);border-color:var(--awb-color6);border-top-width:3px;\"><\/div><\/div><div class=\"fusion-text fusion-text-2\" style=\"--awb-margin-top:30px;\"><p>Tutkimuksemme keskittyy lapsilla ja nuorilla ilmeneviin syd\u00e4n- ja verisuonitauteihin sek\u00e4 aikuisi\u00e4ss\u00e4 yleisesti havaittuihin sairauksiin liittyvien varhaisten syd\u00e4n- ja verisuonitautien etenemiseen. T\u00e4h\u00e4n kuuluvat uusien tekniikoiden avulla teht\u00e4v\u00e4t prospektiiviset tutkimukset, joissa arvioidaan syd\u00e4n- ja verenkiertoelimist\u00f6n kehityst\u00e4 varhaislapsuudesta murrosik\u00e4\u00e4n ja varhaisaikuisuuteen. Lis\u00e4ksi arvioidaan, miten t\u00e4h\u00e4n kehitykseen vaikuttavat siki\u00f6vaihe, erilaiset sairaudet, hoidot sek\u00e4 syd\u00e4n- ja verisuonitautien riskitekij\u00e4t. <\/p>\n<div>\n<div>\n<p><span lang=\"EN-US\">Lis\u00e4ksi arvioidaan, miten t\u00e4h\u00e4n kehitykseen vaikuttavat siki\u00f6vaihe, erilaiset sairaudet, hoidot sek\u00e4 syd\u00e4n- ja verisuonitautien riskitekij\u00e4t. Aikuisi\u00e4ll\u00e4 yleisesti havaittavan valtimonkovettumataudin kehittyminen on monitekij\u00e4inen elinik\u00e4inen prosessi, joka saa alkunsa lapsuudessa. T\u00e4h\u00e4n prosessiin vaikuttavat perim\u00e4n lis\u00e4ksi my\u00f6s sairaudet sek\u00e4 varhaislapsuudesta tai jopa siki\u00f6vaiheesta l\u00e4ht\u00f6isin olevat syd\u00e4n- ja verisuonitautien riskitekij\u00e4t. On viel\u00e4 ep\u00e4selv\u00e4\u00e4, miten sairaudet, hoidot sek\u00e4 syd\u00e4n- ja verisuonitautien riskitekij\u00e4t vaikuttavat verisuonten muodon ja toiminnan kehitykseen lapsissa, joilla on synnynn\u00e4isi\u00e4 ja hankittuja sairauksia. T\u00e4m\u00e4 liittyy osittain puutteisiin menetelmiss\u00e4, jotka ovat kehitetty ensisijaisesti aikuisille, joilla sairaus on edennyt pidemm\u00e4lle.  <\/span><\/p>\n<p>Tutkimme syd\u00e4n- ja verenkiertoelimist\u00f6n rakenteen kehityst\u00e4 uudella kajoamattomalla menetelm\u00e4ll\u00e4, joka perustuu eritt\u00e4in korkeataajuiseen ultra\u00e4\u00e4neen (UHF, taajuus 22\u201370 MHz). Tutkimme my\u00f6s valtimoiden toiminnan kehityst\u00e4 lapsuusajan eri sairauksissa ja lasten perheiss\u00e4 aina syntym\u00e4\u00e4 edelt\u00e4v\u00e4st\u00e4 ajasta varhaisaikuisuuteen. Painotamme syd\u00e4n- ja verisuonitautiriskin sukupolvelta toiselle siirtymisen tutkimista. Tarkoituksena on selvitt\u00e4\u00e4 sairauksien siirtymist\u00e4 sukupolvelta toiselle ja miten voisimme vaikuttaa syd\u00e4n- ja verisuonitautien riskitekij\u00f6ihin ja siten ennaltaehk\u00e4ist\u00e4 valtimokovettumataudin kehittymist\u00e4 pidemm\u00e4ll\u00e4 aikav\u00e4lill\u00e4.<\/p>\n<\/div>\n<\/div>\n<\/div><\/div><\/div><div class=\"fusion-layout-column fusion_builder_column fusion-builder-column-1 fusion_builder_column_2_5 2_5 fusion-flex-column fusion-no-small-visibility\" style=\"--awb-padding-bottom:4%;--awb-overflow:hidden;--awb-bg-color:var(--awb-color3);--awb-bg-color-hover:var(--awb-color3);--awb-bg-size:cover;--awb-border-radius:100px 0px 0px 0px;--awb-width-large:40%;--awb-margin-top-large:0px;--awb-spacing-right-large:4.8%;--awb-margin-bottom-large:20px;--awb-spacing-left-large:4.8%;--awb-width-medium:40%;--awb-order-medium:0;--awb-spacing-right-medium:4.8%;--awb-spacing-left-medium:4.8%;--awb-width-small:100%;--awb-order-small:0;--awb-spacing-right-small:1.92%;--awb-spacing-left-small:1.92%;\" data-scroll-devices=\"small-visibility,medium-visibility,large-visibility\"><div class=\"fusion-column-wrapper fusion-column-has-shadow fusion-flex-justify-content-flex-start fusion-content-layout-column\"><div class=\"fusion-image-element \" style=\"--awb-caption-title-font-family:var(--h2_typography-font-family);--awb-caption-title-font-weight:var(--h2_typography-font-weight);--awb-caption-title-font-style:var(--h2_typography-font-style);--awb-caption-title-size:var(--h2_typography-font-size);--awb-caption-title-transform:var(--h2_typography-text-transform);--awb-caption-title-line-height:var(--h2_typography-line-height);--awb-caption-title-letter-spacing:var(--h2_typography-letter-spacing);\"><span class=\" fusion-imageframe imageframe-none imageframe-1 hover-type-none\"><img decoding=\"async\" width=\"1200\" height=\"799\" title=\"Taisto_Sarkola\" src=\"https:\/\/minervainstitute.fi\/wp-content\/uploads\/2023\/12\/Taisto_Sarkola.jpg\" alt class=\"img-responsive wp-image-610\" srcset=\"https:\/\/minervainstitute.fi\/wp-content\/uploads\/2023\/12\/Taisto_Sarkola-200x133.jpg 200w, https:\/\/minervainstitute.fi\/wp-content\/uploads\/2023\/12\/Taisto_Sarkola-400x266.jpg 400w, https:\/\/minervainstitute.fi\/wp-content\/uploads\/2023\/12\/Taisto_Sarkola-600x400.jpg 600w, https:\/\/minervainstitute.fi\/wp-content\/uploads\/2023\/12\/Taisto_Sarkola-800x533.jpg 800w, https:\/\/minervainstitute.fi\/wp-content\/uploads\/2023\/12\/Taisto_Sarkola.jpg 1200w\" sizes=\"(max-width: 640px) 100vw, 600px\" \/><\/span><\/div><div class=\"fusion-text fusion-text-3\" style=\"--awb-margin-top:30px;--awb-margin-right:30px;--awb-margin-left:30px;\"><h3>Ryhm\u00e4njohtaja<\/h3>\n<div><span lang=\"EN-US\">Taisto Sarkola, dosentti<\/span><\/div>\n<div><span lang=\"EN-US\">taisto.sarkola@helsinki.fi<\/span><\/div>\n<\/div><div class=\"fusion-text fusion-text-4\" style=\"--awb-margin-right:30px;--awb-margin-left:30px;\"><h3>Ryhm\u00e4nj\u00e4senet<\/h3>\n<p>My Blomqvist, HLT<br \/>\nMari Ylinen, LT<br \/>\nMichelle Renlund-Vikstr\u00f6m, LT<br \/>\nEssi Karikoski, FM<br \/>\nLaura Biskop, l\u00e4\u00e4ketieteen opiskelija<br \/>\nKarita Hyv\u00f6nen, l\u00e4\u00e4ketieteen opiskelija<br \/>\nMaria Finne, FM, tutkimuskoordinaattori<\/p>\n<\/div><\/div><\/div><div class=\"fusion-layout-column fusion_builder_column fusion-builder-column-2 fusion_builder_column_1_1 1_1 fusion-flex-column\" style=\"--awb-bg-size:cover;--awb-width-large:100%;--awb-margin-top-large:0px;--awb-spacing-right-large:1.92%;--awb-margin-bottom-large:20px;--awb-spacing-left-large:1.92%;--awb-width-medium:100%;--awb-order-medium:0;--awb-spacing-right-medium:1.92%;--awb-spacing-left-medium:1.92%;--awb-width-small:100%;--awb-order-small:0;--awb-spacing-right-small:1.92%;--awb-spacing-left-small:1.92%;\"><div class=\"fusion-column-wrapper fusion-column-has-shadow fusion-flex-justify-content-flex-start fusion-content-layout-column\"><div class=\"fusion-text fusion-text-5\"><p><span lang=\"EN-US\">T\u00e4rkeimpiin yhteisty\u00f6projekteihin (RADIEL-tutkimus, SIVELU-tutkimus ja FINNCARE-tutkimus NCT04676295) sis\u00e4ltyy prospektiivinen rekrytointi ja arviointi riskiperheiss\u00e4. Tutkimuksissa keskityt\u00e4\u00e4n syd\u00e4n- ja verisuonitautien riskiprofiilien arviointiin (kehonkoostumus, verenpaine, ruokavalio, fyysinen aktiivisuus, lipidit, glukoosi ja tulehdus) yhdess\u00e4 syd\u00e4men ja verisuonten arvionnin kanssa. Tutkimme lis\u00e4ksi ORALPEDHEART-tutkimuksessa (NCT03329170) uusia tapoja suunterveyden yll\u00e4pit\u00e4miseksi syd\u00e4men sis\u00e4kalvon tulehduksen ehk\u00e4isemiseksi vakavaa synnynn\u00e4ist\u00e4 syd\u00e4nsairautta sairastavien lasten vanhempien tehostetulla varhaisella neuvonnalla.<\/span><\/p>\n<\/div><\/div><\/div><div class=\"fusion-layout-column fusion_builder_column fusion-builder-column-3 fusion_builder_column_2_5 2_5 fusion-flex-column fusion-no-medium-visibility fusion-no-large-visibility\" style=\"--awb-padding-bottom:4%;--awb-overflow:hidden;--awb-bg-color:var(--awb-color3);--awb-bg-color-hover:var(--awb-color3);--awb-bg-size:cover;--awb-border-radius:100px 0px 0px 0px;--awb-width-large:40%;--awb-margin-top-large:0px;--awb-spacing-right-large:4.8%;--awb-margin-bottom-large:20px;--awb-spacing-left-large:4.8%;--awb-width-medium:40%;--awb-order-medium:0;--awb-spacing-right-medium:4.8%;--awb-spacing-left-medium:4.8%;--awb-width-small:100%;--awb-order-small:0;--awb-spacing-right-small:1.92%;--awb-spacing-left-small:1.92%;\" data-scroll-devices=\"small-visibility,medium-visibility,large-visibility\"><div class=\"fusion-column-wrapper fusion-column-has-shadow fusion-flex-justify-content-flex-start fusion-content-layout-column\"><div class=\"fusion-image-element \" style=\"--awb-caption-title-font-family:var(--h2_typography-font-family);--awb-caption-title-font-weight:var(--h2_typography-font-weight);--awb-caption-title-font-style:var(--h2_typography-font-style);--awb-caption-title-size:var(--h2_typography-font-size);--awb-caption-title-transform:var(--h2_typography-text-transform);--awb-caption-title-line-height:var(--h2_typography-line-height);--awb-caption-title-letter-spacing:var(--h2_typography-letter-spacing);\"><span class=\" fusion-imageframe imageframe-none imageframe-2 hover-type-none\"><img decoding=\"async\" width=\"1200\" height=\"799\" title=\"Taisto_Sarkola\" src=\"https:\/\/minervainstitute.fi\/wp-content\/uploads\/2023\/12\/Taisto_Sarkola.jpg\" alt class=\"img-responsive wp-image-610\" srcset=\"https:\/\/minervainstitute.fi\/wp-content\/uploads\/2023\/12\/Taisto_Sarkola-200x133.jpg 200w, https:\/\/minervainstitute.fi\/wp-content\/uploads\/2023\/12\/Taisto_Sarkola-400x266.jpg 400w, https:\/\/minervainstitute.fi\/wp-content\/uploads\/2023\/12\/Taisto_Sarkola-600x400.jpg 600w, https:\/\/minervainstitute.fi\/wp-content\/uploads\/2023\/12\/Taisto_Sarkola-800x533.jpg 800w, https:\/\/minervainstitute.fi\/wp-content\/uploads\/2023\/12\/Taisto_Sarkola.jpg 1200w\" sizes=\"(max-width: 640px) 100vw, 600px\" \/><\/span><\/div><div class=\"fusion-text fusion-text-6\" style=\"--awb-margin-top:30px;--awb-margin-right:30px;--awb-margin-left:30px;\"><h3>Ryhm\u00e4njohtaja<\/h3>\n<div><span lang=\"EN-US\">Taisto Sarkola, dosentti<\/span><\/div>\n<div><span lang=\"EN-US\">taisto.sarkola@helsinki.fi<\/span><\/div>\n<\/div><div class=\"fusion-text fusion-text-7\" style=\"--awb-margin-right:30px;--awb-margin-left:30px;\"><h3>Ryhm\u00e4nj\u00e4senet<\/h3>\n<p>My Blomqvist, HLT<br \/>\nMari Ylinen, LT<br \/>\nMichelle Renlund, LT<br \/>\nEssi Karikoski, FM<br \/>\nLaura Biskop, l\u00e4\u00e4ketieteen opiskelija<br \/>\nKarita Hyv\u00f6nen, l\u00e4\u00e4ketieteen opiskelija<br \/>\nMaria Finne, FM, tutkimuskoordinaattori<\/p>\n<\/div><\/div><\/div><\/div><\/div><div class=\"fusion-fullwidth fullwidth-box fusion-builder-row-2 fusion-flex-container has-pattern-background has-mask-background nonhundred-percent-fullwidth non-hundred-percent-height-scrolling\" style=\"--awb-border-radius-top-left:0px;--awb-border-radius-top-right:0px;--awb-border-radius-bottom-right:0px;--awb-border-radius-bottom-left:0px;--awb-padding-top:50px;--awb-padding-bottom:50px;--awb-background-color:var(--awb-color3);--awb-flex-wrap:wrap;\" ><div class=\"fusion-builder-row fusion-row fusion-flex-align-items-flex-start fusion-flex-content-wrap\" style=\"max-width:1248px;margin-left: calc(-4% \/ 2 );margin-right: calc(-4% \/ 2 );\"><div class=\"fusion-layout-column fusion_builder_column fusion-builder-column-4 fusion_builder_column_1_1 1_1 fusion-flex-column\" style=\"--awb-bg-size:cover;--awb-width-large:100%;--awb-margin-top-large:0px;--awb-spacing-right-large:1.92%;--awb-margin-bottom-large:20px;--awb-spacing-left-large:1.92%;--awb-width-medium:100%;--awb-order-medium:0;--awb-spacing-right-medium:1.92%;--awb-spacing-left-medium:1.92%;--awb-width-small:100%;--awb-order-small:0;--awb-spacing-right-small:1.92%;--awb-spacing-left-small:1.92%;\"><div class=\"fusion-column-wrapper fusion-column-has-shadow fusion-flex-justify-content-flex-start fusion-content-layout-column\"><div class=\"fusion-text fusion-text-8\"><h3>Valikoidut julkaisut<\/h3>\n<\/div><div class=\"fusion-separator\" style=\"align-self: flex-start;margin-right:auto;margin-bottom:30px;width:100%;max-width:20%;\"><div class=\"fusion-separator-border sep-single sep-solid\" style=\"--awb-height:20px;--awb-amount:20px;--awb-sep-color:var(--awb-color6);border-color:var(--awb-color6);border-top-width:3px;\"><\/div><\/div><div class=\"fusion-text fusion-text-9\"><p style=\"font-weight: 400;\">Renlund M, J\u00e4\u00e4skel\u00e4inen TJ, Kivel\u00e4 A, Heinonen S, Laivuori H, Sarkola T. Blood pressure, arterial stiffness, and cardiovascular risk profiles in 8-12-year-old children following pre-eclampsia (FINNCARE-study). J Hypertens. 2023 Sep 1;41(9):1429-1437. doi: 10.1097\/HJH.0000000000003485<\/p>\n<p>Renlund M, J\u00e4\u00e4skel\u00e4inen TJ, Kivel\u00e4 A, Heinonen S, Laivuori H, Sarkola T. Determinants of vascular structure and function in at-risk children born to mothers managed for pre-eclampsia (FINNCARE study). Front Cardiovasc Med. 2023 Oct 4;10:1264921. doi: 10.3389\/fcvm.2023.1264921.<\/p>\n<p style=\"font-weight: 400;\">Pulkkinen MA, Tuomaala AK, Hero M, Gordin D, Sarkola T. Motivational Interview to Improve Vascular Health in Adolescents with Poorly Controlled Type 1 Diabetes (MIAD): A Randomized Controlled Trial. BMJ Open Diabetes Res Care 2020 Jul;8(1):e001216. doi: 10.1136\/bmjdrc-2020-001216.<\/p>\n<p style=\"font-weight: 400;\">Sundholm J, Suominen A, Sarkola T, Jahnukainen K. Early arterial intimal thickening and plaque is related with treatment regime and cardiovascular risk factors in young adults following childhood hematopoietic stem cell transplantation. J Clin Med. 2020 Jul 13;9(7):2208. doi: 10.3390\/jcm9072208.<\/p>\n<p style=\"font-weight: 400;\">Ylinen M, Tyni V, Pihkala JI, Salminen J, Sairanen H, Sarkola T. Procedural riskfactors, incidence, and timing of reintervention after treatment for native coarctation of aorta in children \u2013 a population based study. Eur J Cardiothorac Surg 2019 Mar 1;55(3):564-571. doi: 10.1093\/ejcts\/ezy252. doi: 10.1093\/ejcts\/ezy252.<\/p>\n<p style=\"font-weight: 400;\">Sundholm JKM, Litwin L, R\u00f6n\u00f6 K, Koivusalo S, Eriksson JG, Sarkola T. Maternal obesity and gestational diabetes: impact on early childhood arterial wall layer thickness and stiffness \u2013 RADIEL six years follow-up. Atherosclerosis 2019;284:237-244. doi: 10.1016\/j.atherosclerosis.2019.01.037.<\/p>\n<p style=\"font-weight: 400;\">Sarkola T, Manlhiot C, Slorach C, Bradley TJ, Hui W, Mertens L, Redington AN, Jaeggi E. Evolution of the Arterial Structure and Function from Infancy to Adolescence is related to Anthropometric and Blood Pressure Changes. Arterioscler Thromb Vasc Biol. 2012;32:2516-24. doi: 10.1161\/ATVBAHA.112.252114.<\/p>\n<p style=\"font-weight: 400;\">Olander R, Sundholm JKM, Ojala TH, Andersson S, Sarkola T. Neonatal arterial morphology is related to body size in abnormal human fetal growth. Circulation: Cardiovascular Imaging 2016 Sep;9(9). pii: e004657. doi: 10.1161\/CIRCIMAGING.116.004657.<\/p>\n<p style=\"font-weight: 400;\">Sundholm JKM, Paetau A, Alb\u00e4ck A, Pettersson T, Sarkola T. Non-invasive vascular very-high resolution ultrasound to quantify artery intima layer thickness: validation of the four-line pattern. Ultrasound Med Biol. 2019 Aug;45(8):2010-2018. doi: 10.1016\/j.ultrasmedbio.2019.04.017<\/p>\n<p style=\"font-weight: 400;\">Sarkola T, Redington A, Keeley F, Bradley T, Jaeggi E. Transcutaneous very-high-resolution ultrasound to quantify arterial wall layers of muscular and elastic arteries: Validation of a method. Atherosclerosis. 2010;212:516-23. doi: 10.1016\/j.atherosclerosis.2010.06.043.<\/p>\n<\/div><\/div><\/div><\/div><\/div><div class=\"fusion-fullwidth fullwidth-box fusion-builder-row-3 fusion-flex-container has-pattern-background has-mask-background nonhundred-percent-fullwidth non-hundred-percent-height-scrolling\" style=\"--awb-border-radius-top-left:0px;--awb-border-radius-top-right:0px;--awb-border-radius-bottom-right:0px;--awb-border-radius-bottom-left:0px;--awb-margin-top:50px;--awb-flex-wrap:wrap;\" ><div class=\"fusion-builder-row fusion-row fusion-flex-align-items-flex-start fusion-flex-content-wrap\" style=\"max-width:1248px;margin-left: calc(-4% \/ 2 );margin-right: calc(-4% \/ 2 );\"><div class=\"fusion-layout-column fusion_builder_column fusion-builder-column-5 fusion_builder_column_1_1 1_1 fusion-flex-column\" style=\"--awb-bg-size:cover;--awb-width-large:100%;--awb-margin-top-large:0px;--awb-spacing-right-large:1.92%;--awb-margin-bottom-large:20px;--awb-spacing-left-large:1.92%;--awb-width-medium:100%;--awb-order-medium:0;--awb-spacing-right-medium:1.92%;--awb-spacing-left-medium:1.92%;--awb-width-small:100%;--awb-order-small:0;--awb-spacing-right-small:1.92%;--awb-spacing-left-small:1.92%;\"><div class=\"fusion-column-wrapper fusion-column-has-shadow fusion-flex-justify-content-flex-start fusion-content-layout-column\"><div class=\"fusion-text fusion-text-10\"><h3>Rahoittajat<\/h3>\n<\/div><div class=\"fusion-separator\" style=\"align-self: flex-start;margin-right:auto;margin-bottom:30px;width:100%;max-width:15%;\"><div class=\"fusion-separator-border sep-single sep-solid\" style=\"--awb-height:20px;--awb-amount:20px;--awb-sep-color:var(--awb-color6);border-color:var(--awb-color6);border-top-width:3px;\"><\/div><\/div><div class=\"fusion-text fusion-text-11\"><p>Lastentautien tutkimuss\u00e4\u00e4ti\u00f6<br \/>\nFinska L\u00e4kares\u00e4llskapet<br \/>\nMedicinska Underst\u00f6dsf\u00f6reningen Liv och H\u00e4lsa r.f.<br \/>\nStiftelsen Dorothea Olivia, Karl Walter och Jarl Walter Perkl\u00e9ns minne<\/p>\n<\/div><\/div><\/div><\/div><\/div><div class=\"fusion-fullwidth fullwidth-box fusion-builder-row-4 fusion-flex-container has-pattern-background has-mask-background nonhundred-percent-fullwidth non-hundred-percent-height-scrolling\" style=\"--awb-border-radius-top-left:0px;--awb-border-radius-top-right:0px;--awb-border-radius-bottom-right:0px;--awb-border-radius-bottom-left:0px;--awb-margin-top:50px;--awb-flex-wrap:wrap;\" ><div class=\"fusion-builder-row fusion-row fusion-flex-align-items-flex-start fusion-flex-content-wrap\" style=\"max-width:1248px;margin-left: calc(-4% \/ 2 );margin-right: calc(-4% \/ 2 );\"><div class=\"fusion-layout-column fusion_builder_column fusion-builder-column-6 fusion_builder_column_1_1 1_1 fusion-flex-column\" style=\"--awb-bg-size:cover;--awb-width-large:100%;--awb-margin-top-large:0px;--awb-spacing-right-large:1.92%;--awb-margin-bottom-large:20px;--awb-spacing-left-large:1.92%;--awb-width-medium:100%;--awb-order-medium:0;--awb-spacing-right-medium:1.92%;--awb-spacing-left-medium:1.92%;--awb-width-small:100%;--awb-order-small:0;--awb-spacing-right-small:1.92%;--awb-spacing-left-small:1.92%;\"><div class=\"fusion-column-wrapper fusion-column-has-shadow fusion-flex-justify-content-flex-start fusion-content-layout-column\"><div class=\"fusion-text fusion-text-12\"><h3>Seuraa<\/h3>\n<\/div><div class=\"fusion-separator\" style=\"align-self: flex-start;margin-right:auto;margin-bottom:30px;width:100%;max-width:15%;\"><div class=\"fusion-separator-border sep-single sep-solid\" style=\"--awb-height:20px;--awb-amount:20px;--awb-sep-color:var(--awb-color6);border-color:var(--awb-color6);border-top-width:3px;\"><\/div><\/div><div class=\"fusion-text fusion-text-13\"><div><span lang=\"SV\">Helsinki University portal: <\/span><\/div>\n<div><a href=\"https:\/\/researchportal.helsinki.fi\/en\/persons\/taisto-sarkola\"><span lang=\"SV\">https:\/\/researchportal.helsinki.fi\/en\/persons\/taisto-sarkola<\/span><\/a><\/div>\n<\/div><\/div><\/div><\/div><\/div><\/p>\n","protected":false},"excerpt":{"rendered":"","protected":false},"author":1,"featured_media":0,"parent":875,"menu_order":0,"comment_status":"closed","ping_status":"closed","template":"100-width.php","meta":{"footnotes":""},"class_list":["post-808","page","type-page","status-publish","hentry"],"_links":{"self":[{"href":"https:\/\/minervainstitute.fi\/fi\/wp-json\/wp\/v2\/pages\/808","targetHints":{"allow":["GET"]}}],"collection":[{"href":"https:\/\/minervainstitute.fi\/fi\/wp-json\/wp\/v2\/pages"}],"about":[{"href":"https:\/\/minervainstitute.fi\/fi\/wp-json\/wp\/v2\/types\/page"}],"author":[{"embeddable":true,"href":"https:\/\/minervainstitute.fi\/fi\/wp-json\/wp\/v2\/users\/1"}],"replies":[{"embeddable":true,"href":"https:\/\/minervainstitute.fi\/fi\/wp-json\/wp\/v2\/comments?post=808"}],"version-history":[{"count":9,"href":"https:\/\/minervainstitute.fi\/fi\/wp-json\/wp\/v2\/pages\/808\/revisions"}],"predecessor-version":[{"id":1563,"href":"https:\/\/minervainstitute.fi\/fi\/wp-json\/wp\/v2\/pages\/808\/revisions\/1563"}],"up":[{"embeddable":true,"href":"https:\/\/minervainstitute.fi\/fi\/wp-json\/wp\/v2\/pages\/875"}],"wp:attachment":[{"href":"https:\/\/minervainstitute.fi\/fi\/wp-json\/wp\/v2\/media?parent=808"}],"curies":[{"name":"wp","href":"https:\/\/api.w.org\/{rel}","templated":true}]}}