{"id":802,"date":"2023-12-12T12:38:08","date_gmt":"2023-12-12T12:38:08","guid":{"rendered":"https:\/\/dev.minervainstitute.fi\/sydan-ja-munuaissairaudet-diabeteksessa\/"},"modified":"2025-11-13T09:02:50","modified_gmt":"2025-11-13T09:02:50","slug":"sydan-ja-munuaissairaudet-diabeteksessa","status":"publish","type":"page","link":"https:\/\/minervainstitute.fi\/fi\/tutkimusryhmat\/sydan-ja-munuaissairaudet-diabeteksessa\/","title":{"rendered":"Syd\u00e4n- ja munuaissairaudet diabeteksessa"},"content":{"rendered":"<p><div class=\"fusion-fullwidth fullwidth-box fusion-builder-row-1 fusion-flex-container has-pattern-background has-mask-background nonhundred-percent-fullwidth non-hundred-percent-height-scrolling\" style=\"--awb-border-radius-top-left:0px;--awb-border-radius-top-right:0px;--awb-border-radius-bottom-right:0px;--awb-border-radius-bottom-left:0px;--awb-margin-bottom:50px;--awb-flex-wrap:wrap;\" ><div class=\"fusion-builder-row fusion-row fusion-flex-align-items-flex-start fusion-flex-content-wrap\" style=\"max-width:1248px;margin-left: calc(-4% \/ 2 );margin-right: calc(-4% \/ 2 );\"><div class=\"fusion-layout-column fusion_builder_column fusion-builder-column-0 fusion_builder_column_3_5 3_5 fusion-flex-column\" style=\"--awb-bg-size:cover;--awb-width-large:60%;--awb-margin-top-large:0px;--awb-spacing-right-large:3.2%;--awb-margin-bottom-large:20px;--awb-spacing-left-large:3.2%;--awb-width-medium:60%;--awb-order-medium:0;--awb-spacing-right-medium:3.2%;--awb-spacing-left-medium:3.2%;--awb-width-small:100%;--awb-order-small:0;--awb-spacing-right-small:1.92%;--awb-spacing-left-small:1.92%;\"><div class=\"fusion-column-wrapper fusion-column-has-shadow fusion-flex-justify-content-flex-start fusion-content-layout-column\"><div class=\"fusion-text fusion-text-1\"><h1>Syd\u00e4n- ja munuaissairaudet diabeteksessa<\/h1>\n<\/div><div class=\"fusion-separator\" style=\"align-self: flex-start;margin-right:auto;margin-top:10px;margin-bottom:20px;width:100%;max-width:35%;\"><div class=\"fusion-separator-border sep-single sep-solid\" style=\"--awb-height:20px;--awb-amount:20px;--awb-sep-color:var(--awb-color6);border-color:var(--awb-color6);border-top-width:3px;\"><\/div><\/div><div class=\"fusion-text fusion-text-2\" style=\"--awb-margin-top:30px;\"><p>Ryhm\u00e4mme tavoitteena on syvent\u00e4\u00e4 ymm\u00e4rryst\u00e4 munuais- ja aivoverisuonisairauksista diabetesta sairastavilla ja sit\u00e4 sairastamattomilla potilailla.<\/p>\n<p><span style=\"text-decoration: underline;\"><b>Munuaistutkimukset <\/b><\/span><\/p>\n<p>Vaikka useiden harvinaisten munuaistautien genetiikka tunnetaan, niille ei ole kohdennettuja hoitoja. Autosomaalinen dominantti polykystinen munuaistauti (ADPKD) on yleisin perinn\u00f6llinen munuaissairaus. IgA-nefropatia (IgAN) on puolestaan glomerulonefriitin yleisin muoto maailmassa. Tutkimme ADPKD:t\u00e4 ja IgAN:t\u00e4 suomen v\u00e4est\u00f6st\u00e4 koostuvalla suurella otoksella (&gt;500 000) <a href=\"http:\/\/www.finngen.fi\" target=\"_blank\" rel=\"noopener\">(www.finngen.fi<\/a>). Tavoitteena on parantaa ADPKD:n ja IgAN:n ymm\u00e4rt\u00e4mist\u00e4 hy\u00f6dynt\u00e4m\u00e4ll\u00e4 kliinisi\u00e4 ja geneettisi\u00e4 menetelmi\u00e4.<\/p>\n<p>Munuaissairaudet ovat syd\u00e4n- ja verisuonitauteihin sairastumisen, ennenaikaisen kuoleman ja huonon el\u00e4m\u00e4nlaadun merkitt\u00e4vi\u00e4 riskitekij\u00f6it\u00e4. FinnDiane-tutkimuksessa (<a href=\"http:\/\/www.finndiane.fi\" target=\"_blank\" rel=\"noopener\">www.finndiane.fi<\/a>) on kehitetty perusteellinen menetelm\u00e4patteristo munuaistautien tutkimiseksi. Menetelmiin kuuluvat efektiivisen munuaisvirtauksen (ERFP) ja glomerulusten suodatusnopeuden (GFR) mittaukset, sek\u00e4 munuaisten kuvantaminen magneettiresonanssitomografialla (MRI) ja positroniemissiotomografialla\/ tietokonetomografialla (PET\/CT). Tietojen analysointi on k\u00e4ynniss\u00e4 tutkimuksessa, jossa tutkitaan hypoksiinin osuutta varhaisessa munuaissairaudessa tyypin 1 diabetesta sairastavilla henkil\u00f6ill\u00e4. Lis\u00e4ksi on aloitettu t\u00e4t\u00e4 menetelm\u00e4\u00e4 k\u00e4ytt\u00e4v\u00e4 l\u00e4\u00e4ketutkimus.<\/p>\n<\/div><\/div><\/div><div class=\"fusion-layout-column fusion_builder_column fusion-builder-column-1 fusion_builder_column_2_5 2_5 fusion-flex-column fusion-no-small-visibility\" style=\"--awb-padding-bottom:4%;--awb-overflow:hidden;--awb-bg-color:var(--awb-color3);--awb-bg-color-hover:var(--awb-color3);--awb-bg-size:cover;--awb-border-radius:100px 0px 0px 0px;--awb-width-large:40%;--awb-margin-top-large:0px;--awb-spacing-right-large:4.8%;--awb-margin-bottom-large:20px;--awb-spacing-left-large:4.8%;--awb-width-medium:40%;--awb-order-medium:0;--awb-spacing-right-medium:4.8%;--awb-spacing-left-medium:4.8%;--awb-width-small:100%;--awb-order-small:0;--awb-spacing-right-small:1.92%;--awb-spacing-left-small:1.92%;\" data-scroll-devices=\"small-visibility,medium-visibility,large-visibility\"><div class=\"fusion-column-wrapper fusion-column-has-shadow fusion-flex-justify-content-flex-start fusion-content-layout-column\"><div class=\"fusion-image-element \" style=\"--awb-caption-title-font-family:var(--h2_typography-font-family);--awb-caption-title-font-weight:var(--h2_typography-font-weight);--awb-caption-title-font-style:var(--h2_typography-font-style);--awb-caption-title-size:var(--h2_typography-font-size);--awb-caption-title-transform:var(--h2_typography-text-transform);--awb-caption-title-line-height:var(--h2_typography-line-height);--awb-caption-title-letter-spacing:var(--h2_typography-letter-spacing);\"><span class=\" fusion-imageframe imageframe-none imageframe-1 hover-type-none\"><img decoding=\"async\" width=\"2500\" height=\"1664\" title=\"DSC_5353\" src=\"https:\/\/minervainstitute.fi\/wp-content\/uploads\/2023\/12\/DSC_5353.jpg\" alt class=\"img-responsive wp-image-606\" srcset=\"https:\/\/minervainstitute.fi\/wp-content\/uploads\/2023\/12\/DSC_5353-200x133.jpg 200w, https:\/\/minervainstitute.fi\/wp-content\/uploads\/2023\/12\/DSC_5353-400x266.jpg 400w, https:\/\/minervainstitute.fi\/wp-content\/uploads\/2023\/12\/DSC_5353-600x399.jpg 600w, https:\/\/minervainstitute.fi\/wp-content\/uploads\/2023\/12\/DSC_5353-800x532.jpg 800w, https:\/\/minervainstitute.fi\/wp-content\/uploads\/2023\/12\/DSC_5353-1200x799.jpg 1200w, https:\/\/minervainstitute.fi\/wp-content\/uploads\/2023\/12\/DSC_5353.jpg 2500w\" sizes=\"(max-width: 640px) 100vw, 600px\" \/><\/span><\/div><div class=\"fusion-text fusion-text-3\" style=\"--awb-margin-top:30px;--awb-margin-right:30px;--awb-margin-left:30px;\"><h3>Ryhm\u00e4njohtaja<\/h3>\n<p>Daniel Gordin, LT, dosentti<br \/>\ndaniel.gordin@helsinki.fi<\/p>\n<\/div><div class=\"fusion-text fusion-text-4\" style=\"--awb-margin-right:30px;--awb-margin-left:30px;\"><h3>Ryhm\u00e4nj\u00e4senet<\/h3>\n<p>Jussi Inkeri, LL<br \/>\nRasmus Simonsen, LT<br \/>\nAleksi Tarkkonen, LL<br \/>\nAnni Heiskala, MSc, b<span data-olk-copy-source=\"MessageBody\">iostatistikko<\/span><br \/>\nIiris Kyl\u00e4heiko, PsM<br \/>\nEmma Lindfelt, LK<br \/>\nMatti Sent\u00fcrk, LK<br \/>\nTomas Visser LK<br \/>\nKaroliina Ahtola, tutkimushoitaja<\/p>\n<\/div><\/div><\/div><div class=\"fusion-layout-column fusion_builder_column fusion-builder-column-2 fusion_builder_column_1_1 1_1 fusion-flex-column\" style=\"--awb-bg-size:cover;--awb-width-large:100%;--awb-margin-top-large:0px;--awb-spacing-right-large:1.92%;--awb-margin-bottom-large:20px;--awb-spacing-left-large:1.92%;--awb-width-medium:100%;--awb-order-medium:0;--awb-spacing-right-medium:1.92%;--awb-spacing-left-medium:1.92%;--awb-width-small:100%;--awb-order-small:0;--awb-spacing-right-small:1.92%;--awb-spacing-left-small:1.92%;\"><div class=\"fusion-column-wrapper fusion-column-has-shadow fusion-flex-justify-content-flex-start fusion-content-layout-column\"><div class=\"fusion-text fusion-text-5\"><p><span style=\"text-decoration: underline;\"><strong>Ykk\u00f6styypin diabetest\u00e4 koskeva aivoverisuonitutkimus<\/strong><\/span><\/p>\n<p>Tutkimukseen osallistuneille henkil\u00f6ille tehtiin aivojen magneettikuvaus (MRI) sek\u00e4 geneettiset, metaboliset, kognitiiviset ja verkkokalvon tutkimukset osana FinnDiane-tutkimusta. Toistaiseksi merkitt\u00e4vin havaintomme on, ett\u00e4 joka nelj\u00e4nnell\u00e4 n\u00e4ist\u00e4 ykk\u00f6styypin diabetest\u00e4 sairastavista oireettomista keski-ik\u00e4isist\u00e4 henkil\u00f6ist\u00e4 esiintyi merkkej\u00e4 aivojen pienten suonten verenvuodoista. Lopullisena tavoitteena on tutkia aivojen, silmien ja kognition v\u00e4lisi\u00e4 rakenteellis-toiminnallisia yhteyksi\u00e4. T\u00e4h\u00e4n menness\u00e4 kolme opiskelijaa on julkaissut tutkimuksen liittyen viisi tieteellist\u00e4 artikkelia osana v\u00e4it\u00f6skirjaty\u00f6t\u00e4ns\u00e4.<\/p>\n<p><span style=\"text-decoration: underline;\"><strong>Yhteisty\u00f6<\/strong><\/span><\/p>\n<p>Ryhm\u00e4mme on rakentanut yhteisty\u00f6verkoston, johon kuuluu korkean profiilin tutkimusryhmi\u00e4 niin Suomesta kuin ulkomailtakin.<\/p>\n<\/div><\/div><\/div><div class=\"fusion-layout-column fusion_builder_column fusion-builder-column-3 fusion_builder_column_2_5 2_5 fusion-flex-column fusion-no-medium-visibility fusion-no-large-visibility\" style=\"--awb-padding-bottom:4%;--awb-overflow:hidden;--awb-bg-color:var(--awb-color3);--awb-bg-color-hover:var(--awb-color3);--awb-bg-size:cover;--awb-border-radius:100px 0px 0px 0px;--awb-width-large:40%;--awb-margin-top-large:0px;--awb-spacing-right-large:4.8%;--awb-margin-bottom-large:20px;--awb-spacing-left-large:4.8%;--awb-width-medium:40%;--awb-order-medium:0;--awb-spacing-right-medium:4.8%;--awb-spacing-left-medium:4.8%;--awb-width-small:100%;--awb-order-small:0;--awb-spacing-right-small:1.92%;--awb-spacing-left-small:1.92%;\" data-scroll-devices=\"small-visibility,medium-visibility,large-visibility\"><div class=\"fusion-column-wrapper fusion-column-has-shadow fusion-flex-justify-content-flex-start fusion-content-layout-column\"><div class=\"fusion-image-element \" style=\"--awb-caption-title-font-family:var(--h2_typography-font-family);--awb-caption-title-font-weight:var(--h2_typography-font-weight);--awb-caption-title-font-style:var(--h2_typography-font-style);--awb-caption-title-size:var(--h2_typography-font-size);--awb-caption-title-transform:var(--h2_typography-text-transform);--awb-caption-title-line-height:var(--h2_typography-line-height);--awb-caption-title-letter-spacing:var(--h2_typography-letter-spacing);\"><span class=\" fusion-imageframe imageframe-none imageframe-2 hover-type-none\"><img decoding=\"async\" width=\"2500\" height=\"1664\" title=\"DSC_5353\" src=\"https:\/\/minervainstitute.fi\/wp-content\/uploads\/2023\/12\/DSC_5353.jpg\" alt class=\"img-responsive wp-image-606\" srcset=\"https:\/\/minervainstitute.fi\/wp-content\/uploads\/2023\/12\/DSC_5353-200x133.jpg 200w, https:\/\/minervainstitute.fi\/wp-content\/uploads\/2023\/12\/DSC_5353-400x266.jpg 400w, https:\/\/minervainstitute.fi\/wp-content\/uploads\/2023\/12\/DSC_5353-600x399.jpg 600w, https:\/\/minervainstitute.fi\/wp-content\/uploads\/2023\/12\/DSC_5353-800x532.jpg 800w, https:\/\/minervainstitute.fi\/wp-content\/uploads\/2023\/12\/DSC_5353-1200x799.jpg 1200w, https:\/\/minervainstitute.fi\/wp-content\/uploads\/2023\/12\/DSC_5353.jpg 2500w\" sizes=\"(max-width: 640px) 100vw, 600px\" \/><\/span><\/div><div class=\"fusion-text fusion-text-6\" style=\"--awb-margin-top:30px;--awb-margin-right:30px;--awb-margin-left:30px;\"><h3>Ryhm\u00e4njohtaja<\/h3>\n<p>Daniel Gordin, LT, dosentti<br \/>\ndaniel.gordin@helsinki.fi<\/p>\n<\/div><div class=\"fusion-text fusion-text-7\" style=\"--awb-margin-right:30px;--awb-margin-left:30px;\"><h3>Ryhm\u00e4nj\u00e4senet<\/h3>\n<p>Jussi Inkeri, LL<br \/>\nRasmus Simonsen, LT<br \/>\nAleksi Tarkkonen, LL<br \/>\nAnni Heiskala, MSc, b<span data-olk-copy-source=\"MessageBody\">iostatistikko<\/span><br \/>\nIiris Kyl\u00e4heiko, PsM<br \/>\nEmma <span data-olk-copy-source=\"MessageBody\">Lindfelt, LK<\/span><br \/>\nMatti Sent\u00fcrk, LK<br \/>\nTomas Visser LK<br \/>\nKaroliina Ahtola, tutkimushoitaja<\/p>\n<\/div><\/div><\/div><\/div><\/div><div class=\"fusion-fullwidth fullwidth-box fusion-builder-row-2 fusion-flex-container has-pattern-background has-mask-background nonhundred-percent-fullwidth non-hundred-percent-height-scrolling\" style=\"--awb-border-radius-top-left:0px;--awb-border-radius-top-right:0px;--awb-border-radius-bottom-right:0px;--awb-border-radius-bottom-left:0px;--awb-padding-top:50px;--awb-padding-bottom:50px;--awb-background-color:var(--awb-color3);--awb-flex-wrap:wrap;\" ><div class=\"fusion-builder-row fusion-row fusion-flex-align-items-flex-start fusion-flex-content-wrap\" style=\"max-width:1248px;margin-left: calc(-4% \/ 2 );margin-right: calc(-4% \/ 2 );\"><div class=\"fusion-layout-column fusion_builder_column fusion-builder-column-4 fusion_builder_column_1_1 1_1 fusion-flex-column\" style=\"--awb-bg-size:cover;--awb-width-large:100%;--awb-margin-top-large:0px;--awb-spacing-right-large:1.92%;--awb-margin-bottom-large:20px;--awb-spacing-left-large:1.92%;--awb-width-medium:100%;--awb-order-medium:0;--awb-spacing-right-medium:1.92%;--awb-spacing-left-medium:1.92%;--awb-width-small:100%;--awb-order-small:0;--awb-spacing-right-small:1.92%;--awb-spacing-left-small:1.92%;\"><div class=\"fusion-column-wrapper fusion-column-has-shadow fusion-flex-justify-content-flex-start fusion-content-layout-column\"><div class=\"fusion-text fusion-text-8\"><h3>Valikoidut julkaisut<\/h3>\n<\/div><div class=\"fusion-separator\" style=\"align-self: flex-start;margin-right:auto;margin-bottom:30px;width:100%;max-width:20%;\"><div class=\"fusion-separator-border sep-single sep-solid\" style=\"--awb-height:20px;--awb-amount:20px;--awb-sep-color:var(--awb-color6);border-color:var(--awb-color6);border-top-width:3px;\"><\/div><\/div><div class=\"fusion-text fusion-text-9\"><p>Gordin D, Harjutsalo V, Tinsley L, Fickweiler W, Sun JK, Forsblom C, Amenta PS, Pober D, D\u2019Eon S, Khatri M, Stillman IE, Groop P-H, Keenan HA, King GL. Differential association of microvascular attributions with cardiovascular disease in patients with long duration of type 1 diabetes. <em>Diabetes Care<\/em>. 2018; 41:815-822.<\/p>\n<p>Niiranen TJ, Gordin D. Initial Treatment of Hypertension Letter to the Editor. <em>N Engl J Med<\/em>. 2018; 378:1952.<\/p>\n<p>Gordin D*, Shah H*, Shinjo T, St-Louis R, Qi W, Park K, Paniagua S, Pober DM, Wu I, Bahnam V, Brissett MJ, Tinsley LJ, Dreyfuss JM, Pan H, Dong Y, Niewczas MA, Amenta A, Sadowski T, Kannt A, Keenan HA, King GL. Characterization of glycolytic enzymes and pyruvate kinase M2 in type 1 and 2 diabetic nephropathy. <em>Diabetes Care<\/em>. 2019; 42:1263-1273.<\/p>\n<p>Tynj\u00e4l\u00e4 A, Forsblom C, Harjutsalo V, Groop PH, Gordin D. Arterial stiffness predicts mortality in individuals with type 1 diabetes. <em>Diabetes Care<\/em>. 2020; 43:2266-2271.<\/p>\n<p>Inkeri J, Tynj\u00e4l\u00e4 A, Forsblom C, Liebkind R, Tatlisumak T, Thorn LM, Groop PH, Shams S, Putaala J, Martola J, Gordin D. Carotid intima-media thickness and arterial stiffdness in relation to cerebral small vessel disease in neurologically asymptomatic individuals with type 1 diabetes. <em>Acta Diabetologica<\/em>. 2021; 58:929-937.<\/p>\n<p>Inkeri J, Adeshara K, Harjutsalo V, Forsblom C, Liebkind R, Tatlisumak T, Thorn LM, Groop PH, Shams S, Martola J, Putaala J, Gordin D. Glycemic control is not related to cerebral small vessel disease in neurologically asymptomatic individuals with type 1 diabetes. <em>Acta Diabetol.<\/em> 2022; 59:481-49.<\/p>\n<p>Tynj\u00e4l\u00e4 A, Harjutsalo V, Jansson Sigfrids F, Groop PH, Gordin D; FinnDiane Study Group. Higher HbA1c variability is associated with increased arterial stiffness in individuals with type 1 diabetes. <em>Cardiovasc Diabetol<\/em>. 2023; 22:47.<\/p>\n<p>Mellor J, Jeyam A, Beulens JWJ, Bhandari S, Broadhead G, Chew E, Fickweiler W, van der Heijden A, Gordin D, Sim\u00f3 R, Snell-Bergeon J, Tynj\u00e4l\u00e4 A, Colhoun H. Role of Systemic Factors in Improving the Prognosis of Diabetic Retinal Disease and Predicting Response to Diabetic Retinopathy Treatment. <em>Ophthalmol Sci.<\/em> 2024; 4:100494.<\/p>\n<p>van Raalte DH, Bjornstad P, Cherney DZI, de Boer IH, Fioretto P, Gordin D, Persson F, Rosas SE, Rossing P, Schaub JA, Tuttle K, Waikar SS, Heerspink HJL. Diabetes mellitusta sairastavien henkil\u00f6iden munuaissairauksien yhdistelm\u00e4hoito. <em>Nat Rev Nephrol.<\/em> 2024; 20:433-446.<\/p>\n<p>Yu MG, Gordin D, Fu J, Park K, Li G, King GLK. Protective factors reduce the pathogenesis of complications in diabetes. <em>Endocrine Rev<\/em>. 2024; 45:227-252.<\/p>\n<p>Simonsen JR, Vikatmaa L, Vikatmaa P, Laine M, Granroth-Wilding H, Groop PH, Tikkanen I, Gordin D. Sham-controlled randomized pilot trial on baroreflex activation therapy in resistant hypertension. <em>Hypertension.<\/em> 2024; 81:e91-e93.<\/p>\n<\/div><\/div><\/div><\/div><\/div><div class=\"fusion-fullwidth fullwidth-box fusion-builder-row-3 fusion-flex-container has-pattern-background has-mask-background nonhundred-percent-fullwidth non-hundred-percent-height-scrolling\" style=\"--awb-border-radius-top-left:0px;--awb-border-radius-top-right:0px;--awb-border-radius-bottom-right:0px;--awb-border-radius-bottom-left:0px;--awb-margin-top:50px;--awb-flex-wrap:wrap;\" ><div class=\"fusion-builder-row fusion-row fusion-flex-align-items-flex-start fusion-flex-content-wrap\" style=\"max-width:1248px;margin-left: calc(-4% \/ 2 );margin-right: calc(-4% \/ 2 );\"><div class=\"fusion-layout-column fusion_builder_column fusion-builder-column-5 fusion_builder_column_1_1 1_1 fusion-flex-column\" style=\"--awb-bg-size:cover;--awb-width-large:100%;--awb-margin-top-large:0px;--awb-spacing-right-large:1.92%;--awb-margin-bottom-large:20px;--awb-spacing-left-large:1.92%;--awb-width-medium:100%;--awb-order-medium:0;--awb-spacing-right-medium:1.92%;--awb-spacing-left-medium:1.92%;--awb-width-small:100%;--awb-order-small:0;--awb-spacing-right-small:1.92%;--awb-spacing-left-small:1.92%;\"><div class=\"fusion-column-wrapper fusion-column-has-shadow fusion-flex-justify-content-flex-start fusion-content-layout-column\"><div class=\"fusion-text fusion-text-10\"><h3>Rahoittajat<\/h3>\n<\/div><div class=\"fusion-separator\" style=\"align-self: flex-start;margin-right:auto;margin-bottom:30px;width:100%;max-width:15%;\"><div class=\"fusion-separator-border sep-single sep-solid\" style=\"--awb-height:20px;--awb-amount:20px;--awb-sep-color:var(--awb-color6);border-color:var(--awb-color6);border-top-width:3px;\"><\/div><\/div><div class=\"fusion-text fusion-text-11\"><p>Suomen Akatemia<br \/>\nBiomedicum Helsinki S\u00e4\u00e4ti\u00f6<br \/>\nSuomen valtionavustus<br \/>\nHelsingin yliopistollinen sairaala HUS<br \/>\nMedicinska Underst\u00f6dsf\u00f6reningen Liv och H\u00e4lsa r.f.<br \/>\nMary K. Iacocca Foundation<br \/>\nFinska L\u00e4kares\u00e4llskapet<br \/>\nL\u00e4\u00e4ketieteellinen tutkimuslaitos Minerva<br \/>\nP\u00e4ivikki and Sakari Sohlbergin s\u00e4\u00e4ti\u00f6<br \/>\nSigrid Jus\u00e9liuksen S\u00e4\u00e4ti\u00f6<br \/>\nHelsingin yliopisto<br \/>\nWilhelm och Else Stockmanns stiftelse sr<\/p>\n<\/div><\/div><\/div><\/div><\/div><\/p>\n","protected":false},"excerpt":{"rendered":"","protected":false},"author":1,"featured_media":0,"parent":875,"menu_order":0,"comment_status":"closed","ping_status":"closed","template":"100-width.php","meta":{"footnotes":""},"class_list":["post-802","page","type-page","status-publish","hentry"],"_links":{"self":[{"href":"https:\/\/minervainstitute.fi\/fi\/wp-json\/wp\/v2\/pages\/802","targetHints":{"allow":["GET"]}}],"collection":[{"href":"https:\/\/minervainstitute.fi\/fi\/wp-json\/wp\/v2\/pages"}],"about":[{"href":"https:\/\/minervainstitute.fi\/fi\/wp-json\/wp\/v2\/types\/page"}],"author":[{"embeddable":true,"href":"https:\/\/minervainstitute.fi\/fi\/wp-json\/wp\/v2\/users\/1"}],"replies":[{"embeddable":true,"href":"https:\/\/minervainstitute.fi\/fi\/wp-json\/wp\/v2\/comments?post=802"}],"version-history":[{"count":51,"href":"https:\/\/minervainstitute.fi\/fi\/wp-json\/wp\/v2\/pages\/802\/revisions"}],"predecessor-version":[{"id":2396,"href":"https:\/\/minervainstitute.fi\/fi\/wp-json\/wp\/v2\/pages\/802\/revisions\/2396"}],"up":[{"embeddable":true,"href":"https:\/\/minervainstitute.fi\/fi\/wp-json\/wp\/v2\/pages\/875"}],"wp:attachment":[{"href":"https:\/\/minervainstitute.fi\/fi\/wp-json\/wp\/v2\/media?parent=802"}],"curies":[{"name":"wp","href":"https:\/\/api.w.org\/{rel}","templated":true}]}}