{"id":773,"date":"2023-12-28T14:04:20","date_gmt":"2023-12-28T14:04:20","guid":{"rendered":"https:\/\/dev.minervainstitute.fi\/tietoa-tutkimuslaitoksesta\/vaitokset-tutkimuslaitos-minervasta\/"},"modified":"2025-10-10T07:49:14","modified_gmt":"2025-10-10T07:49:14","slug":"vaitokset-tutkimuslaitos-minervasta","status":"publish","type":"page","link":"https:\/\/minervainstitute.fi\/fi\/tietoa-tutkimuslaitoksesta\/vaitokset-tutkimuslaitos-minervasta\/","title":{"rendered":"V\u00e4it\u00f6kset tutkimuslaitos Minervasta"},"content":{"rendered":"<p><div class=\"fusion-fullwidth fullwidth-box fusion-builder-row-1 fusion-flex-container has-pattern-background has-mask-background nonhundred-percent-fullwidth non-hundred-percent-height-scrolling\" style=\"--awb-border-radius-top-left:0px;--awb-border-radius-top-right:0px;--awb-border-radius-bottom-right:0px;--awb-border-radius-bottom-left:0px;--awb-flex-wrap:wrap;\" ><div class=\"fusion-builder-row fusion-row fusion-flex-align-items-flex-start fusion-flex-content-wrap\" style=\"max-width:1248px;margin-left: calc(-4% \/ 2 );margin-right: calc(-4% \/ 2 );\"><div class=\"fusion-layout-column fusion_builder_column fusion-builder-column-0 fusion_builder_column_3_5 3_5 fusion-flex-column\" style=\"--awb-bg-size:cover;--awb-width-large:60%;--awb-margin-top-large:0px;--awb-spacing-right-large:3.2%;--awb-margin-bottom-large:20px;--awb-spacing-left-large:3.2%;--awb-width-medium:60%;--awb-order-medium:0;--awb-spacing-right-medium:3.2%;--awb-spacing-left-medium:3.2%;--awb-width-small:100%;--awb-order-small:0;--awb-spacing-right-small:1.92%;--awb-spacing-left-small:1.92%;\"><div class=\"fusion-column-wrapper fusion-column-has-shadow fusion-flex-justify-content-flex-start fusion-content-layout-column\"><div class=\"fusion-text fusion-text-1\"><h1>V\u00e4it\u00f6kset tutkimuslaitos Minervasta<\/h1>\n<\/div><div class=\"fusion-separator\" style=\"align-self: flex-start;margin-right:auto;margin-top:10px;margin-bottom:20px;width:100%;max-width:35%;\"><div class=\"fusion-separator-border sep-single sep-solid\" style=\"--awb-height:20px;--awb-amount:20px;--awb-sep-color:var(--awb-color6);border-color:var(--awb-color6);border-top-width:3px;\"><\/div><\/div><\/div><\/div><div class=\"fusion-layout-column fusion_builder_column fusion-builder-column-1 fusion_builder_column_2_5 2_5 fusion-flex-column\" style=\"--awb-overflow:hidden;--awb-bg-size:cover;--awb-border-radius:100px 0px 0px 0px;--awb-width-large:40%;--awb-margin-top-large:0px;--awb-spacing-right-large:4.8%;--awb-margin-bottom-large:20px;--awb-spacing-left-large:4.8%;--awb-width-medium:40%;--awb-order-medium:0;--awb-spacing-right-medium:4.8%;--awb-spacing-left-medium:4.8%;--awb-width-small:100%;--awb-order-small:0;--awb-spacing-right-small:1.92%;--awb-spacing-left-small:1.92%;\" data-scroll-devices=\"small-visibility,medium-visibility,large-visibility\"><div class=\"fusion-column-wrapper fusion-column-has-shadow fusion-flex-justify-content-flex-start fusion-content-layout-column\"><div class=\"fusion-image-element fusion-no-medium-visibility fusion-no-large-visibility\" style=\"--awb-aspect-ratio:3 \/ 2;--awb-caption-title-font-family:var(--h2_typography-font-family);--awb-caption-title-font-weight:var(--h2_typography-font-weight);--awb-caption-title-font-style:var(--h2_typography-font-style);--awb-caption-title-size:var(--h2_typography-font-size);--awb-caption-title-transform:var(--h2_typography-text-transform);--awb-caption-title-line-height:var(--h2_typography-line-height);--awb-caption-title-letter-spacing:var(--h2_typography-letter-spacing);\"><span class=\" fusion-imageframe imageframe-none imageframe-1 hover-type-none has-aspect-ratio\"><img decoding=\"async\" width=\"2361\" height=\"1099\" title=\"vaitokset1\" src=\"https:\/\/minervainstitute.fi\/wp-content\/uploads\/2024\/01\/vaitokset1.jpg\" class=\"img-responsive wp-image-736 img-with-aspect-ratio\" data-parent-fit=\"cover\" data-parent-container=\".fusion-image-element\" alt srcset=\"https:\/\/minervainstitute.fi\/wp-content\/uploads\/2024\/01\/vaitokset1-200x93.jpg 200w, https:\/\/minervainstitute.fi\/wp-content\/uploads\/2024\/01\/vaitokset1-400x186.jpg 400w, https:\/\/minervainstitute.fi\/wp-content\/uploads\/2024\/01\/vaitokset1-600x279.jpg 600w, https:\/\/minervainstitute.fi\/wp-content\/uploads\/2024\/01\/vaitokset1-800x372.jpg 800w, https:\/\/minervainstitute.fi\/wp-content\/uploads\/2024\/01\/vaitokset1-1200x559.jpg 1200w, https:\/\/minervainstitute.fi\/wp-content\/uploads\/2024\/01\/vaitokset1.jpg 2361w\" sizes=\"(max-width: 640px) 100vw, 600px\" \/><\/span><\/div><\/div><\/div><\/div><\/div><div class=\"fusion-fullwidth fullwidth-box fusion-builder-row-2 fusion-flex-container has-pattern-background has-mask-background nonhundred-percent-fullwidth non-hundred-percent-height-scrolling\" style=\"--awb-border-radius-top-left:0px;--awb-border-radius-top-right:0px;--awb-border-radius-bottom-right:0px;--awb-border-radius-bottom-left:0px;--awb-flex-wrap:wrap;\" ><div class=\"fusion-builder-row fusion-row fusion-flex-align-items-flex-start fusion-flex-content-wrap\" style=\"max-width:1320px;margin-left: calc(-10% \/ 2 );margin-right: calc(-10% \/ 2 );\"><div class=\"fusion-layout-column fusion_builder_column fusion-builder-column-2 fusion_builder_column_1_2 1_2 fusion-flex-column\" style=\"--awb-bg-size:cover;--awb-width-large:50%;--awb-margin-top-large:0px;--awb-spacing-right-large:9%;--awb-margin-bottom-large:20px;--awb-spacing-left-large:9%;--awb-width-medium:50%;--awb-order-medium:0;--awb-spacing-right-medium:9%;--awb-spacing-left-medium:9%;--awb-width-small:100%;--awb-order-small:0;--awb-spacing-right-small:4.5%;--awb-spacing-left-small:4.5%;\"><div class=\"fusion-column-wrapper fusion-column-has-shadow fusion-flex-justify-content-flex-start fusion-content-layout-column\"><div class=\"fusion-text fusion-text-2\"><p><strong>2025<\/strong><\/p>\n<p>Hannes Frederik Bode: Epigenetics of environmental risk factors for breast cancer in cancer-discordant twin pairs. 1.10.2025.<\/p>\n<p class=\"fusion-title-heading title-heading-left\">Abel Szkalisity: Computational techniques in lipid metabolic studies. 7.7.2025.<\/p>\n<p>David Micinski: The actin cytoskeleton and axon initial segment function. 21.10.2025.<\/p>\n<\/div><\/div><\/div><div class=\"fusion-layout-column fusion_builder_column fusion-builder-column-3 fusion_builder_column_1_2 1_2 fusion-flex-column\" style=\"--awb-overflow:hidden;--awb-bg-size:cover;--awb-border-radius:100px 0px 0px 0px;--awb-width-large:50%;--awb-margin-top-large:0px;--awb-spacing-right-large:9%;--awb-margin-bottom-large:20px;--awb-spacing-left-large:9%;--awb-width-medium:50%;--awb-order-medium:0;--awb-spacing-right-medium:9%;--awb-spacing-left-medium:9%;--awb-width-small:100%;--awb-order-small:0;--awb-spacing-right-small:4.5%;--awb-spacing-left-small:4.5%;\" data-scroll-devices=\"small-visibility,medium-visibility,large-visibility\"><div class=\"fusion-column-wrapper fusion-column-has-shadow fusion-flex-justify-content-flex-start fusion-content-layout-column\"><div class=\"fusion-image-element fusion-no-small-visibility\" style=\"--awb-aspect-ratio:3 \/ 2;--awb-caption-title-font-family:var(--h2_typography-font-family);--awb-caption-title-font-weight:var(--h2_typography-font-weight);--awb-caption-title-font-style:var(--h2_typography-font-style);--awb-caption-title-size:var(--h2_typography-font-size);--awb-caption-title-transform:var(--h2_typography-text-transform);--awb-caption-title-line-height:var(--h2_typography-line-height);--awb-caption-title-letter-spacing:var(--h2_typography-letter-spacing);\"><span class=\" fusion-imageframe imageframe-none imageframe-2 hover-type-none has-aspect-ratio\"><img decoding=\"async\" width=\"2361\" height=\"1099\" title=\"vaitokset1\" src=\"https:\/\/minervainstitute.fi\/wp-content\/uploads\/2024\/01\/vaitokset1.jpg\" class=\"img-responsive wp-image-736 img-with-aspect-ratio\" data-parent-fit=\"cover\" data-parent-container=\".fusion-image-element\" alt srcset=\"https:\/\/minervainstitute.fi\/wp-content\/uploads\/2024\/01\/vaitokset1-200x93.jpg 200w, https:\/\/minervainstitute.fi\/wp-content\/uploads\/2024\/01\/vaitokset1-400x186.jpg 400w, https:\/\/minervainstitute.fi\/wp-content\/uploads\/2024\/01\/vaitokset1-600x279.jpg 600w, https:\/\/minervainstitute.fi\/wp-content\/uploads\/2024\/01\/vaitokset1-800x372.jpg 800w, https:\/\/minervainstitute.fi\/wp-content\/uploads\/2024\/01\/vaitokset1-1200x559.jpg 1200w, https:\/\/minervainstitute.fi\/wp-content\/uploads\/2024\/01\/vaitokset1.jpg 2361w\" sizes=\"(max-width: 640px) 100vw, 600px\" \/><\/span><\/div><\/div><\/div><\/div><\/div><div class=\"fusion-fullwidth fullwidth-box fusion-builder-row-3 fusion-flex-container has-pattern-background has-mask-background nonhundred-percent-fullwidth non-hundred-percent-height-scrolling\" style=\"--awb-border-radius-top-left:0px;--awb-border-radius-top-right:0px;--awb-border-radius-bottom-right:0px;--awb-border-radius-bottom-left:0px;--awb-flex-wrap:wrap;\" ><div class=\"fusion-builder-row fusion-row fusion-flex-align-items-flex-start fusion-flex-content-wrap\" style=\"max-width:1248px;margin-left: calc(-4% \/ 2 );margin-right: calc(-4% \/ 2 );\"><div class=\"fusion-layout-column fusion_builder_column fusion-builder-column-4 fusion_builder_column_1_1 1_1 fusion-flex-column\" style=\"--awb-bg-size:cover;--awb-width-large:100%;--awb-margin-top-large:0px;--awb-spacing-right-large:1.92%;--awb-margin-bottom-large:20px;--awb-spacing-left-large:1.92%;--awb-width-medium:100%;--awb-order-medium:0;--awb-spacing-right-medium:1.92%;--awb-spacing-left-medium:1.92%;--awb-width-small:100%;--awb-order-small:0;--awb-spacing-right-small:1.92%;--awb-spacing-left-small:1.92%;\"><div class=\"fusion-column-wrapper fusion-column-has-shadow fusion-flex-justify-content-flex-start fusion-content-layout-column\"><div class=\"fusion-text fusion-text-3\"><p><strong>2024<\/strong><\/p>\n<p>Vignesh Srinivasan: Novel roles of the protein deubiquitinase USP14 in proteostasis regulation and cell stress responses. 11.10.2024.<\/p>\n<p>Juuso Taskinen: The role of endoplasmic reticulum membrane contact sites in human endothelial cells. 4.10.2024.<\/p>\n<p>Taru Knuutinen: The importance of calcium channels in thyroid cancer. 27.9.2024.<\/p>\n<p>Michelle Renlund-Vikstr\u00f6m: Cardiovascular health in preadolescent children following in-utero exposure to pre-eclampsia. 7.6.2024.<\/p>\n<p>Suneeta Narumanchi: Septin7b and let-7c modulate cardiac function and regeneration in zebrafish. 5.6.2024<\/p>\n<p><strong>2023<\/strong><\/p>\n<p>Juho Pirhonen: Mechanisms of lipid deposition: Application of novel omics techniques, tissue imaging methods, and their synergistic deployment in lipid research. 29.9.2023<\/p>\n<p>Puspa Khanal: Molecular regulation of the dendritic spine initiation. August 11, 2023.<\/p>\n<p>Selina M\u00e4kinen: Send in the signals: Studies on the mechanism of insulin resistance in human skeletal muscle. February 4, 2023.<\/p>\n<p><strong>2022<\/strong><\/p>\n<p>Mari Lahelma: Lifestyle factors and lipid metabolism in non-alcoholic fatty liver disease, the metabolic syndrome, and atherosclerotic cardiovascular disease. December 16, 2022.<\/p>\n<p>Maria Ahonen Mehmeti: Mechanisms of adipocyte dysfunction in metabolic disease and cancer. December 9, 2022.<\/p>\n<p><strong>2021<\/strong><\/p>\n<p>Kien Dang: Diagnostic and prognostic role of expressed KRAS and BRAF mutations in MAPK\/ERK-driven cancers. June 21, 2021.<\/p>\n<p>Annika Koponen: ORP2 &#8211; a lipid-binding protein controlling cellular cholesterol transport and signal transduction. April 1, 2021.<\/p>\n<p>Kecheng Zhou: Crosstalk between sphingolipid metabolism and nutrient signaling: Studies on LAPTM4B. March 4, 2021.<\/p>\n<p><strong>2020<\/strong><\/p>\n<p>Hanna Ruhanen: Hepatic lipid metabolism in cardiometabolic diseases \u2013 protective and adverse effects of genetic variants. October 13, 2020.<\/p>\n<p>Dan Pham Duc: Novel roles of p75 neurotrophin receptor in Low-density lipoprotein receptor regulation and lipid signaling. June 4, 2020.<\/p>\n<p>Veijo Salo: Lipogenic subdomains of the ER: The role of seipin. April 17, 2020.<\/p>\n<p>Amr Abouelezz: The structure and dynamics of the actin cytoskeleton in the axon initial segment. February 28, 2020.<\/p>\n<p><strong>2019<\/strong><\/p>\n<p>Iryna Hlushchenko: Actin regulation in dendritic spines: From synaptic plasticity to animal behavior and neurodevelopmental disorders. August 16, 2019.<\/p>\n<p><strong>2018<\/strong><\/p>\n<p>Panu Luukkonen: Heterogeneity of non-alcoholic fatty liver disease \u2013 Genetic and nutritional modulation of hepatic lipid metabolism. September 7, 2018.<\/p>\n<p>Henriikka Kentala: ORP2 \u2013 A sterol sensor controlling hepatocellular bioenergetics and actin cytoskeletal functions. August 18, 2018<\/p>\n<p>Raghavendra Mysore: Novel molecular regulators of adipose tissue metabolism. May 18, 2018.<\/p>\n<p>Anna Tikka: Characterization of ANGPTL3 deficiency and molecular mechanisms of ANGPTL3 deficiency-induced hypolipodemia. January 19, 2018.<\/p>\n<p>Susanna Lallukka: Non-alcoholic fatty liver disease: The role of insulin resistance, inflammation and the PNPLA3 I148M variant. January 13, 2018.<\/p>\n<p><strong>2017<\/strong><\/p>\n<p>Jenni Hyysalo: Prevalence and Genetics of Non-Alcoholic Fatty Liver Disease. December 16, 2017.<\/p>\n<p>Elina Isokuortti: Non-alcoholic fatty liver disease \u2013 Studies on pathogenesis and diagnosis. October 28, 2017.<\/p>\n<p>Boris Vassilev: Studies on proteins influencing cancer progression and regulating endocytic lipid trafficking. April 28, 2017.<\/p>\n<p><strong>2016<\/strong><\/p>\n<p>Johanna M\u00e4kel\u00e4: Neuroprotective effects of PGC-1\u03b1 activators in dopaminergic neurons. May 20, 2016.<\/p>\n<p><strong>2015<\/strong><\/p>\n<p>Veronica Kalhori: Sphingosine-1-phosphate-evoked invasion of follicular thyroid cancer cells: Evidence for the involvement of HIF-1a, MMP2 and MMP9. September 11, 2015.<\/p>\n<p>Tho Huu Ho: Development of amplification-based technologies for enrichment of nucleic acids with difficult sequences or low-abundance point mutations. February 13, 2015.<\/p>\n<p><strong>2014<\/strong><\/p>\n<p>Alise Hyrskyluoto: Endoplasmic reticulum stress, regulation of autophagy and ubiquitin-proteosome system in cellular models of Huntington&#8217;s Disease. September 12, 2014.<\/p>\n<p>Leena Juurinen: Insulin therapy in type 2 diabetes &#8211; Initiation, impact on liver fat, role of combination therapy with glitazones or glinides. May 16, 2014.<\/p>\n<p>Jere Paavola: Aberrant intracellular calcium cycling in the heart &#8211; Mechanistic insights into catecholaminergic polymorphic ventricular tachycardia and heart failure. March 28, 2014.<\/p>\n<p><strong>2013<\/strong><\/p>\n<p>Anders Eriksson-Paloj\u00e4rvi: Neurohumoral responce and pathophysiologic changes during progresson of mitral reurgitation in the Cavalier King Charles spaniel. November 29, 2013.<\/p>\n<p>Wei Wang: Studies on the transcriptional and enzymatic control of steroid metabolism: Regulation by lysosomal acid lipase, 24-dehydrocholesterol reductace, and amyloid precursor protein. November 28, 2013.<\/p>\n<p>Raili Koivuniemi: Regulation of neural progenitor cell proliferation and fate by proteolytic pathways and inflammatory signals in the brain. September 6, 2013.<\/p>\n<p>You Zhou: Oxysterol binding protein homologues: Novel functions in intracellular transport and adipogenesis. January 25, 2013.<\/p>\n<p><strong>2012<\/strong><\/p>\n<p>Noora Putkonen: Organelle specific mechanism of neuronal cell death. October 26, 2012.<\/p>\n<p>Terhi Vihervaara: The role of oxysterol binding proteins in macrophages. October 5, 2012.<\/p>\n<p>Paulina Skrobuk: Glucose and lipid metabolism in human skeletal muscle. September 7, 2012.<\/p>\n<p><strong>2011<\/strong><\/p>\n<p>Ksenia Sevastianova: Combination antiretroviral therapy-associated lipodystrophy: insights into pathogenesis and treatment. November 25, 2011.<\/p>\n<p><strong>2010<\/strong><\/p>\n<p>P\u00e4ivi Lakkisto: Heme oxygenase-1 in cardiovascular diseases. December 17, 2010.<\/p>\n<p>Minna Kairisalo: Oxidative stress and XIAP signalling in neuronal cells. October 15, 2010.<\/p>\n<p>Sami Reijonen: Endoplasmic reticulum stress and cell death mechanisms in the cell model of Huntington&#8217;s disease. October 8, 2010.<\/p>\n<p>Nina Bergelin: Interactions between sphingosine 1-phosphate and vascular endothelial growth factor signaling in thyroid carcinoma cells. September 17, 2010.<\/p>\n<p>Tero Viitanen: GABAa reseptor mediated signalling in the brain: inhibition, shunting and excitation. June 23, 2010.<\/p>\n<p>Janne Makkonen: Adipose tissue inflammation, liver fat and insulin resistance in humans. June 18, 2010.<\/p>\n<p><strong>2008<\/strong><\/p>\n<p>Anna Kotronen: Liver fat in the metabolic syndrome and type 2 diabetes.<\/p>\n<p><strong>2007<\/strong><\/p>\n<p>Cia Ramstr\u00f6m: Ceramides and DAG as regulators of potassium channel function.<\/p>\n<p><strong>2006<\/strong><\/p>\n<p>Tomas Blom: Sphingolipid-mediated regulation of cellular calcium signaling and survival.<\/p>\n<p><strong>2005<\/strong><\/p>\n<p>Mirja Tiikkainen: Effects of weight loss, rosiglitazone and metformin on liver fat content, insulin resistance and gene expression in adipose tissue\u201d<\/p>\n<p><strong>2004<\/strong><\/p>\n<p>Marjo Tamminen: Vascular and Platelet Function in Insulin Resistance<\/p>\n<p>Esa Lepp\u00e4nen: Experimental basis for standardization of blood specimen collection. (started in Minerva but was completed in Jyv\u00e4skyl\u00e4)<\/p>\n<p><strong>2003<\/strong><\/p>\n<p>Elena Korsheninnikova: Molecular mechanisms of insulin resistance in human skeletal muscle and lipodystrophic adipose tissue. July 4, 2003.<\/p>\n<p>Robert Bergholm: Effects of weight loss, physical training and anti-inflammatory therapy on endothelial function in vivo.<\/p>\n<p>Jussi Sutinen: Pathogenesis and treatment of lipodystrophy in HIV-infected patients receiving highly active antiretroviral therapy.<\/p>\n<p><strong>2002<\/strong><\/p>\n<p>Nina Uhlenius: Angiotensin II and nitric oxide in chronic experimental nephritis.<\/p>\n<p><strong>2001<\/strong><\/p>\n<p>Jukka Westerbacka: Insulin action on large artery stiffness in normal and insulin resistant subjects.<\/p>\n<p>Satu Vehkavaara: Identification and treatment of endothelial dysfunction and cardiovascular risk markers in disorders of glucose metabolism and in postmenopausal women.<\/p>\n<p><strong>2000<\/strong><\/p>\n<p>Beno\u00eet Dugu\u00e9: Variabilit\u00e9 Biologique. Influence des facteurs preanalytiques in vivo (stress physique, stress psychologique, chronobiologie) sur les r\u00e9sultants d\u2019analyses de marqueurs biologiques sanguins et cellulaires.<\/p>\n<p><strong>1999<\/strong><\/p>\n<p>Markus Sundblom: Neuropeptide FF in human blood and cerebrospinal fluid.<\/p>\n<p><strong>1998<\/strong><\/p>\n<p>Leena Karhap\u00e4\u00e4: Effects of caffeine and thimerosal on the regulation of intracellular calsium concentration in GH4C1 rat pituitary cells.<\/p>\n<p><strong>1997<\/strong><\/p>\n<p>Marja-Leena Sirvi\u00f6: Endothelin-1; cardiopulmonal expression, metabolism and regulation of atrial natriuretic peptide release.<\/p>\n<p><strong>1995<\/strong><\/p>\n<p>Antti Virkam\u00e4ki: Mechanism and causes of abnormal carbohydrate metabolism during experimental and natural infections.<\/p>\n<p><strong>1994<\/strong><\/p>\n<p>Outi Saijonmaa: Endothelin-1: Plasma levels in cold pressor test and regulation in endothelial cells.<\/p>\n<p>Karri Helin: Neutral endopeptidase inhibition in experimental heart failure.<\/p>\n<p><strong>1991<\/strong><\/p>\n<p>Sari Tikanoja: Free thyroid hormones in serum: performance of different assay methodologies in thyroid diseases and non-thyroidal illnesses.<\/p>\n<p><strong>1989<\/strong><\/p>\n<p>Per-Henrik Groop: The relationship between gastric inhibitory polypeptide (GIP) and beta-cell function in man.<\/p>\n<p>Tuula Tikkanen: Atrial natriuretic peptide in experimental heart failure.<\/p>\n<p>Kaj Mets\u00e4rinne: Renin substrate in human plasma and amniotic fluid.<\/p>\n<p><strong>1987<\/strong><\/p>\n<p>Kid T\u00f6rnquist: 1,25-dihydroxyvitamin D3 and the secretion of thyrotropin and prolactin from the rat pituitary gland.<\/p>\n<p>Katarina Rosenl\u00f6f: Erythropoietin: receptor and comparison with renin substrate.<\/p>\n<p><strong>1986<\/strong><\/p>\n<p>Virpi Oksanen: Neurosarcoidosis: A clinical, laboratory and neuroradiological study.<\/p>\n<p>Jean-Louis Gu\u00e9ant:<\/p>\n<p><strong>1984<\/strong><\/p>\n<p>Markku M. Nieminen: Renin-Aldosterone axis in man following ingestion of ethanol.<\/p>\n<p>Christel Lamberg-Allardt: Serum 25-hydroxy-vitamin D concentration and vitamin D intake.<\/p>\n<p>Terje Forslund: Induction of rat angiotensin converting enzyme by captopril and enalapril.<\/p>\n<p><strong>1983<\/strong><\/p>\n<p>Ilkka Immonen: Factors affecting human plasma renin substrate concentration with emphasis on estrogens and pregnancy.<\/p>\n<p><strong>1982<\/strong><\/p>\n<p>Jaakko Linkola: Strain differences in water and electrolyte metabolism between alcohol preferring (AA) and alcohol avoiding (ANA) rats.<\/p>\n<p>Tom Petterson: Pleural effusions in infectious, neoplastic and connective tissue diseases. A study of cellular and immunological reactions with emphasis on the role of T and B lymphoytes.<\/p>\n<p><strong>1981<\/strong><\/p>\n<p>Ilkka Kouvonen: Structure of the porcine intestinal intrinsic factor (IF) receptor.<\/p>\n<p>Ilkka Tikkanen: Hypertensive effect of autoimmune nephritis in DOCA-NaCl-treated and in spontaneously hypertensive rats.<\/p>\n<p>Georg Borgstr\u00f6m: Clinical implications of chromosome aberrations in hematologic neoplasia.<\/p>\n<p><strong>1980<\/strong><\/p>\n<p>Carola Gr\u00f6nhagen-Riska: Angiotensin converting enzyme and sarcoidosis.<\/p>\n<p>Fredrika Pekonen: The interaction of thyrotropin with its receptors.<\/p>\n<p><strong>1978<\/strong><\/p>\n<p>Thomas T\u00f6tterman: Thyroid-infiltrating immunocompetent cells in human autoimmune thyroid disease.<\/p>\n<p>George Marcoullis: Soluble and membrane-bound proteins involved in vitamin B12 transport.<\/p>\n<p>Pertti Soveri: Renin in human pregnancy and during oral contraception.<\/p>\n<p><strong>1975<\/strong><\/p>\n<p>Gustav W\u00e4gar: Effect of TSH and cyclic adenosine 3\u00b4, 5\u00b4-monophosphate on thyroidal protein synthesis.<\/p>\n<p>Jim Schr\u00f6der: Passage of blood cells between foetus and mother.<\/p>\n<p><strong>1974<\/strong><\/p>\n<p>Ariel Gordin: Thyrotrophin in human serum; A methodological and clinical study in diseases of the thyroid gland.<\/p>\n<p>Ulf-H\u00e5kan Stenman: Studies on cobalophilin. Vitamin B12-binding proteins of R-type.<\/p>\n<p>Ritva-Kajsa Selander: Kromosomala makromolekylers effekt p\u00e5 vissa akridinderivats absorption och fluorescens.<\/p>\n<p><strong>1973<\/strong><\/p>\n<p>Aldur Eriksson: Human twinning in and around the \u00c5land Islands.<\/p>\n<p><strong>1972<\/strong><\/p>\n<p>Jorma M\u00e4enp\u00e4\u00e4: Hypothyroidism and autoimmune thyroiditis in childhood.<\/p>\n<p>Risto Kala: Venous plasma angiotensin II in man. Diurnal variation and response to various postural stimuli and exercise.<\/p>\n<p><strong>1971<\/strong><\/p>\n<p>Johan Wennstr\u00f6m: Effect of ionizing radiation on the chromosomes in meiotic and mitotic cells.<\/p>\n<p>Frej Fyhrquist: Radioimmunoassay of plasma angiotensin II in patients with hypertension, in renal transplant recipients, and in anephric patients.<\/p>\n<p><strong>1970<\/strong><\/p>\n<p>Johan Edgren: Effect of cysteine on chromosome aberrations induced by radiation of human lymphocytes in vitro.<\/p>\n<p><strong>1969<\/strong><\/p>\n<p>Teddy Weber: Isolation and characterization of a lymphocyte-stimulating leucoagglutinin from red kidney beans. (Phaseolus vulgaris).<\/p>\n<p><strong>1968<\/strong><\/p>\n<p>Rolf Nordman: Endemic goitre in Finland in the light of thyroids of newborn in 1962-1965.<\/p>\n<p>Kristian Liewendahl: Iodochloroxyquinoline and the thyroid gland. Metabolism of iodochloroxyquinoline iodine and its effect on the thyroid iodine metabolism in rats.<\/p>\n<p><strong>1964<\/strong><\/p>\n<p>Kaj Simons: Vitamin B12 binders in human body fluids and blood cells.<\/p>\n<p><strong>1962<\/strong><\/p>\n<p>Albert de la Chapelle: Cytogenetical and clinical observations in female gonadal dysgenesis.<\/p>\n<\/div><\/div><\/div><\/div><\/div><\/p>\n","protected":false},"excerpt":{"rendered":"","protected":false},"author":1,"featured_media":0,"parent":758,"menu_order":0,"comment_status":"closed","ping_status":"closed","template":"100-width.php","meta":{"footnotes":""},"class_list":["post-773","page","type-page","status-publish","hentry"],"_links":{"self":[{"href":"https:\/\/minervainstitute.fi\/fi\/wp-json\/wp\/v2\/pages\/773","targetHints":{"allow":["GET"]}}],"collection":[{"href":"https:\/\/minervainstitute.fi\/fi\/wp-json\/wp\/v2\/pages"}],"about":[{"href":"https:\/\/minervainstitute.fi\/fi\/wp-json\/wp\/v2\/types\/page"}],"author":[{"embeddable":true,"href":"https:\/\/minervainstitute.fi\/fi\/wp-json\/wp\/v2\/users\/1"}],"replies":[{"embeddable":true,"href":"https:\/\/minervainstitute.fi\/fi\/wp-json\/wp\/v2\/comments?post=773"}],"version-history":[{"count":21,"href":"https:\/\/minervainstitute.fi\/fi\/wp-json\/wp\/v2\/pages\/773\/revisions"}],"predecessor-version":[{"id":2342,"href":"https:\/\/minervainstitute.fi\/fi\/wp-json\/wp\/v2\/pages\/773\/revisions\/2342"}],"up":[{"embeddable":true,"href":"https:\/\/minervainstitute.fi\/fi\/wp-json\/wp\/v2\/pages\/758"}],"wp:attachment":[{"href":"https:\/\/minervainstitute.fi\/fi\/wp-json\/wp\/v2\/media?parent=773"}],"curies":[{"name":"wp","href":"https:\/\/api.w.org\/{rel}","templated":true}]}}