{"id":2603,"date":"2026-03-24T14:42:13","date_gmt":"2026-03-24T14:42:13","guid":{"rendered":"https:\/\/minervainstitute.fi\/avoimet-tyopaikat\/"},"modified":"2026-03-24T15:23:58","modified_gmt":"2026-03-24T15:23:58","slug":"avoimet-tyopaikat","status":"publish","type":"page","link":"https:\/\/minervainstitute.fi\/fi\/avoimet-tyopaikat\/","title":{"rendered":"Avoimet ty\u00f6paikat"},"content":{"rendered":"<p><div class=\"fusion-fullwidth fullwidth-box fusion-builder-row-1 fusion-flex-container has-pattern-background has-mask-background nonhundred-percent-fullwidth non-hundred-percent-height-scrolling\" style=\"--awb-border-radius-top-left:0px;--awb-border-radius-top-right:0px;--awb-border-radius-bottom-right:0px;--awb-border-radius-bottom-left:0px;--awb-flex-wrap:wrap;\" ><div class=\"fusion-builder-row fusion-row fusion-flex-align-items-flex-start fusion-flex-content-wrap\" style=\"max-width:1248px;margin-left: calc(-4% \/ 2 );margin-right: calc(-4% \/ 2 );\"><div class=\"fusion-layout-column fusion_builder_column fusion-builder-column-0 fusion_builder_column_1_1 1_1 fusion-flex-column\" style=\"--awb-bg-size:cover;--awb-width-large:100%;--awb-margin-top-large:0px;--awb-spacing-right-large:1.92%;--awb-margin-bottom-large:20px;--awb-spacing-left-large:1.92%;--awb-width-medium:100%;--awb-order-medium:0;--awb-spacing-right-medium:1.92%;--awb-spacing-left-medium:1.92%;--awb-width-small:100%;--awb-order-small:0;--awb-spacing-right-small:1.92%;--awb-spacing-left-small:1.92%;\" data-scroll-devices=\"small-visibility,medium-visibility,large-visibility\"><div class=\"fusion-column-wrapper fusion-column-has-shadow fusion-flex-justify-content-flex-start fusion-content-layout-column\"><div class=\"fusion-text fusion-text-1\" style=\"--awb-max-width:75ch;--awb-max-width-medium:75ch;\"><h1>Tule tekem\u00e4\u00e4n tulevaisuuden tutkimusta l\u00e4\u00e4ketieteen tutkimuslaitos Minervaan!<\/h1>\n<\/div><div class=\"fusion-separator\" style=\"align-self: flex-start;margin-right:auto;margin-top:10px;margin-bottom:20px;width:100%;max-width:35%;\"><div class=\"fusion-separator-border sep-single sep-solid\" style=\"--awb-height:20px;--awb-amount:20px;--awb-sep-color:var(--awb-color6);border-color:var(--awb-color6);border-top-width:3px;\"><\/div><\/div><div class=\"fusion-separator fusion-full-width-sep\" style=\"align-self: center;margin-left: auto;margin-right: auto;margin-top:20px;width:100%;\"><\/div><div class=\"fusion-text fusion-text-2\" style=\"--awb-max-width:80ch;--awb-max-width-medium:80ch;\"><h3>L\u00e4\u00e4ketieteellinen tutkimuslaitos Minerva<\/h3>\n<p>Minervan tutkimuslaitos on aina kiinnostunut kuulemaan uusista osaajista sek\u00e4 tieteeseen intohimolla suhtautuvista tutkijoista. Etsimme joukkoomme ihmisi\u00e4, jotka haluavat haastaa itse\u00e4\u00e4n ja vied\u00e4 tiedeyhteis\u00f6\u00e4 eteenp\u00e4in kanssamme.<\/p>\n<h3>N\u00e4in haet ty\u00f6paikkojamme<\/h3>\n<p>Juuri nyt meill\u00e4 ei ole avoimia teht\u00e4vi\u00e4. Voit kuitenkin j\u00e4tt\u00e4\u00e4 avoimen hakemuksen alla olevan lomakkeen kautta.<\/p>\n<p>Huomioithan, ett\u00e4 otamme hakemukset vastaan ainoastaan hakulomakkeen kautta. Emme valitettavasti k\u00e4sittele s\u00e4hk\u00f6postitse l\u00e4hetettyj\u00e4 hakemuksia.<\/p>\n<h3>Kes\u00e4ty\u00f6, pro gradu -tutkielma tai v\u00e4it\u00f6skirjaty\u00f6<\/h3>\n<p>Minervan tutkimuslaitos tarjoaa vuosittain mahdollisuuksia my\u00f6s uransa alussa oleville tutkijoille ja opiskelijoille. Rekrytoimme kes\u00e4ty\u00f6ntekij\u00f6it\u00e4 eri tutkimusryhmiimme, mutta avoimien paikkojen m\u00e4\u00e4r\u00e4 ja painopisteet vaihtelevat vuosittain.<\/p>\n<p>Minervassa on my\u00f6s mahdollista tehd\u00e4 pro gradu -tutkielma tai v\u00e4it\u00f6skirjaty\u00f6.<\/p>\n<h3>Tutkimusryhm\u00e4t<\/h3>\n<p>Minervan tutkimuslaitos koostuu kymmenest\u00e4 eri tutkimusryhm\u00e4st\u00e4, joiden tutkimusaiheet vaihtelevat aina syd\u00e4n- ja verisuonitautitutkimuksesta epigenomiikkaan. Voit tutustua tarkemmin eri tutkimusryhmiin ja niiden tutkimusaiheisiin Tutkimusryhm\u00e4t-sivulla.<\/p>\n<h3>Oletko kiinnostunut liittym\u00e4\u00e4n tutkijoidemme ammattitaitoiseen joukkoon?<\/h3>\n<p>T\u00e4yt\u00e4 alla oleva lomake ja m\u00e4\u00e4rittele selke\u00e4sti, oletko kiinnostunut vakituisesta tutkijan teht\u00e4v\u00e4st\u00e4\/kes\u00e4ty\u00f6paikasta\/v\u00e4it\u00f6skirjaty\u00f6st\u00e4\/pro gradu -tutkimuksen tekemisest\u00e4 tietyss\u00e4 tutkimusryhm\u00e4ss\u00e4 vai aiotko j\u00e4tt\u00e4\u00e4 meille avoimen hakemuksen.<\/p>\n<\/div><\/div><\/div><\/div><\/div><div class=\"fusion-fullwidth fullwidth-box fusion-builder-row-2 fusion-flex-container has-pattern-background has-mask-background nonhundred-percent-fullwidth non-hundred-percent-height-scrolling\" style=\"--awb-border-radius-top-left:0px;--awb-border-radius-top-right:0px;--awb-border-radius-bottom-right:0px;--awb-border-radius-bottom-left:0px;--awb-margin-top:30px;--awb-margin-top-medium:30px;--awb-margin-top-small:20px;--awb-flex-wrap:wrap;\" ><div class=\"fusion-builder-row fusion-row fusion-flex-align-items-flex-start fusion-flex-content-wrap\" style=\"max-width:1248px;margin-left: calc(-4% \/ 2 );margin-right: calc(-4% \/ 2 );\"><div class=\"fusion-layout-column fusion_builder_column fusion-builder-column-1 fusion_builder_column_3_4 3_4 fusion-flex-column\" style=\"--awb-bg-size:cover;--awb-width-large:75%;--awb-margin-top-large:0px;--awb-spacing-right-large:2.56%;--awb-margin-bottom-large:20px;--awb-spacing-left-large:2.56%;--awb-width-medium:80%;--awb-order-medium:0;--awb-spacing-right-medium:2.4%;--awb-spacing-left-medium:2.4%;--awb-width-small:100%;--awb-order-small:0;--awb-spacing-right-small:1.92%;--awb-spacing-left-small:1.92%;\" data-scroll-devices=\"small-visibility,medium-visibility,large-visibility\"><div class=\"fusion-column-wrapper fusion-column-has-shadow fusion-flex-justify-content-flex-start fusion-content-layout-column\"><div class=\"fusion-form fusion-form-builder fusion-form-form-wrapper fusion-form-2599\" style=\"--awb-tooltip-text-color:#ffffff;--awb-tooltip-background-color:#333333;--awb-form-border-color:var(--awb-color4);--awb-required-field-symbol-deco:none;\" data-form-id=\"2599\" data-config=\"{&quot;form_id&quot;:2599,&quot;form_post_id&quot;:2599,&quot;post_id&quot;:2603,&quot;form_type&quot;:&quot;ajax&quot;,&quot;confirmation_type&quot;:[&quot;message&quot;],&quot;redirect_url&quot;:&quot;&quot;,&quot;redirect_timeout&quot;:&quot;0&quot;,&quot;field_labels&quot;:{&quot;name&quot;:&quot;Nimi&quot;,&quot;email&quot;:&quot;S\\u00e4hk\\u00f6posti&quot;,&quot;phone_number&quot;:&quot;Puhelinnumero&quot;,&quot;application_choice&quot;:&quot;Valitse hakuasi koskeva vaihtoehto:&quot;,&quot;interest_group&quot;:&quot;Mist\\u00e4 tutkimusryhm\\u00e4st\\u00e4 olet kiinnostunut? (valitse yksi tai useampi)&quot;,&quot;introduction&quot;:&quot;Kerro lyhyesti itsest\\u00e4si ja miksi p\\u00e4\\u00e4tit hakea Minervan tutkimuslaitokseen.&quot;,&quot;previous_work_experience&quot;:&quot;Kerro aiemmasta ty\\u00f6kokemuksestasi \\\/ tutkijataustastasi \\\/ opinnoistasi.&quot;,&quot;store_information&quot;:&quot;Suostumus tietojen k\\u00e4sittelyyn&quot;},&quot;field_logics&quot;:{&quot;name&quot;:&quot;&quot;,&quot;email&quot;:&quot;&quot;,&quot;phone_number&quot;:&quot;&quot;,&quot;application_choice&quot;:&quot;&quot;,&quot;interest_group&quot;:&quot;&quot;,&quot;introduction&quot;:&quot;&quot;,&quot;previous_work_experience&quot;:&quot;&quot;,&quot;store_information&quot;:&quot;&quot;,&quot;submit_1&quot;:&quot;&quot;,&quot;notice_1&quot;:&quot;&quot;},&quot;field_types&quot;:{&quot;hypot_field&quot;:&quot;honeypot&quot;,&quot;name&quot;:&quot;text&quot;,&quot;email&quot;:&quot;email&quot;,&quot;phone_number&quot;:&quot;phone_number&quot;,&quot;application_choice&quot;:&quot;radio&quot;,&quot;interest_group&quot;:&quot;checkbox&quot;,&quot;introduction&quot;:&quot;textarea&quot;,&quot;previous_work_experience&quot;:&quot;textarea&quot;,&quot;store_information&quot;:&quot;consent&quot;,&quot;submit_1&quot;:&quot;submit&quot;,&quot;notice_1&quot;:&quot;notice&quot;},&quot;nonce_method&quot;:&quot;ajax&quot;,&quot;form_views&quot;:&quot;&quot;,&quot;form_views_counting&quot;:&quot;&quot;}\"><form action=\"https:\/\/minervainstitute.fi\/fi\/avoimet-tyopaikat\/\" method=\"post\" class=\"fusion-form fusion-form-2599\"><div class=\"fusion-fullwidth fullwidth-box fusion-builder-row-2-1 fusion-flex-container has-pattern-background has-mask-background nonhundred-percent-fullwidth non-hundred-percent-height-scrolling\" style=\"--awb-border-radius-top-left:0px;--awb-border-radius-top-right:0px;--awb-border-radius-bottom-right:0px;--awb-border-radius-bottom-left:0px;--awb-padding-top:20px;--awb-padding-right:30px;--awb-padding-bottom:20px;--awb-padding-left:30px;--awb-padding-top-medium:20px;--awb-padding-right-medium:30px;--awb-padding-bottom-medium:20px;--awb-padding-left-medium:30px;--awb-padding-top-small:20px;--awb-padding-right-small:30px;--awb-padding-bottom-small:20px;--awb-padding-left-small:30px;--awb-background-color:var(--awb-color3);--awb-flex-wrap:wrap;\" ><div class=\"fusion-builder-row fusion-row fusion-flex-align-items-flex-start fusion-flex-content-wrap\" style=\"width:104% !important;max-width:104% !important;margin-left: calc(-4% \/ 2 );margin-right: calc(-4% \/ 2 );\"><div class=\"fusion-layout-column fusion_builder_column fusion-builder-column-2 fusion_builder_column_1_1 1_1 fusion-flex-column\" style=\"--awb-bg-color:transparent;--awb-bg-color-hover:transparent;--awb-bg-size:cover;--awb-width-large:100%;--awb-flex-grow:0;--awb-flex-shrink:0;--awb-margin-top-large:0px;--awb-spacing-right-large:1.92%;--awb-margin-bottom-large:20px;--awb-spacing-left-large:1.92%;--awb-width-medium:100%;--awb-order-medium:0;--awb-flex-grow-medium:0;--awb-flex-shrink-medium:0;--awb-spacing-right-medium:1.92%;--awb-spacing-left-medium:1.92%;--awb-width-small:100%;--awb-order-small:0;--awb-flex-grow-small:0;--awb-flex-shrink-small:0;--awb-spacing-right-small:1.92%;--awb-spacing-left-small:1.92%;\" data-scroll-devices=\"small-visibility,medium-visibility,large-visibility\"><div class=\"fusion-column-wrapper fusion-column-has-shadow fusion-flex-justify-content-flex-start fusion-content-layout-column\"><div class=\"fusion-form-field fusion-form-honeypot-field fusion-form-label-above\" style=\"\" data-form-id=\"2599\"><input type=\"hidden\" tabindex=\"-1\" name=\"hypot_field\" class=\"fusion-form-input\" autocomplete=\"hypot-69d7fed344b43\" aria-hidden=\"true\" data-fusion-is-honeypot=\"true\"><\/div><div class=\"fusion-form-field fusion-form-text-field fusion-form-label-above\" style=\"\" data-form-id=\"2599\"><div class=\"fusion-form-label-wrapper\"><label for=\"name\">Nimi <abbr class=\"fusion-form-element-required\" title=\"required\">*<\/abbr><\/label><\/div><input type=\"text\" autocomplete=\"name\" name=\"name\" id=\"name\" value=\"\"  class=\"fusion-form-input\" required=\"true\" aria-required=\"true\" data-holds-private-data=\"false\" minlength=\"0\"\/><\/div><div class=\"fusion-form-field fusion-form-email-field fusion-form-label-above\" style=\"\" data-form-id=\"2599\"><div class=\"fusion-form-label-wrapper\"><label for=\"email\">S\u00e4hk\u00f6posti <abbr class=\"fusion-form-element-required\" title=\"required\">*<\/abbr><\/label><\/div><input type=\"email\" autocomplete=\"email\" name=\"email\" id=\"email\" value=\"\"  class=\"fusion-form-input\" required=\"true\" aria-required=\"true\" data-holds-private-data=\"false\"\/><\/div><div class=\"fusion-form-field fusion-form-phone-number-field fusion-form-label-above\" style=\"\" data-form-id=\"2599\"><div class=\"fusion-form-label-wrapper\"><label for=\"phone_number\">Puhelinnumero<\/label><\/div><input type=\"tel\" autocomplete=\"mobile\" name=\"phone_number\" id=\"phone_number\" value=\"\"  class=\"fusion-form-input\" data-holds-private-data=\"false\"\/><\/div><div class=\"fusion-form-field fusion-form-radio-field fusion-form-label-above\" style=\"\" data-form-id=\"2599\"><fieldset><legend class=\"fusion-form-label-wrapper\"><span class=\"label\">Valitse hakuasi koskeva vaihtoehto: <abbr class=\"fusion-form-element-required\" title=\"required\">*<\/abbr><\/span><\/legend><div class=\"fusion-form-radio\"><input tabindex=\"\" id=\"radio-application_choice-1-0\" type=\"radio\" value=\"Haen avoinna olevaa vakituista tutkijan paikkaa\" name=\"application_choice\" class=\"fusion-form-input\" required=\"true\" aria-required=\"true\" data-holds-private-data=\"false\"\/><label for=\"radio-application_choice-1-0\">Haen avoinna olevaa vakituista tutkijan paikkaa<\/label><\/div><div class=\"fusion-form-radio\"><input tabindex=\"\" id=\"radio-application_choice-1-1\" type=\"radio\" value=\"Haen kes\u00e4t\u00f6ihin Minervan tutkimuslaitokseen\" name=\"application_choice\" class=\"fusion-form-input\" required=\"true\" aria-required=\"true\" data-holds-private-data=\"false\"\/><label for=\"radio-application_choice-1-1\">Haen kes\u00e4t\u00f6ihin Minervan tutkimuslaitokseen<\/label><\/div><div class=\"fusion-form-radio\"><input tabindex=\"\" id=\"radio-application_choice-1-2\" type=\"radio\" value=\"Haen tekem\u00e4\u00e4n v\u00e4it\u00f6skirjaa Minervan tutkimuslaitokseen\" name=\"application_choice\" class=\"fusion-form-input\" required=\"true\" aria-required=\"true\" data-holds-private-data=\"false\"\/><label for=\"radio-application_choice-1-2\">Haen tekem\u00e4\u00e4n v\u00e4it\u00f6skirjaa Minervan tutkimuslaitokseen<\/label><\/div><div class=\"fusion-form-radio\"><input tabindex=\"\" id=\"radio-application_choice-1-3\" type=\"radio\" value=\"Haen pro gradu -tutkijaksi Minervan tutkimuslaitokseen\" name=\"application_choice\" class=\"fusion-form-input\" required=\"true\" aria-required=\"true\" data-holds-private-data=\"false\"\/><label for=\"radio-application_choice-1-3\">Haen pro gradu -tutkijaksi Minervan tutkimuslaitokseen<\/label><\/div><div class=\"fusion-form-radio\"><input tabindex=\"\" id=\"radio-application_choice-1-4\" type=\"radio\" value=\"J\u00e4t\u00e4n avoimen hakemuksen\" name=\"application_choice\" class=\"fusion-form-input\" required=\"true\" aria-required=\"true\" data-holds-private-data=\"false\"\/><label for=\"radio-application_choice-1-4\">J\u00e4t\u00e4n avoimen hakemuksen<\/label><\/div><\/fieldset><\/div><div class=\"fusion-form-field fusion-form-checkbox-field fusion-form-label-above\" style=\"\" data-form-id=\"2599\"><fieldset data-awb-fieldset-min-required=\"1\" data-awb-fieldset-max-required=\"0\" data-awb-fieldset-error=\"Please select at least 1 checkbox from this field.\"><legend class=\"fusion-form-label-wrapper\"><span class=\"label\">Mist\u00e4 tutkimusryhm\u00e4st\u00e4 olet kiinnostunut? (valitse yksi tai useampi) <abbr class=\"fusion-form-element-required\" title=\"Please select at least 1 checkbox from this field.\">*<\/abbr><\/span><\/legend><div class=\"fusion-form-checkbox\"><input tabindex=\"\" id=\"checkbox-interest_group-1-0\" type=\"checkbox\" value=\"Syd\u00e4n- ja munuaissairaudet diabeteksessa\" name=\"interest_group[]\" class=\"fusion-form-input\" data-holds-private-data=\"false\"\/><label for=\"checkbox-interest_group-1-0\">Syd\u00e4n- ja munuaissairaudet diabeteksessa<\/label><\/div><div class=\"fusion-form-checkbox\"><input tabindex=\"\" id=\"checkbox-interest_group-1-1\" type=\"checkbox\" value=\"Lasten ja nuorten syd\u00e4n- ja verisuonitaudit\" name=\"interest_group[]\" class=\"fusion-form-input\" data-holds-private-data=\"false\"\/><label for=\"checkbox-interest_group-1-1\">Lasten ja nuorten syd\u00e4n- ja verisuonitaudit<\/label><\/div><div class=\"fusion-form-checkbox\"><input tabindex=\"\" id=\"checkbox-interest_group-1-2\" type=\"checkbox\" value=\"Syd\u00e4n- ja verisuonitutkimus\" name=\"interest_group[]\" class=\"fusion-form-input\" data-holds-private-data=\"false\"\/><label for=\"checkbox-interest_group-1-2\">Syd\u00e4n- ja verisuonitutkimus<\/label><\/div><div class=\"fusion-form-checkbox\"><input tabindex=\"\" id=\"checkbox-interest_group-1-3\" type=\"checkbox\" value=\"Hermosolututkimus\" name=\"interest_group[]\" class=\"fusion-form-input\" data-holds-private-data=\"false\"\/><label for=\"checkbox-interest_group-1-3\">Hermosolututkimus<\/label><\/div><div class=\"fusion-form-checkbox\"><input tabindex=\"\" id=\"checkbox-interest_group-1-4\" type=\"checkbox\" value=\"Monitekij\u00e4isten ominaisuuksien epigenomiikka\" name=\"interest_group[]\" class=\"fusion-form-input\" data-holds-private-data=\"false\"\/><label for=\"checkbox-interest_group-1-4\">Monitekij\u00e4isten ominaisuuksien epigenomiikka<\/label><\/div><div class=\"fusion-form-checkbox\"><input tabindex=\"\" id=\"checkbox-interest_group-1-5\" type=\"checkbox\" value=\"Rasvamaksasairaus ja diabetes\" name=\"interest_group[]\" class=\"fusion-form-input\" data-holds-private-data=\"false\"\/><label for=\"checkbox-interest_group-1-5\">Rasvamaksasairaus ja diabetes<\/label><\/div><div class=\"fusion-form-checkbox\"><input tabindex=\"\" id=\"checkbox-interest_group-1-6\" type=\"checkbox\" value=\"Rasvasignalointi ja -homeostasia\" name=\"interest_group[]\" class=\"fusion-form-input\" data-holds-private-data=\"false\"\/><label for=\"checkbox-interest_group-1-6\">Rasvasignalointi ja -homeostasia<\/label><\/div><div class=\"fusion-form-checkbox\"><input tabindex=\"\" id=\"checkbox-interest_group-1-7\" type=\"checkbox\" value=\"Membraanibiologia\" name=\"interest_group[]\" class=\"fusion-form-input\" data-holds-private-data=\"false\"\/><label for=\"checkbox-interest_group-1-7\">Membraanibiologia<\/label><\/div><div class=\"fusion-form-checkbox\"><input tabindex=\"\" id=\"checkbox-interest_group-1-8\" type=\"checkbox\" value=\"Aineenvaihdunta\" name=\"interest_group[]\" class=\"fusion-form-input\" data-holds-private-data=\"false\"\/><label for=\"checkbox-interest_group-1-8\">Aineenvaihdunta<\/label><\/div><div class=\"fusion-form-checkbox\"><input tabindex=\"\" id=\"checkbox-interest_group-1-9\" type=\"checkbox\" value=\"Assosioitu ryhm\u00e4: Neuronaalinen signalointi\" name=\"interest_group[]\" class=\"fusion-form-input\" data-holds-private-data=\"false\"\/><label for=\"checkbox-interest_group-1-9\">Assosioitu ryhm\u00e4: Neuronaalinen signalointi<\/label><\/div><div class=\"fusion-form-checkbox\"><input tabindex=\"\" id=\"checkbox-interest_group-1-10\" type=\"checkbox\" value=\"Kaikki tutkimusryhm\u00e4t\" name=\"interest_group[]\" class=\"fusion-form-input\" data-holds-private-data=\"false\"\/><label for=\"checkbox-interest_group-1-10\">Kaikki tutkimusryhm\u00e4t<\/label><\/div><\/fieldset><\/div><div class=\"fusion-form-field fusion-form-textarea-field fusion-form-label-above\" style=\"\" data-form-id=\"2599\"><label for=\"introduction\">Kerro lyhyesti itsest\u00e4si ja miksi p\u00e4\u00e4tit hakea Minervan tutkimuslaitokseen. <abbr class=\"fusion-form-element-required\" title=\"required\">*<\/abbr><\/label><textarea cols=\"40\" autocomplete=\"off\"  minlength=\"0\"  rows=\"3\" tabindex=\"\" id=\"introduction\" name=\"introduction\" class=\"fusion-form-input\" required=\"true\" aria-required=\"true\" data-holds-private-data=\"false\"><\/textarea><\/div><div class=\"fusion-form-field fusion-form-textarea-field fusion-form-label-above\" style=\"\" data-form-id=\"2599\"><label for=\"previous_work_experience\">Kerro aiemmasta ty\u00f6kokemuksestasi \/ tutkijataustastasi \/ opinnoistasi. <abbr class=\"fusion-form-element-required\" title=\"required\">*<\/abbr><\/label><textarea cols=\"40\" autocomplete=\"off\"  minlength=\"0\"  rows=\"3\" tabindex=\"\" id=\"previous_work_experience\" name=\"previous_work_experience\" class=\"fusion-form-input\" required=\"true\" aria-required=\"true\" data-holds-private-data=\"false\"><\/textarea><\/div><div class=\"fusion-form-field fusion-form-consent-field fusion-form-label-above\" style=\"\" data-form-id=\"2599\"><div class=\"fusion-form-label-wrapper\"><label for=\"store_information\">Suostumus tietojen k\u00e4sittelyyn <abbr class=\"fusion-form-element-required\" title=\"required\">*<\/abbr><\/label><\/div><div class=\"fusion-form-checkbox option-inline\"><input tabindex=\"\" id=\"store_information\" type=\"checkbox\" value=\"1\" name=\"store_information\" class=\"fusion-form-input\" required=\"true\" aria-required=\"true\"\/><label for=\"store_information\">Hyv\u00e4ksyn, ett\u00e4 tietojani k\u00e4sitell\u00e4\u00e4n <a href=\"https:\/\/minervainstitute.fi\/fi\/tietosuojaseloste\/\" target=\"_blank\">tietosuojaselosteen<\/a> mukaisesti.<\/label><\/div><\/div><div class=\"fusion-form-field fusion-form-submit-field fusion-form-label-above\" style=\"\" data-form-id=\"2599\"><div ><button type=\"submit\" class=\"fusion-button button-flat fusion-button-default-size button-default fusion-button-default button-1 fusion-button-default-span  button-default form-form-submit\" data-form-number=\"2599\" tabindex=\"\"><span class=\"fusion-button-text awb-button__text awb-button__text--default\">L\u00e4het\u00e4 hakemus<\/span><\/button><\/div><\/div><div class=\"form-submission-notices data-notice_1\" id=\"fusion-notices-1\"><div class=\"fusion-alert alert success alert-success fusion-alert-center fusion-form-response fusion-form-response-success awb-alert-native-link-color alert-dismissable awb-alert-close-boxed\" role=\"alert\"><div class=\"fusion-alert-content-wrapper\"><span class=\"alert-icon\"><i class=\"awb-icon-check-circle\" aria-hidden=\"true\"><\/i><\/span><span class=\"fusion-alert-content\">Kiitos hakemuksestasi! Olemme vastaanottaneet tietosi onnistuneesti.<\/span><\/div><button type=\"button\" class=\"close toggle-alert\" data-dismiss=\"alert\" aria-label=\"Close\">&times;<\/button><\/div><div class=\"fusion-alert alert error alert-danger fusion-alert-center fusion-form-response fusion-form-response-error awb-alert-native-link-color alert-dismissable awb-alert-close-boxed\" role=\"alert\"><div class=\"fusion-alert-content-wrapper\"><span class=\"alert-icon\"><i class=\"awb-icon-exclamation-triangle\" aria-hidden=\"true\"><\/i><\/span><span class=\"fusion-alert-content\">Hakemuksen l\u00e4hetyksess\u00e4 tapahtui virhe. Yrit\u00e4 hetken kuluttua uudelleen.<\/span><\/div><button type=\"button\" class=\"close toggle-alert\" data-dismiss=\"alert\" aria-label=\"Close\">&times;<\/button><\/div><\/div><\/div><\/div><\/div><\/div><input type=\"hidden\" name=\"fusion_privacy_store_ip_ua\" value=\"false\"><input type=\"hidden\" name=\"fusion_privacy_expiration_interval\" value=\"48\"><input type=\"hidden\" name=\"privacy_expiration_action\" value=\"anonymize\"><\/form><\/div><\/div><\/div><\/div><\/div><\/p>\n","protected":false},"excerpt":{"rendered":"","protected":false},"author":7,"featured_media":0,"parent":0,"menu_order":0,"comment_status":"closed","ping_status":"closed","template":"100-width.php","meta":{"footnotes":""},"class_list":["post-2603","page","type-page","status-publish","hentry"],"_links":{"self":[{"href":"https:\/\/minervainstitute.fi\/fi\/wp-json\/wp\/v2\/pages\/2603","targetHints":{"allow":["GET"]}}],"collection":[{"href":"https:\/\/minervainstitute.fi\/fi\/wp-json\/wp\/v2\/pages"}],"about":[{"href":"https:\/\/minervainstitute.fi\/fi\/wp-json\/wp\/v2\/types\/page"}],"author":[{"embeddable":true,"href":"https:\/\/minervainstitute.fi\/fi\/wp-json\/wp\/v2\/users\/7"}],"replies":[{"embeddable":true,"href":"https:\/\/minervainstitute.fi\/fi\/wp-json\/wp\/v2\/comments?post=2603"}],"version-history":[{"count":2,"href":"https:\/\/minervainstitute.fi\/fi\/wp-json\/wp\/v2\/pages\/2603\/revisions"}],"predecessor-version":[{"id":2605,"href":"https:\/\/minervainstitute.fi\/fi\/wp-json\/wp\/v2\/pages\/2603\/revisions\/2605"}],"wp:attachment":[{"href":"https:\/\/minervainstitute.fi\/fi\/wp-json\/wp\/v2\/media?parent=2603"}],"curies":[{"name":"wp","href":"https:\/\/api.w.org\/{rel}","templated":true}]}}