{"id":2305,"date":"2025-09-15T12:50:32","date_gmt":"2025-09-15T12:50:32","guid":{"rendered":"https:\/\/minervainstitute.fi\/?page_id=2305"},"modified":"2026-03-24T14:07:02","modified_gmt":"2026-03-24T14:07:02","slug":"tietosuojaseloste","status":"publish","type":"page","link":"https:\/\/minervainstitute.fi\/fi\/tietosuojaseloste\/","title":{"rendered":"Tietosuojaseloste"},"content":{"rendered":"<p><div class=\"fusion-fullwidth fullwidth-box fusion-builder-row-1 fusion-flex-container nonhundred-percent-fullwidth non-hundred-percent-height-scrolling\" style=\"--awb-border-radius-top-left:0px;--awb-border-radius-top-right:0px;--awb-border-radius-bottom-right:0px;--awb-border-radius-bottom-left:0px;--awb-flex-wrap:wrap;\" ><div class=\"fusion-builder-row fusion-row fusion-flex-align-items-flex-start fusion-flex-content-wrap\" style=\"max-width:1248px;margin-left: calc(-4% \/ 2 );margin-right: calc(-4% \/ 2 );\"><div class=\"fusion-layout-column fusion_builder_column fusion-builder-column-0 fusion_builder_column_1_3 1_3 fusion-flex-column\" style=\"--awb-bg-size:cover;--awb-width-large:33.333333333333%;--awb-margin-top-large:0px;--awb-spacing-right-large:5.76%;--awb-margin-bottom-large:20px;--awb-spacing-left-large:5.76%;--awb-width-medium:33.333333333333%;--awb-order-medium:0;--awb-spacing-right-medium:5.76%;--awb-spacing-left-medium:5.76%;--awb-width-small:100%;--awb-order-small:0;--awb-spacing-right-small:1.92%;--awb-spacing-left-small:1.92%;\"><div class=\"fusion-column-wrapper fusion-column-has-shadow fusion-flex-justify-content-flex-start fusion-content-layout-column\"><div class=\"fusion-text fusion-text-1\"><h1>Tietosuojaseloste<\/h1>\n<\/div><div class=\"fusion-separator\" style=\"align-self: flex-start;margin-right:auto;margin-top:10px;margin-bottom:20px;width:100%;max-width:90%;\"><div class=\"fusion-separator-border sep-single sep-solid\" style=\"--awb-height:20px;--awb-amount:20px;--awb-sep-color:var(--awb-color6);border-color:var(--awb-color6);border-top-width:3px;\"><\/div><\/div><\/div><\/div><\/div><\/div><div class=\"fusion-fullwidth fullwidth-box fusion-builder-row-2 fusion-flex-container has-pattern-background has-mask-background nonhundred-percent-fullwidth non-hundred-percent-height-scrolling\" style=\"--awb-border-radius-top-left:0px;--awb-border-radius-top-right:0px;--awb-border-radius-bottom-right:0px;--awb-border-radius-bottom-left:0px;--awb-flex-wrap:wrap;\" ><div class=\"fusion-builder-row fusion-row fusion-flex-align-items-flex-start fusion-flex-content-wrap\" style=\"max-width:1248px;margin-left: calc(-4% \/ 2 );margin-right: calc(-4% \/ 2 );\"><div class=\"fusion-layout-column fusion_builder_column fusion-builder-column-1 fusion_builder_column_1_1 1_1 fusion-flex-column\" style=\"--awb-bg-size:cover;--awb-width-large:100%;--awb-margin-top-large:0px;--awb-spacing-right-large:1.92%;--awb-margin-bottom-large:20px;--awb-spacing-left-large:1.92%;--awb-width-medium:100%;--awb-order-medium:0;--awb-spacing-right-medium:1.92%;--awb-spacing-left-medium:1.92%;--awb-width-small:100%;--awb-order-small:0;--awb-spacing-right-small:1.92%;--awb-spacing-left-small:1.92%;\"><div class=\"fusion-column-wrapper fusion-column-has-shadow fusion-flex-justify-content-flex-start fusion-content-layout-column\"><div class=\"fusion-text fusion-text-2\" style=\"--awb-max-width:65ch;\"><h3 class=\"p1\">Rekisterin nimi<b><\/b><\/h3>\n<p class=\"p1\">Minervas\u00e4\u00e4ti\u00f6 sr &amp; L\u00e4\u00e4ketieteellinen tutkimuslaitos Minervan j\u00e4rjest\u00e4m\u00e4t tapahtumat<\/p>\n<p class=\"p1\">Minervas\u00e4\u00e4ti\u00f6 sr &amp; L\u00e4\u00e4ketieteellinen tutkimuslaitos Minervalle l\u00e4hetyt ty\u00f6hakemukset<\/p>\n<h3 class=\"p1\">Rekisterinpit\u00e4j\u00e4<b><\/b><\/h3>\n<p class=\"p1\">Minervas\u00e4\u00e4ti\u00f6 sr &amp; L\u00e4\u00e4ketieteellinen tutkimuslaitos Minerva<br \/>\nY-tunnus: 0127208-3<br \/>\nTukholmankatu 8<br \/>\nFI-00290 Helsinki<\/p>\n<h3 class=\"p1\">Yhteyshenkil\u00f6t rekisteriin liittyviss\u00e4 kysymyksiss\u00e4\u00a0<b><\/b><\/h3>\n<p class=\"p1\">Cia Olsson<br \/>\ncia.olsson@minervainstitute.fi<\/p>\n<h2 class=\"p2\">Rekisterin tarkoitus (oikeutettu etu)<\/h2>\n<p class=\"p1\">Henkil\u00f6tietoja k\u00e4sitell\u00e4\u00e4n rekisterinpit\u00e4j\u00e4n oikeutetun edun perusteella tapahtumailmoittautumisen ja l\u00e4hetetyn ty\u00f6hakemuksen perusteella.<\/p>\n<h3 class=\"p1\">Henkil\u00f6tietojen k\u00e4sittelyn tarkoitus<b><\/b><\/h3>\n<p class=\"p1\">Osallistujista ker\u00e4t\u00e4\u00e4n tarvittavat henkil\u00f6tiedot tapahtuman j\u00e4rjest\u00e4miseksi sek\u00e4 tapahtumasta tiedottamiseksi. Ty\u00f6nhakijoilta ker\u00e4t\u00e4\u00e4n tarvittavat henkil\u00f6tiedot ty\u00f6hakemusten vastaanottamiseen ja k\u00e4sittelyyn.<\/p>\n<p class=\"p1\">Henkil\u00f6tietoja k\u00e4sitell\u00e4\u00e4n vain ennalta m\u00e4\u00e4riteltyihin tarkoituksiin, jotka ovat seuraavat:<\/p>\n<ul class=\"ul1\">\n<li class=\"li3\">Tapahtuman j\u00e4rjest\u00e4minen ja erityistarpeiden huomioiminen<\/li>\n<li class=\"li3\">Tapahtumasta kertominen ja tiedottaminen<\/li>\n<li class=\"li3\">Tapahtuman laskuttaminen<\/li>\n<li class=\"li3\">Tapahtuman palautteen ker\u00e4\u00e4minen<\/li>\n<li class=\"li3\">Vastaavien tapahtumien markkinointi<\/li>\n<\/ul>\n<h3 class=\"p1\">Kuvaaminen tapahtumissa<b><\/b><\/h3>\n<p class=\"p1\">Minervas\u00e4\u00e4ti\u00f6n ja L\u00e4\u00e4ketieteellinen tutkimuslaitos Minervan tapahtumissa voidaan ottaa valokuvia ja\/tai videokuvaa. Kuvia\/videoita voidaan julkaista Minervas\u00e4\u00e4ti\u00f6n\/L\u00e4\u00e4ketieteellinen tutkimuslaitos Minervan verkkosivuilla, sosiaalisen median tileill\u00e4 tai muissa s\u00e4\u00e4ti\u00f6\u00f6n\/tutkimuslaitokseen liittyviss\u00e4 julkaisuissa. Kuvattua materiaalia ei k\u00e4ytet\u00e4 kaupallisiin tarkoituksiin eik\u00e4 sit\u00e4 luovuteta kolmansille osapuolille.<\/p>\n<p class=\"p1\">Kuvattavalla henkil\u00f6ll\u00e4 on oikeus kielt\u00e4\u00e4 h\u00e4nt\u00e4 koskevan kuvamateriaalin k\u00e4ytt\u00f6 Minervas\u00e4\u00e4ti\u00f6n\/L\u00e4\u00e4ketieteellinen tutkimuslaitos Minervan verkkosivuilla, sosiaalisen median tileill\u00e4 tai muissa s\u00e4\u00e4ti\u00f6n\/tutkimuslaitokseen julkaisuissa. Kielto voidaan esitt\u00e4\u00e4 ottamalla yhteytt\u00e4 tapahtuman yhteyshenkil\u00f6\u00f6n tai ilmoittamalla asiasta ilmoittautumisen yhteydess\u00e4 valitsemalla vaihtoehto, jonka mukaan ei halua tulla valokuvatuksi.<\/p>\n<h2 class=\"p2\">Mit\u00e4 tietoja k\u00e4sitell\u00e4\u00e4n?<\/h2>\n<p class=\"p1\">Tiedot ker\u00e4t\u00e4\u00e4n henkil\u00f6lt\u00e4 itselt\u00e4\u00e4n tapahtumaan ilmoittautumisen yhteydess\u00e4. N\u00e4it\u00e4 tietoja ovat nimi, s\u00e4hk\u00f6postiosoite, organisaatio ja erikoisruokavalio sek\u00e4 tapahtumaan osallistumistiedot. Kysytt\u00e4v\u00e4t tiedot voivat vaihdella riippuen tapahtumasta, kuitenkin vain v\u00e4ltt\u00e4m\u00e4tt\u00f6m\u00e4t ja tarpeelliset tiedot ker\u00e4t\u00e4\u00e4n.\u00a0 Tiedot ker\u00e4t\u00e4\u00e4n suoraan ilmoittautumisen yhteydess\u00e4 tapahtumakohtaisten lomakkeiden kautta. My\u00f6s s\u00e4hk\u00f6postitse, puhelimitse tai tapaamisessa ilmoittamiasi tietoja voidaan tallentaa, mik\u00e4li niill\u00e4 on vaikutusta j\u00e4rjestelyihin.<\/p>\n<p class=\"p1\">Ty\u00f6nhakutiedot ker\u00e4t\u00e4\u00e4n, kun henkil\u00f6 l\u00e4hett\u00e4\u00e4 ty\u00f6hakemuksensa verkkosivustomme kautta. Tiedot sis\u00e4lt\u00e4v\u00e4t nimen, s\u00e4hk\u00f6postiosoitteen sek\u00e4 hakijan itse ilmoittamat taustatiedot, kuten koulutus- ja ty\u00f6historian. Ker\u00e4\u00e4mme vain tarpeellisia tietoja. My\u00f6s s\u00e4hk\u00f6postitse, puhelimitse tai henkil\u00f6kohtaisesti annettuja tietoja voidaan tallentaa, mik\u00e4li ne ovat hakuprosessin kannalta merkityksellisi\u00e4.<\/p>\n<h3 class=\"p1\">S\u00e4ilytysajat<\/h3>\n<p class=\"p1\">Ilmoittautumistiedot s\u00e4ilytet\u00e4\u00e4n kahden vuoden ajan. Kontaktitietoja voidaan k\u00e4ytt\u00e4\u00e4 tulevien saman alan tapahtumatiedotteiden l\u00e4hett\u00e4miseen tapahtuman p\u00e4\u00e4ttymisen j\u00e4lkeen.<b>\u00a0<\/b><b><\/b><\/p>\n<h3 class=\"p1\">Kenelle luovutamme tietojasi?<b><\/b><\/h3>\n<p class=\"p1\">Voimme ulkoistaa henkil\u00f6tietojen k\u00e4sittelyn osittain kolmannelle osapuolelle, kuten tapahtumanj\u00e4rjest\u00e4jille, jolloin takaamme sopimusj\u00e4rjestelyin, ett\u00e4 henkil\u00f6tietoja k\u00e4sitell\u00e4\u00e4n tietosuojalains\u00e4\u00e4d\u00e4nn\u00f6n mukaisesti ja muutoin asianmukaisesti. Kolmansia osapuolia voivat olla esim. tapahtuman tiloista, turvallisuudesta tai tarjoilusta vastaava taho.<\/p>\n<h3 class=\"p1\">Tietojen luovuttaminen Euroopan unionin (EU) tai Euroopan talousalueen (ETA) ulkopuolelle<\/h3>\n<p class=\"p1\">Tietoja ei luovuteta Euroopan unionin tai Euroopan talousalueen ulkopuolisille maille.<\/p>\n<h2 class=\"p2\">Oikeus omien tietojen tarkistamiseen<\/h2>\n<ul class=\"ul1\">\n<li class=\"li3\">Jokaisella on oikeus tarkistaa, onko heist\u00e4 tietoja Minervas\u00e4\u00e4ti\u00f6n\/L\u00e4\u00e4ketieteellinen tutkimuslaitos Minervan rekisteriss\u00e4.<\/li>\n<li class=\"li3\">Pyynt\u00f6 saada tiedot tulee tehd\u00e4 kirjallisesti ja sen tulee olla tietoja pyyt\u00e4v\u00e4n henkil\u00f6n allekirjoittama.<\/li>\n<li class=\"li3\">Rekisterinpit\u00e4j\u00e4ll\u00e4 on oikeus pyyt\u00e4\u00e4 pyynn\u00f6n j\u00e4tt\u00e4nytt\u00e4 henkil\u00f6\u00e4 todistamaan henkil\u00f6llisyytens\u00e4.<\/li>\n<li class=\"li3\">Pyynt\u00f6\u00f6n vastataan kuukauden sis\u00e4ll\u00e4 sen esitt\u00e4misest\u00e4.<\/li>\n<li class=\"li3\">Pyynt\u00f6 l\u00e4hetet\u00e4\u00e4n Cia Olssonille (cia.olsson@minervainstitute.fi) tai postitse osoitteeseen: L\u00e4\u00e4ketieteellinen tutkimuslaitos Minerva, Tukholmankatu 8, 00290 Helsinki. Pyyd\u00e4mme yst\u00e4v\u00e4llisesti merkitsem\u00e4\u00e4n kirjeeseen tai viestiin: &#8221;Pyynt\u00f6 henkil\u00f6tietorekisterin tietojen tarkistamisesta\u201d.<\/li>\n<\/ul>\n<h3 class=\"p1\">Oikeus vaatia tietojen oikaisemista<\/h3>\n<p class=\"p1\">Rekisteriss\u00e4 olevat virheelliset tiedot oikaistaan rekister\u00f6idyn nimenomaisesta pyynn\u00f6st\u00e4.<\/p>\n<h3 class=\"p1\">Oikeus vaatia tietojen poistamista<b><\/b><\/h3>\n<p class=\"p1\">Rekister\u00f6idyll\u00e4 on oikeus vaatia henkil\u00f6tietojen poistamista, jos:<\/p>\n<ul class=\"ul1\">\n<li class=\"li3\">H\u00e4n vastustaa k\u00e4sittely\u00e4 eik\u00e4 tietojen k\u00e4sittelyyn ole oikeutettua tai oikeudellista perustetta jatkossa.<\/li>\n<li class=\"li3\">Tietojen k\u00e4sittely on lainvastaista.<\/li>\n<\/ul>\n<h3 class=\"p1\">Oikeus tietojen siirt\u00e4miseen<\/h3>\n<p class=\"p1\">Rekister\u00f6idyll\u00e4 ei ole oikeutta saada tietojaan siirretyksi toiselle rekisterinpit\u00e4j\u00e4lle.<\/p>\n<h3 class=\"p1\">Valitusoikeus<b><\/b><\/h3>\n<p class=\"p1\">Rekister\u00f6idyll\u00e4 on oikeus tehd\u00e4 valitus valvontaviranomaiselle, jos h\u00e4n katsoo, ett\u00e4 henkil\u00f6tietojen k\u00e4sittely on EU:n tietosuoja-asetuksen vastaista.<\/p>\n<p class=\"p2\"><b>\u00a0<\/b><\/p>\n<\/div><\/div><\/div><\/div><\/div><\/p>\n","protected":false},"excerpt":{"rendered":"","protected":false},"author":5,"featured_media":0,"parent":0,"menu_order":0,"comment_status":"closed","ping_status":"closed","template":"100-width.php","meta":{"footnotes":""},"class_list":["post-2305","page","type-page","status-publish","hentry"],"_links":{"self":[{"href":"https:\/\/minervainstitute.fi\/fi\/wp-json\/wp\/v2\/pages\/2305","targetHints":{"allow":["GET"]}}],"collection":[{"href":"https:\/\/minervainstitute.fi\/fi\/wp-json\/wp\/v2\/pages"}],"about":[{"href":"https:\/\/minervainstitute.fi\/fi\/wp-json\/wp\/v2\/types\/page"}],"author":[{"embeddable":true,"href":"https:\/\/minervainstitute.fi\/fi\/wp-json\/wp\/v2\/users\/5"}],"replies":[{"embeddable":true,"href":"https:\/\/minervainstitute.fi\/fi\/wp-json\/wp\/v2\/comments?post=2305"}],"version-history":[{"count":7,"href":"https:\/\/minervainstitute.fi\/fi\/wp-json\/wp\/v2\/pages\/2305\/revisions"}],"predecessor-version":[{"id":2598,"href":"https:\/\/minervainstitute.fi\/fi\/wp-json\/wp\/v2\/pages\/2305\/revisions\/2598"}],"wp:attachment":[{"href":"https:\/\/minervainstitute.fi\/fi\/wp-json\/wp\/v2\/media?parent=2305"}],"curies":[{"name":"wp","href":"https:\/\/api.w.org\/{rel}","templated":true}]}}